{"id":1084,"date":"2021-01-05T10:09:41","date_gmt":"2021-01-05T09:09:41","guid":{"rendered":"https:\/\/www.lebenswelt-schule.de\/?page_id=1084"},"modified":"2022-05-13T10:47:46","modified_gmt":"2022-05-13T08:47:46","slug":"freiwilligendienste","status":"publish","type":"page","link":"https:\/\/www.lebenswelt-schule.de\/index.php\/lebenswelt-team\/freiwilligendienste\/","title":{"rendered":"Freiwilligendienste"},"content":{"rendered":"\n<h1 class=\"wp-block-heading\"><span style=\"color:#ea250b\" class=\"has-inline-color\">Freiwilliges Soziales Jahr und Bundesfreiwilligendienst an der Lebenswelt Grundschule Zwenkau<\/span><\/h1>\n\n\n\n<p>Wir sind eine staatlich anerkannte, christliche Montessori &#8211; Grundschule in Zwenkau, mit Integrationsstatus. Unsere Schule unterbreitet den Eltern ein Ganztagsangebot zur Betreuung und Begleitung ihrer Kinder in Schule und Hort auf der rechtlichen Grundlage des Kinder- und Jugendhilfegesetzes. Die Montessorip\u00e4dagogik ist gekennzeichnet durch ihr interessengeleitetes, eigenst\u00e4ndiges Lernen mit Hilfe von Montessorimaterialien in einer vorbereiteten Umgebung.<\/p>\n\n\n\n<h2 class=\"wp-block-heading\"><span style=\"color:#ea250b\" class=\"has-inline-color\">Voraussetzung f\u00fcr die Arbeit in unserem Haus:<\/span><\/h2>\n\n\n\n<p>ist die Bereitschaft zur Arbeit mit Kindern im Grundschulalter. Es ist erforderlich, sich auf die Lebens \u2013 und Lernsituation der Kinder einzulassen und sie beim Lernen und Spielen zu begleiten, zu f\u00f6rdern und zu unterst\u00fctzen. Es ist wichtig, ein(e) zuverl\u00e4ssige(r) und sensible(r) Ansprechpartner(in) f\u00fcr die Kinder zu sein und sich auf die altersspezifischen Besonderheiten der Kinder einlassen zu k\u00f6nnen.<\/p>\n\n\n\n<h2 class=\"wp-block-heading\"><span style=\"color:#ea250b\" class=\"has-inline-color\">Was bieten wir Ihnen:<\/span><\/h2>\n\n\n\n<ul class=\"wp-block-list\"><li>verschiedene Einsatzm\u00f6glichkeiten in Schule, Hort und im hauswirtschaftlichen Bereich&nbsp;&nbsp;<\/li><li>die M\u00f6glichkeit zur Berufsorientierung im p\u00e4dagogischen und sozialp\u00e4dagogischen Bereich<\/li><li>verantwortungsvolle und abwechslungsreiche T\u00e4tigkeiten<\/li><li>fachliche Unterst\u00fctzung und regelm\u00e4\u00dfige Reflexion<\/li><li>Teilnahme an Teamberatungen und Mitwirkung an Entscheidungsprozessen<\/li><li>\u00dcbernahme eigenst\u00e4ndiger Verantwortungsbereiche mit fachlicher Unterst\u00fctzung<\/li><\/ul>\n\n\n\n<h2 class=\"wp-block-heading\"><span style=\"color:#ea250b\" class=\"has-inline-color\">Im schulischen Bereich vorgesehene T\u00e4tigkeiten:<\/span><\/h2>\n\n\n\n<ul class=\"wp-block-list\"><li>Begleitung und Unterst\u00fctzung der Kinder w\u00e4hrend der Freiarbeit<\/li><li>Begleitung der Kinder in den Pausen<\/li><li>Begleitung auf Ausfl\u00fcgen und Klassenfahrten<\/li><li>Materialarbeit f\u00fcr Freiarbeit und Projekte<\/li><\/ul>\n\n\n\n<h2 class=\"wp-block-heading\"><span style=\"color:#ea250b\" class=\"has-inline-color\">Im Hortbereich vorgesehene T\u00e4tigkeiten:<\/span><\/h2>\n\n\n\n<ul class=\"wp-block-list\"><li>Begleitung der Kinder in der Hortzeit und bei Spielangeboten<\/li><li>Initiierung und Unterbreitung eigener Angebote und Projekte, orientiert am Bedarf der Kinder<\/li><li>Unterst\u00fctzung und Mitarbeit bei Nachmittagsangeboten (Holzwerken, Druckerei, Tanzen \u2026 eigene Ideen)<\/li><li>Mitgestaltung des Ferienprogramms<\/li><li>Unterst\u00fctzung der Viertkl\u00e4ssler bei ihrem Radtourprojekt<\/li><li>Materialarbeit f\u00fcr Projekte und Angebote<\/li><\/ul>\n\n\n\n<h2 class=\"wp-block-heading\"><span style=\"color:#ea250b\" class=\"has-inline-color\">Im hauswirtschaftlichen Bereich:<\/span><\/h2>\n\n\n\n<ul class=\"wp-block-list\"><li>leichte Reinigungsarbeiten (Staub wischen)<\/li><li>Vorbereitung der Obstmahlzeit<\/li><li>Gie\u00dfen im Au\u00dfengel\u00e4nde<\/li><\/ul>\n\n\n\n<p>Die w\u00f6chentliche Arbeitszeit betr\u00e4gt 39 Stunden, auch in den Ferien. Der Urlaubsanspruch leitet sich aus den Regelungen des Bundesurlaubsgesetzes ab.<\/p>\n\n\n\n<p>Ihre Ansprechpartnerinnen sind: Anja Wilzki (Schule) und Katja Wagner (Hort) zu erreichen unter: 034203 \u2013 442150 oder unter <a href=\"mailto:anja.wilzki@lebenswelt-schule.de\">info<\/a><a href=\"mailto:info@lebenswelt-schule.de\">@lebenswelt-schule.de<\/a><\/p>\n\n\n\n<h2 class=\"wp-block-heading\"><span style=\"color:#ea250b\" class=\"has-inline-color\">Organisation des Freiwilligendienstes:<\/span><\/h2>\n\n\n\n<p>Das Kinder- und Jugendwerk Ost, Referat Freiwilligendienste der Evangelisch-methodistischen Kirche in der Paul-Gruner-Str. 26 in 04107 Leipzig ist unser \u00fcbergeordneter Vertragspartner f\u00fcr alle Belange des Freiwilligendienstes. Die Anstellung und Bezahlung, die Planung von Seminaren sowie eine gemeinsame Fahrt der Freiwilligen werden von diesem Tr\u00e4ger seit Jahren zuverl\u00e4ssig durchgef\u00fchrt.<\/p>\n\n\n\n<p><strong><em><br><\/em><\/strong><\/p>\n","protected":false},"excerpt":{"rendered":"<p>Freiwilliges Soziales Jahr und Bundesfreiwilligendienst an der Lebenswelt Grundschule Zwenkau Wir sind eine staatlich anerkannte, christliche Montessori &#8211; Grundschule in Zwenkau, mit Integrationsstatus. Unsere Schule unterbreitet den Eltern ein Ganztagsangebot zur Betreuung und Begleitung ihrer Kinder in Schule und Hort auf der rechtlichen Grundlage des Kinder- und Jugendhilfegesetzes. Die Montessorip\u00e4dagogik ist gekennzeichnet durch ihr interessengeleitetes,<a href=\"https:\/\/www.lebenswelt-schule.de\/index.php\/lebenswelt-team\/freiwilligendienste\/\">[&#8230;]<\/a><\/p>\n","protected":false},"author":1,"featured_media":0,"parent":307,"menu_order":0,"comment_status":"closed","ping_status":"closed","template":"","meta":{"_themeisle_gutenberg_block_has_review":false,"footnotes":""},"class_list":["post-1084","page","type-page","status-publish","hentry"],"yoast_head":"<!-- This site is optimized with the Yoast SEO plugin v26.9 - https:\/\/yoast.com\/product\/yoast-seo-wordpress\/ -->\n<title>Freiwilligendienste - Lebenswelt Schule<\/title>\n<meta name=\"robots\" content=\"index, follow, max-snippet:-1, max-image-preview:large, max-video-preview:-1\" \/>\n<link rel=\"canonical\" href=\"https:\/\/www.lebenswelt-schule.de\/index.php\/lebenswelt-team\/freiwilligendienste\/\" \/>\n<meta property=\"og:locale\" content=\"de_DE\" \/>\n<meta property=\"og:type\" content=\"article\" \/>\n<meta property=\"og:title\" content=\"Freiwilligendienste - Lebenswelt Schule\" \/>\n<meta property=\"og:description\" content=\"Freiwilliges Soziales Jahr und Bundesfreiwilligendienst an der Lebenswelt Grundschule Zwenkau Wir sind eine staatlich anerkannte, christliche Montessori &#8211; Grundschule in Zwenkau, mit Integrationsstatus. Unsere Schule unterbreitet den Eltern ein Ganztagsangebot zur Betreuung und Begleitung ihrer Kinder in Schule und Hort auf der rechtlichen Grundlage des Kinder- und Jugendhilfegesetzes. Die Montessorip\u00e4dagogik ist gekennzeichnet durch ihr interessengeleitetes,[...]\" \/>\n<meta property=\"og:url\" content=\"https:\/\/www.lebenswelt-schule.de\/index.php\/lebenswelt-team\/freiwilligendienste\/\" \/>\n<meta property=\"og:site_name\" content=\"Lebenswelt Schule\" \/>\n<meta property=\"article:publisher\" content=\"https:\/\/www.facebook.com\/lebensweltschule\" \/>\n<meta property=\"article:modified_time\" content=\"2022-05-13T08:47:46+00:00\" \/>\n<meta name=\"twitter:card\" content=\"summary_large_image\" \/>\n<meta name=\"twitter:label1\" content=\"Gesch\u00e4tzte Lesezeit\" \/>\n\t<meta name=\"twitter:data1\" content=\"2\u00a0Minuten\" \/>\n<script type=\"application\/ld+json\" class=\"yoast-schema-graph\">{\"@context\":\"https:\/\/schema.org\",\"@graph\":[{\"@type\":\"WebPage\",\"@id\":\"https:\/\/www.lebenswelt-schule.de\/index.php\/lebenswelt-team\/freiwilligendienste\/\",\"url\":\"https:\/\/www.lebenswelt-schule.de\/index.php\/lebenswelt-team\/freiwilligendienste\/\",\"name\":\"Freiwilligendienste - Lebenswelt Schule\",\"isPartOf\":{\"@id\":\"https:\/\/www.lebenswelt-schule.de\/#website\"},\"datePublished\":\"2021-01-05T09:09:41+00:00\",\"dateModified\":\"2022-05-13T08:47:46+00:00\",\"breadcrumb\":{\"@id\":\"https:\/\/www.lebenswelt-schule.de\/index.php\/lebenswelt-team\/freiwilligendienste\/#breadcrumb\"},\"inLanguage\":\"de\",\"potentialAction\":[{\"@type\":\"ReadAction\",\"target\":[\"https:\/\/www.lebenswelt-schule.de\/index.php\/lebenswelt-team\/freiwilligendienste\/\"]}]},{\"@type\":\"BreadcrumbList\",\"@id\":\"https:\/\/www.lebenswelt-schule.de\/index.php\/lebenswelt-team\/freiwilligendienste\/#breadcrumb\",\"itemListElement\":[{\"@type\":\"ListItem\",\"position\":1,\"name\":\"Home\",\"item\":\"https:\/\/www.lebenswelt-schule.de\/\"},{\"@type\":\"ListItem\",\"position\":2,\"name\":\"Team\",\"item\":\"https:\/\/www.lebenswelt-schule.de\/index.php\/lebenswelt-team\/\"},{\"@type\":\"ListItem\",\"position\":3,\"name\":\"Freiwilligendienste\"}]},{\"@type\":\"WebSite\",\"@id\":\"https:\/\/www.lebenswelt-schule.de\/#website\",\"url\":\"https:\/\/www.lebenswelt-schule.de\/\",\"name\":\"Lebenswelt Schule\",\"description\":\"Christliche Montessori-Ganztagsschule staatlich anerkannte Ersatzschule\",\"publisher\":{\"@id\":\"https:\/\/www.lebenswelt-schule.de\/#organization\"},\"potentialAction\":[{\"@type\":\"SearchAction\",\"target\":{\"@type\":\"EntryPoint\",\"urlTemplate\":\"https:\/\/www.lebenswelt-schule.de\/?s={search_term_string}\"},\"query-input\":{\"@type\":\"PropertyValueSpecification\",\"valueRequired\":true,\"valueName\":\"search_term_string\"}}],\"inLanguage\":\"de\"},{\"@type\":\"Organization\",\"@id\":\"https:\/\/www.lebenswelt-schule.de\/#organization\",\"name\":\"Lebenswelt Schule\",\"url\":\"https:\/\/www.lebenswelt-schule.de\/\",\"logo\":{\"@type\":\"ImageObject\",\"inLanguage\":\"de\",\"@id\":\"https:\/\/www.lebenswelt-schule.de\/#\/schema\/logo\/image\/\",\"url\":\"https:\/\/www.lebenswelt-schule.de\/wp-content\/uploads\/2021\/01\/logo-briefkopf.jpg\",\"contentUrl\":\"https:\/\/www.lebenswelt-schule.de\/wp-content\/uploads\/2021\/01\/logo-briefkopf.jpg\",\"width\":2442,\"height\":1638,\"caption\":\"Lebenswelt Schule\"},\"image\":{\"@id\":\"https:\/\/www.lebenswelt-schule.de\/#\/schema\/logo\/image\/\"},\"sameAs\":[\"https:\/\/www.facebook.com\/lebensweltschule\"]}]}<\/script>\n<!-- \/ Yoast SEO plugin. -->","yoast_head_json":{"title":"Freiwilligendienste - Lebenswelt Schule","robots":{"index":"index","follow":"follow","max-snippet":"max-snippet:-1","max-image-preview":"max-image-preview:large","max-video-preview":"max-video-preview:-1"},"canonical":"https:\/\/www.lebenswelt-schule.de\/index.php\/lebenswelt-team\/freiwilligendienste\/","og_locale":"de_DE","og_type":"article","og_title":"Freiwilligendienste - Lebenswelt Schule","og_description":"Freiwilliges Soziales Jahr und Bundesfreiwilligendienst an der Lebenswelt Grundschule Zwenkau Wir sind eine staatlich anerkannte, christliche Montessori &#8211; Grundschule in Zwenkau, mit Integrationsstatus. Unsere Schule unterbreitet den Eltern ein Ganztagsangebot zur Betreuung und Begleitung ihrer Kinder in Schule und Hort auf der rechtlichen Grundlage des Kinder- und Jugendhilfegesetzes. Die Montessorip\u00e4dagogik ist gekennzeichnet durch ihr interessengeleitetes,[...]","og_url":"https:\/\/www.lebenswelt-schule.de\/index.php\/lebenswelt-team\/freiwilligendienste\/","og_site_name":"Lebenswelt Schule","article_publisher":"https:\/\/www.facebook.com\/lebensweltschule","article_modified_time":"2022-05-13T08:47:46+00:00","twitter_card":"summary_large_image","twitter_misc":{"Gesch\u00e4tzte Lesezeit":"2\u00a0Minuten"},"schema":{"@context":"https:\/\/schema.org","@graph":[{"@type":"WebPage","@id":"https:\/\/www.lebenswelt-schule.de\/index.php\/lebenswelt-team\/freiwilligendienste\/","url":"https:\/\/www.lebenswelt-schule.de\/index.php\/lebenswelt-team\/freiwilligendienste\/","name":"Freiwilligendienste - Lebenswelt Schule","isPartOf":{"@id":"https:\/\/www.lebenswelt-schule.de\/#website"},"datePublished":"2021-01-05T09:09:41+00:00","dateModified":"2022-05-13T08:47:46+00:00","breadcrumb":{"@id":"https:\/\/www.lebenswelt-schule.de\/index.php\/lebenswelt-team\/freiwilligendienste\/#breadcrumb"},"inLanguage":"de","potentialAction":[{"@type":"ReadAction","target":["https:\/\/www.lebenswelt-schule.de\/index.php\/lebenswelt-team\/freiwilligendienste\/"]}]},{"@type":"BreadcrumbList","@id":"https:\/\/www.lebenswelt-schule.de\/index.php\/lebenswelt-team\/freiwilligendienste\/#breadcrumb","itemListElement":[{"@type":"ListItem","position":1,"name":"Home","item":"https:\/\/www.lebenswelt-schule.de\/"},{"@type":"ListItem","position":2,"name":"Team","item":"https:\/\/www.lebenswelt-schule.de\/index.php\/lebenswelt-team\/"},{"@type":"ListItem","position":3,"name":"Freiwilligendienste"}]},{"@type":"WebSite","@id":"https:\/\/www.lebenswelt-schule.de\/#website","url":"https:\/\/www.lebenswelt-schule.de\/","name":"Lebenswelt Schule","description":"Christliche Montessori-Ganztagsschule staatlich anerkannte Ersatzschule","publisher":{"@id":"https:\/\/www.lebenswelt-schule.de\/#organization"},"potentialAction":[{"@type":"SearchAction","target":{"@type":"EntryPoint","urlTemplate":"https:\/\/www.lebenswelt-schule.de\/?s={search_term_string}"},"query-input":{"@type":"PropertyValueSpecification","valueRequired":true,"valueName":"search_term_string"}}],"inLanguage":"de"},{"@type":"Organization","@id":"https:\/\/www.lebenswelt-schule.de\/#organization","name":"Lebenswelt Schule","url":"https:\/\/www.lebenswelt-schule.de\/","logo":{"@type":"ImageObject","inLanguage":"de","@id":"https:\/\/www.lebenswelt-schule.de\/#\/schema\/logo\/image\/","url":"https:\/\/www.lebenswelt-schule.de\/wp-content\/uploads\/2021\/01\/logo-briefkopf.jpg","contentUrl":"https:\/\/www.lebenswelt-schule.de\/wp-content\/uploads\/2021\/01\/logo-briefkopf.jpg","width":2442,"height":1638,"caption":"Lebenswelt Schule"},"image":{"@id":"https:\/\/www.lebenswelt-schule.de\/#\/schema\/logo\/image\/"},"sameAs":["https:\/\/www.facebook.com\/lebensweltschule"]}]}},"_links":{"self":[{"href":"https:\/\/www.lebenswelt-schule.de\/index.php\/wp-json\/wp\/v2\/pages\/1084","targetHints":{"allow":["GET"]}}],"collection":[{"href":"https:\/\/www.lebenswelt-schule.de\/index.php\/wp-json\/wp\/v2\/pages"}],"about":[{"href":"https:\/\/www.lebenswelt-schule.de\/index.php\/wp-json\/wp\/v2\/types\/page"}],"author":[{"embeddable":true,"href":"https:\/\/www.lebenswelt-schule.de\/index.php\/wp-json\/wp\/v2\/users\/1"}],"replies":[{"embeddable":true,"href":"https:\/\/www.lebenswelt-schule.de\/index.php\/wp-json\/wp\/v2\/comments?post=1084"}],"version-history":[{"count":10,"href":"https:\/\/www.lebenswelt-schule.de\/index.php\/wp-json\/wp\/v2\/pages\/1084\/revisions"}],"predecessor-version":[{"id":1368,"href":"https:\/\/www.lebenswelt-schule.de\/index.php\/wp-json\/wp\/v2\/pages\/1084\/revisions\/1368"}],"up":[{"embeddable":true,"href":"https:\/\/www.lebenswelt-schule.de\/index.php\/wp-json\/wp\/v2\/pages\/307"}],"wp:attachment":[{"href":"https:\/\/www.lebenswelt-schule.de\/index.php\/wp-json\/wp\/v2\/media?parent=1084"}],"curies":[{"name":"wp","href":"https:\/\/api.w.org\/{rel}","templated":true}]}}