{"id":1116,"date":"2021-01-19T14:08:06","date_gmt":"2021-01-19T13:08:06","guid":{"rendered":"https:\/\/www.lebenswelt-schule.de\/?page_id=1116"},"modified":"2026-03-05T09:59:07","modified_gmt":"2026-03-05T08:59:07","slug":"termine","status":"publish","type":"page","link":"https:\/\/www.lebenswelt-schule.de\/index.php\/aufnahmeverfahren\/termine\/","title":{"rendered":"Termine"},"content":{"rendered":"\n<h1 class=\"wp-block-heading has-text-align-left has-vivid-red-color has-text-color\"><mark style=\"background-color:rgba(0, 0, 0, 0)\" class=\"has-inline-color has-luminous-vivid-orange-color\">Schritte und Termine zum Aufnahmeverfahren f\u00fcr Schulanf\u00e4nger 2027<\/mark><\/h1>\n\n\n\n<p class=\"has-very-light-gray-background-color has-text-color has-background\" style=\"color:#034316;font-size:28px\"><strong>Verpflichtende Teilnahme zu einem Tag der Offenen T\u00fcr mit Kind und Eltern<\/strong><\/p>\n\n\n\n<ul class=\"wp-block-list\">\n<li>Termin Tag der offenen T\u00fcr: <strong>Dienstag, <strong><strong>05.05.2026<\/strong><\/strong>, 15:00 bis 17:00 Uhr<\/strong><\/li>\n\n\n\n<li>Termin Tag der offenen T\u00fcr: <strong>Dienstag, 27.04.2027, 15:00 bis 17:00 Uhr<\/strong><\/li>\n<\/ul>\n\n\n\n<p class=\"has-very-light-gray-background-color has-text-color has-background\" style=\"color:#034316;font-size:28px\"><strong><span class=\"has-inline-color has-very-dark-gray-color\">Verpflichtende Teilnahme an einem Informationselternabend <\/span><\/strong><\/p>\n\n\n\n<ul class=\"wp-block-list\">\n<li>Termin Informationselternabend: <strong>27.08.2026, Beginn 17 Uhr<\/strong><\/li>\n<\/ul>\n\n\n\n<p class=\"has-very-light-gray-background-color has-text-color has-background\" style=\"color:#034316;font-size:28px\"><strong>Pers\u00f6nliche und <span class=\"has-inline-color has-very-dark-gray-color\">vollst\u00e4ndige<\/span> Abgabe aktueller Anmeldeb\u00f6gen und Unterlagen<\/strong><\/p>\n\n\n\n<ul class=\"wp-block-list\">\n<li>Formular zur Anmeldung<\/li>\n\n\n\n<li>Abgabetermin bis sp\u00e4testens: <strong>30.09.2026<\/strong><\/li>\n<\/ul>\n\n\n\n<p class=\"has-very-light-gray-background-color has-text-color has-background\" style=\"color:#034316;font-size:28px\"><strong>Elterngespr\u00e4che <\/strong><\/p>\n\n\n\n<ul class=\"wp-block-list\">\n<li>Nach einer Vorauswahl durch die P\u00e4dagog*innen und das Leitungsteam, werden ca. 20 Eltern zu Gespr\u00e4chen eingeladen.<br>Diese werden gemeinsam von Schul- und Hortleitung durchgef\u00fchrt.<\/li>\n\n\n\n<li>Termine f\u00fcr Elterngespr\u00e4che: <strong>November\/Dezember 2026<\/strong><\/li>\n<\/ul>\n\n\n\n<p class=\"has-very-light-gray-background-color has-text-color has-background\" style=\"color:#034316;font-size:28px\"><strong>Mitteilung der Entscheidungen <\/strong><\/p>\n\n\n\n<ul class=\"wp-block-list\">\n<li>Alle Eltern erhalten eine schriftliche Zusage oder schriftliche Absage <strong>Anfang Januar 2027.<\/strong><\/li>\n\n\n\n<li>Die Hort- und Schulvertr\u00e4ge und sonstigen Unterlagen werden bis <strong>Ende Januar 2027 <\/strong>versandt.<\/li>\n<\/ul>\n\n\n\n<p class=\"has-very-light-gray-background-color has-text-color has-background\" style=\"color:#034316;font-size:28px\"><strong>Einladung f\u00fcr Kinder zu Kennlerntagen <\/strong><\/p>\n\n\n\n<ul class=\"wp-block-list\">\n<li>Im Februar oder M\u00e4rz 2027 findet ein Kennlernnachmittag statt, an dem unsere zuk\u00fcnftigen Erstkl\u00e4ssler die Schule und wir uns gegenseitig kennenlernen k\u00f6nnen.<\/li>\n<\/ul>\n","protected":false},"excerpt":{"rendered":"<p>Schritte und Termine zum Aufnahmeverfahren f\u00fcr Schulanf\u00e4nger 2027 Verpflichtende Teilnahme zu einem Tag der Offenen T\u00fcr mit Kind und Eltern Verpflichtende Teilnahme an einem Informationselternabend Pers\u00f6nliche und vollst\u00e4ndige Abgabe aktueller Anmeldeb\u00f6gen und Unterlagen Elterngespr\u00e4che Mitteilung der Entscheidungen Einladung f\u00fcr Kinder zu Kennlerntagen<\/p>\n","protected":false},"author":1,"featured_media":0,"parent":310,"menu_order":0,"comment_status":"closed","ping_status":"closed","template":"","meta":{"_themeisle_gutenberg_block_has_review":false,"footnotes":""},"class_list":["post-1116","page","type-page","status-publish","hentry"],"yoast_head":"<!-- This site is optimized with the Yoast SEO plugin v26.9 - https:\/\/yoast.com\/product\/yoast-seo-wordpress\/ -->\n<title>Termine - Lebenswelt Schule<\/title>\n<meta name=\"robots\" content=\"index, follow, max-snippet:-1, max-image-preview:large, max-video-preview:-1\" \/>\n<link rel=\"canonical\" href=\"https:\/\/www.lebenswelt-schule.de\/index.php\/aufnahmeverfahren\/termine\/\" \/>\n<meta property=\"og:locale\" content=\"de_DE\" \/>\n<meta property=\"og:type\" content=\"article\" \/>\n<meta property=\"og:title\" content=\"Termine - Lebenswelt Schule\" \/>\n<meta property=\"og:description\" content=\"Schritte und Termine zum Aufnahmeverfahren f\u00fcr Schulanf\u00e4nger 2027 Verpflichtende Teilnahme zu einem Tag der Offenen T\u00fcr mit Kind und Eltern Verpflichtende Teilnahme an einem Informationselternabend Pers\u00f6nliche und vollst\u00e4ndige Abgabe aktueller Anmeldeb\u00f6gen und Unterlagen Elterngespr\u00e4che Mitteilung der Entscheidungen Einladung f\u00fcr Kinder zu Kennlerntagen\" \/>\n<meta property=\"og:url\" content=\"https:\/\/www.lebenswelt-schule.de\/index.php\/aufnahmeverfahren\/termine\/\" \/>\n<meta property=\"og:site_name\" content=\"Lebenswelt Schule\" \/>\n<meta property=\"article:publisher\" content=\"https:\/\/www.facebook.com\/lebensweltschule\" \/>\n<meta property=\"article:modified_time\" content=\"2026-03-05T08:59:07+00:00\" \/>\n<meta name=\"twitter:card\" content=\"summary_large_image\" \/>\n<meta name=\"twitter:label1\" content=\"Gesch\u00e4tzte Lesezeit\" \/>\n\t<meta name=\"twitter:data1\" content=\"1\u00a0Minute\" \/>\n<script type=\"application\/ld+json\" class=\"yoast-schema-graph\">{\"@context\":\"https:\/\/schema.org\",\"@graph\":[{\"@type\":\"WebPage\",\"@id\":\"https:\/\/www.lebenswelt-schule.de\/index.php\/aufnahmeverfahren\/termine\/\",\"url\":\"https:\/\/www.lebenswelt-schule.de\/index.php\/aufnahmeverfahren\/termine\/\",\"name\":\"Termine - Lebenswelt Schule\",\"isPartOf\":{\"@id\":\"https:\/\/www.lebenswelt-schule.de\/#website\"},\"datePublished\":\"2021-01-19T13:08:06+00:00\",\"dateModified\":\"2026-03-05T08:59:07+00:00\",\"breadcrumb\":{\"@id\":\"https:\/\/www.lebenswelt-schule.de\/index.php\/aufnahmeverfahren\/termine\/#breadcrumb\"},\"inLanguage\":\"de\",\"potentialAction\":[{\"@type\":\"ReadAction\",\"target\":[\"https:\/\/www.lebenswelt-schule.de\/index.php\/aufnahmeverfahren\/termine\/\"]}]},{\"@type\":\"BreadcrumbList\",\"@id\":\"https:\/\/www.lebenswelt-schule.de\/index.php\/aufnahmeverfahren\/termine\/#breadcrumb\",\"itemListElement\":[{\"@type\":\"ListItem\",\"position\":1,\"name\":\"Home\",\"item\":\"https:\/\/www.lebenswelt-schule.de\/\"},{\"@type\":\"ListItem\",\"position\":2,\"name\":\"Aufnahmeverfahren\",\"item\":\"https:\/\/www.lebenswelt-schule.de\/index.php\/aufnahmeverfahren\/\"},{\"@type\":\"ListItem\",\"position\":3,\"name\":\"Termine\"}]},{\"@type\":\"WebSite\",\"@id\":\"https:\/\/www.lebenswelt-schule.de\/#website\",\"url\":\"https:\/\/www.lebenswelt-schule.de\/\",\"name\":\"Lebenswelt Schule\",\"description\":\"Christliche Montessori-Ganztagsschule staatlich anerkannte Ersatzschule\",\"publisher\":{\"@id\":\"https:\/\/www.lebenswelt-schule.de\/#organization\"},\"potentialAction\":[{\"@type\":\"SearchAction\",\"target\":{\"@type\":\"EntryPoint\",\"urlTemplate\":\"https:\/\/www.lebenswelt-schule.de\/?s={search_term_string}\"},\"query-input\":{\"@type\":\"PropertyValueSpecification\",\"valueRequired\":true,\"valueName\":\"search_term_string\"}}],\"inLanguage\":\"de\"},{\"@type\":\"Organization\",\"@id\":\"https:\/\/www.lebenswelt-schule.de\/#organization\",\"name\":\"Lebenswelt Schule\",\"url\":\"https:\/\/www.lebenswelt-schule.de\/\",\"logo\":{\"@type\":\"ImageObject\",\"inLanguage\":\"de\",\"@id\":\"https:\/\/www.lebenswelt-schule.de\/#\/schema\/logo\/image\/\",\"url\":\"https:\/\/www.lebenswelt-schule.de\/wp-content\/uploads\/2021\/01\/logo-briefkopf.jpg\",\"contentUrl\":\"https:\/\/www.lebenswelt-schule.de\/wp-content\/uploads\/2021\/01\/logo-briefkopf.jpg\",\"width\":2442,\"height\":1638,\"caption\":\"Lebenswelt Schule\"},\"image\":{\"@id\":\"https:\/\/www.lebenswelt-schule.de\/#\/schema\/logo\/image\/\"},\"sameAs\":[\"https:\/\/www.facebook.com\/lebensweltschule\"]}]}<\/script>\n<!-- \/ Yoast SEO plugin. -->","yoast_head_json":{"title":"Termine - Lebenswelt Schule","robots":{"index":"index","follow":"follow","max-snippet":"max-snippet:-1","max-image-preview":"max-image-preview:large","max-video-preview":"max-video-preview:-1"},"canonical":"https:\/\/www.lebenswelt-schule.de\/index.php\/aufnahmeverfahren\/termine\/","og_locale":"de_DE","og_type":"article","og_title":"Termine - Lebenswelt Schule","og_description":"Schritte und Termine zum Aufnahmeverfahren f\u00fcr Schulanf\u00e4nger 2027 Verpflichtende Teilnahme zu einem Tag der Offenen T\u00fcr mit Kind und Eltern Verpflichtende Teilnahme an einem Informationselternabend Pers\u00f6nliche und vollst\u00e4ndige Abgabe aktueller Anmeldeb\u00f6gen und Unterlagen Elterngespr\u00e4che Mitteilung der Entscheidungen Einladung f\u00fcr Kinder zu Kennlerntagen","og_url":"https:\/\/www.lebenswelt-schule.de\/index.php\/aufnahmeverfahren\/termine\/","og_site_name":"Lebenswelt Schule","article_publisher":"https:\/\/www.facebook.com\/lebensweltschule","article_modified_time":"2026-03-05T08:59:07+00:00","twitter_card":"summary_large_image","twitter_misc":{"Gesch\u00e4tzte Lesezeit":"1\u00a0Minute"},"schema":{"@context":"https:\/\/schema.org","@graph":[{"@type":"WebPage","@id":"https:\/\/www.lebenswelt-schule.de\/index.php\/aufnahmeverfahren\/termine\/","url":"https:\/\/www.lebenswelt-schule.de\/index.php\/aufnahmeverfahren\/termine\/","name":"Termine - Lebenswelt Schule","isPartOf":{"@id":"https:\/\/www.lebenswelt-schule.de\/#website"},"datePublished":"2021-01-19T13:08:06+00:00","dateModified":"2026-03-05T08:59:07+00:00","breadcrumb":{"@id":"https:\/\/www.lebenswelt-schule.de\/index.php\/aufnahmeverfahren\/termine\/#breadcrumb"},"inLanguage":"de","potentialAction":[{"@type":"ReadAction","target":["https:\/\/www.lebenswelt-schule.de\/index.php\/aufnahmeverfahren\/termine\/"]}]},{"@type":"BreadcrumbList","@id":"https:\/\/www.lebenswelt-schule.de\/index.php\/aufnahmeverfahren\/termine\/#breadcrumb","itemListElement":[{"@type":"ListItem","position":1,"name":"Home","item":"https:\/\/www.lebenswelt-schule.de\/"},{"@type":"ListItem","position":2,"name":"Aufnahmeverfahren","item":"https:\/\/www.lebenswelt-schule.de\/index.php\/aufnahmeverfahren\/"},{"@type":"ListItem","position":3,"name":"Termine"}]},{"@type":"WebSite","@id":"https:\/\/www.lebenswelt-schule.de\/#website","url":"https:\/\/www.lebenswelt-schule.de\/","name":"Lebenswelt Schule","description":"Christliche Montessori-Ganztagsschule staatlich anerkannte Ersatzschule","publisher":{"@id":"https:\/\/www.lebenswelt-schule.de\/#organization"},"potentialAction":[{"@type":"SearchAction","target":{"@type":"EntryPoint","urlTemplate":"https:\/\/www.lebenswelt-schule.de\/?s={search_term_string}"},"query-input":{"@type":"PropertyValueSpecification","valueRequired":true,"valueName":"search_term_string"}}],"inLanguage":"de"},{"@type":"Organization","@id":"https:\/\/www.lebenswelt-schule.de\/#organization","name":"Lebenswelt Schule","url":"https:\/\/www.lebenswelt-schule.de\/","logo":{"@type":"ImageObject","inLanguage":"de","@id":"https:\/\/www.lebenswelt-schule.de\/#\/schema\/logo\/image\/","url":"https:\/\/www.lebenswelt-schule.de\/wp-content\/uploads\/2021\/01\/logo-briefkopf.jpg","contentUrl":"https:\/\/www.lebenswelt-schule.de\/wp-content\/uploads\/2021\/01\/logo-briefkopf.jpg","width":2442,"height":1638,"caption":"Lebenswelt Schule"},"image":{"@id":"https:\/\/www.lebenswelt-schule.de\/#\/schema\/logo\/image\/"},"sameAs":["https:\/\/www.facebook.com\/lebensweltschule"]}]}},"_links":{"self":[{"href":"https:\/\/www.lebenswelt-schule.de\/index.php\/wp-json\/wp\/v2\/pages\/1116","targetHints":{"allow":["GET"]}}],"collection":[{"href":"https:\/\/www.lebenswelt-schule.de\/index.php\/wp-json\/wp\/v2\/pages"}],"about":[{"href":"https:\/\/www.lebenswelt-schule.de\/index.php\/wp-json\/wp\/v2\/types\/page"}],"author":[{"embeddable":true,"href":"https:\/\/www.lebenswelt-schule.de\/index.php\/wp-json\/wp\/v2\/users\/1"}],"replies":[{"embeddable":true,"href":"https:\/\/www.lebenswelt-schule.de\/index.php\/wp-json\/wp\/v2\/comments?post=1116"}],"version-history":[{"count":19,"href":"https:\/\/www.lebenswelt-schule.de\/index.php\/wp-json\/wp\/v2\/pages\/1116\/revisions"}],"predecessor-version":[{"id":1822,"href":"https:\/\/www.lebenswelt-schule.de\/index.php\/wp-json\/wp\/v2\/pages\/1116\/revisions\/1822"}],"up":[{"embeddable":true,"href":"https:\/\/www.lebenswelt-schule.de\/index.php\/wp-json\/wp\/v2\/pages\/310"}],"wp:attachment":[{"href":"https:\/\/www.lebenswelt-schule.de\/index.php\/wp-json\/wp\/v2\/media?parent=1116"}],"curies":[{"name":"wp","href":"https:\/\/api.w.org\/{rel}","templated":true}]}}