{"id":1290,"date":"2021-12-21T13:34:07","date_gmt":"2021-12-21T12:34:07","guid":{"rendered":"https:\/\/www.lebenswelt-schule.de\/?page_id=1290"},"modified":"2021-12-21T13:41:13","modified_gmt":"2021-12-21T12:41:13","slug":"inklusionsassistenz","status":"publish","type":"page","link":"https:\/\/www.lebenswelt-schule.de\/index.php\/lebenswelt-team\/inklusionsassistenz\/","title":{"rendered":"Inklusionsassistenz"},"content":{"rendered":"\n<div class=\"wp-block-group\"><div class=\"wp-block-group__inner-container is-layout-flow wp-block-group-is-layout-flow\">\n<div class=\"wp-block-themeisle-blocks-advanced-columns has-1-columns has-desktop-equal-layout has-tablet-equal-layout has-mobile-equal-layout has-default-gap has-vertical-unset\" id=\"wp-block-themeisle-blocks-advanced-columns-90a1da09\"><div class=\"wp-block-themeisle-blocks-advanced-columns-overlay\"><\/div><div class=\"innerblocks-wrap\">\n<div class=\"wp-block-themeisle-blocks-advanced-column\" id=\"wp-block-themeisle-blocks-advanced-column-4ed8c2bf\">\n<p>In unserer <a href=\"https:\/\/www.lebenswelt-schule.de\/index.php\/schule\/\">Lebenswelt Grundschule<\/a> haben wir eine vom Freistaat Sachsen \u00fcber die Richtlinie des S\u00e4chsischen Staatsministeriums f\u00fcr Kultus zur individuellen F\u00f6rderung von Sch\u00fclerinnen und Sch\u00fclern an allgemein- und berufsbildenden Schulen im Freistaat Sachsen gef\u00f6rderte Vollzeitstelle f\u00fcr die Inklusionsassitenz. Dadurch k\u00f6nnen wir zwei Mitarbeiterinnen in der Delfin- und Tigerklasse einsetzen. <\/p>\n\n\n\n<p>Diese Ma\u00dfnahme wird mitfinanziert mit Steuermitteln auf Grundlage des vom S\u00e4chsischen Landtag beschlossenen Haushalts.<\/p>\n<\/div>\n<\/div><\/div>\n<\/div><\/div>\n\n\n\n<div class=\"wp-block-image\"><figure class=\"aligncenter\"><img loading=\"lazy\" decoding=\"async\" width=\"207\" height=\"279\" src=\"https:\/\/www.lebenswelt-schule.de\/wp-content\/uploads\/2021\/12\/Landessignet-Sachsen.jpg\" alt=\"\" class=\"wp-image-1291\"\/><\/figure><\/div>\n","protected":false},"excerpt":{"rendered":"","protected":false},"author":1,"featured_media":0,"parent":307,"menu_order":0,"comment_status":"closed","ping_status":"closed","template":"","meta":{"_themeisle_gutenberg_block_has_review":false,"footnotes":""},"class_list":["post-1290","page","type-page","status-publish","hentry"],"yoast_head":"<!-- This site is optimized with the Yoast SEO plugin v26.9 - https:\/\/yoast.com\/product\/yoast-seo-wordpress\/ -->\n<title>Inklusionsassistenz - Lebenswelt Schule<\/title>\n<meta name=\"robots\" content=\"index, follow, max-snippet:-1, max-image-preview:large, max-video-preview:-1\" \/>\n<link rel=\"canonical\" href=\"https:\/\/www.lebenswelt-schule.de\/index.php\/lebenswelt-team\/inklusionsassistenz\/\" \/>\n<meta property=\"og:locale\" content=\"de_DE\" \/>\n<meta property=\"og:type\" content=\"article\" \/>\n<meta property=\"og:title\" content=\"Inklusionsassistenz - Lebenswelt Schule\" \/>\n<meta property=\"og:url\" content=\"https:\/\/www.lebenswelt-schule.de\/index.php\/lebenswelt-team\/inklusionsassistenz\/\" \/>\n<meta property=\"og:site_name\" content=\"Lebenswelt Schule\" \/>\n<meta property=\"article:publisher\" content=\"https:\/\/www.facebook.com\/lebensweltschule\" \/>\n<meta property=\"article:modified_time\" content=\"2021-12-21T12:41:13+00:00\" \/>\n<meta property=\"og:image\" content=\"https:\/\/lebenswelt-schule-de.server.wwu.media\/wp-content\/uploads\/2021\/12\/Landessignet-Sachsen.jpg\" \/>\n<meta name=\"twitter:card\" content=\"summary_large_image\" \/>\n<meta name=\"twitter:label1\" content=\"Gesch\u00e4tzte Lesezeit\" \/>\n\t<meta name=\"twitter:data1\" content=\"1\u00a0Minute\" \/>\n<script type=\"application\/ld+json\" class=\"yoast-schema-graph\">{\"@context\":\"https:\/\/schema.org\",\"@graph\":[{\"@type\":\"WebPage\",\"@id\":\"https:\/\/www.lebenswelt-schule.de\/index.php\/lebenswelt-team\/inklusionsassistenz\/\",\"url\":\"https:\/\/www.lebenswelt-schule.de\/index.php\/lebenswelt-team\/inklusionsassistenz\/\",\"name\":\"Inklusionsassistenz - Lebenswelt Schule\",\"isPartOf\":{\"@id\":\"https:\/\/www.lebenswelt-schule.de\/#website\"},\"primaryImageOfPage\":{\"@id\":\"https:\/\/www.lebenswelt-schule.de\/index.php\/lebenswelt-team\/inklusionsassistenz\/#primaryimage\"},\"image\":{\"@id\":\"https:\/\/www.lebenswelt-schule.de\/index.php\/lebenswelt-team\/inklusionsassistenz\/#primaryimage\"},\"thumbnailUrl\":\"https:\/\/www.lebenswelt-schule.de\/wp-content\/uploads\/2021\/12\/Landessignet-Sachsen.jpg\",\"datePublished\":\"2021-12-21T12:34:07+00:00\",\"dateModified\":\"2021-12-21T12:41:13+00:00\",\"breadcrumb\":{\"@id\":\"https:\/\/www.lebenswelt-schule.de\/index.php\/lebenswelt-team\/inklusionsassistenz\/#breadcrumb\"},\"inLanguage\":\"de\",\"potentialAction\":[{\"@type\":\"ReadAction\",\"target\":[\"https:\/\/www.lebenswelt-schule.de\/index.php\/lebenswelt-team\/inklusionsassistenz\/\"]}]},{\"@type\":\"ImageObject\",\"inLanguage\":\"de\",\"@id\":\"https:\/\/www.lebenswelt-schule.de\/index.php\/lebenswelt-team\/inklusionsassistenz\/#primaryimage\",\"url\":\"https:\/\/www.lebenswelt-schule.de\/wp-content\/uploads\/2021\/12\/Landessignet-Sachsen.jpg\",\"contentUrl\":\"https:\/\/www.lebenswelt-schule.de\/wp-content\/uploads\/2021\/12\/Landessignet-Sachsen.jpg\",\"width\":207,\"height\":279},{\"@type\":\"BreadcrumbList\",\"@id\":\"https:\/\/www.lebenswelt-schule.de\/index.php\/lebenswelt-team\/inklusionsassistenz\/#breadcrumb\",\"itemListElement\":[{\"@type\":\"ListItem\",\"position\":1,\"name\":\"Home\",\"item\":\"https:\/\/www.lebenswelt-schule.de\/\"},{\"@type\":\"ListItem\",\"position\":2,\"name\":\"Team\",\"item\":\"https:\/\/www.lebenswelt-schule.de\/index.php\/lebenswelt-team\/\"},{\"@type\":\"ListItem\",\"position\":3,\"name\":\"Inklusionsassistenz\"}]},{\"@type\":\"WebSite\",\"@id\":\"https:\/\/www.lebenswelt-schule.de\/#website\",\"url\":\"https:\/\/www.lebenswelt-schule.de\/\",\"name\":\"Lebenswelt Schule\",\"description\":\"Christliche Montessori-Ganztagsschule staatlich anerkannte Ersatzschule\",\"publisher\":{\"@id\":\"https:\/\/www.lebenswelt-schule.de\/#organization\"},\"potentialAction\":[{\"@type\":\"SearchAction\",\"target\":{\"@type\":\"EntryPoint\",\"urlTemplate\":\"https:\/\/www.lebenswelt-schule.de\/?s={search_term_string}\"},\"query-input\":{\"@type\":\"PropertyValueSpecification\",\"valueRequired\":true,\"valueName\":\"search_term_string\"}}],\"inLanguage\":\"de\"},{\"@type\":\"Organization\",\"@id\":\"https:\/\/www.lebenswelt-schule.de\/#organization\",\"name\":\"Lebenswelt Schule\",\"url\":\"https:\/\/www.lebenswelt-schule.de\/\",\"logo\":{\"@type\":\"ImageObject\",\"inLanguage\":\"de\",\"@id\":\"https:\/\/www.lebenswelt-schule.de\/#\/schema\/logo\/image\/\",\"url\":\"https:\/\/www.lebenswelt-schule.de\/wp-content\/uploads\/2021\/01\/logo-briefkopf.jpg\",\"contentUrl\":\"https:\/\/www.lebenswelt-schule.de\/wp-content\/uploads\/2021\/01\/logo-briefkopf.jpg\",\"width\":2442,\"height\":1638,\"caption\":\"Lebenswelt Schule\"},\"image\":{\"@id\":\"https:\/\/www.lebenswelt-schule.de\/#\/schema\/logo\/image\/\"},\"sameAs\":[\"https:\/\/www.facebook.com\/lebensweltschule\"]}]}<\/script>\n<!-- \/ Yoast SEO plugin. -->","yoast_head_json":{"title":"Inklusionsassistenz - Lebenswelt Schule","robots":{"index":"index","follow":"follow","max-snippet":"max-snippet:-1","max-image-preview":"max-image-preview:large","max-video-preview":"max-video-preview:-1"},"canonical":"https:\/\/www.lebenswelt-schule.de\/index.php\/lebenswelt-team\/inklusionsassistenz\/","og_locale":"de_DE","og_type":"article","og_title":"Inklusionsassistenz - Lebenswelt Schule","og_url":"https:\/\/www.lebenswelt-schule.de\/index.php\/lebenswelt-team\/inklusionsassistenz\/","og_site_name":"Lebenswelt Schule","article_publisher":"https:\/\/www.facebook.com\/lebensweltschule","article_modified_time":"2021-12-21T12:41:13+00:00","og_image":[{"url":"https:\/\/lebenswelt-schule-de.server.wwu.media\/wp-content\/uploads\/2021\/12\/Landessignet-Sachsen.jpg","type":"","width":"","height":""}],"twitter_card":"summary_large_image","twitter_misc":{"Gesch\u00e4tzte Lesezeit":"1\u00a0Minute"},"schema":{"@context":"https:\/\/schema.org","@graph":[{"@type":"WebPage","@id":"https:\/\/www.lebenswelt-schule.de\/index.php\/lebenswelt-team\/inklusionsassistenz\/","url":"https:\/\/www.lebenswelt-schule.de\/index.php\/lebenswelt-team\/inklusionsassistenz\/","name":"Inklusionsassistenz - Lebenswelt Schule","isPartOf":{"@id":"https:\/\/www.lebenswelt-schule.de\/#website"},"primaryImageOfPage":{"@id":"https:\/\/www.lebenswelt-schule.de\/index.php\/lebenswelt-team\/inklusionsassistenz\/#primaryimage"},"image":{"@id":"https:\/\/www.lebenswelt-schule.de\/index.php\/lebenswelt-team\/inklusionsassistenz\/#primaryimage"},"thumbnailUrl":"https:\/\/www.lebenswelt-schule.de\/wp-content\/uploads\/2021\/12\/Landessignet-Sachsen.jpg","datePublished":"2021-12-21T12:34:07+00:00","dateModified":"2021-12-21T12:41:13+00:00","breadcrumb":{"@id":"https:\/\/www.lebenswelt-schule.de\/index.php\/lebenswelt-team\/inklusionsassistenz\/#breadcrumb"},"inLanguage":"de","potentialAction":[{"@type":"ReadAction","target":["https:\/\/www.lebenswelt-schule.de\/index.php\/lebenswelt-team\/inklusionsassistenz\/"]}]},{"@type":"ImageObject","inLanguage":"de","@id":"https:\/\/www.lebenswelt-schule.de\/index.php\/lebenswelt-team\/inklusionsassistenz\/#primaryimage","url":"https:\/\/www.lebenswelt-schule.de\/wp-content\/uploads\/2021\/12\/Landessignet-Sachsen.jpg","contentUrl":"https:\/\/www.lebenswelt-schule.de\/wp-content\/uploads\/2021\/12\/Landessignet-Sachsen.jpg","width":207,"height":279},{"@type":"BreadcrumbList","@id":"https:\/\/www.lebenswelt-schule.de\/index.php\/lebenswelt-team\/inklusionsassistenz\/#breadcrumb","itemListElement":[{"@type":"ListItem","position":1,"name":"Home","item":"https:\/\/www.lebenswelt-schule.de\/"},{"@type":"ListItem","position":2,"name":"Team","item":"https:\/\/www.lebenswelt-schule.de\/index.php\/lebenswelt-team\/"},{"@type":"ListItem","position":3,"name":"Inklusionsassistenz"}]},{"@type":"WebSite","@id":"https:\/\/www.lebenswelt-schule.de\/#website","url":"https:\/\/www.lebenswelt-schule.de\/","name":"Lebenswelt Schule","description":"Christliche Montessori-Ganztagsschule staatlich anerkannte Ersatzschule","publisher":{"@id":"https:\/\/www.lebenswelt-schule.de\/#organization"},"potentialAction":[{"@type":"SearchAction","target":{"@type":"EntryPoint","urlTemplate":"https:\/\/www.lebenswelt-schule.de\/?s={search_term_string}"},"query-input":{"@type":"PropertyValueSpecification","valueRequired":true,"valueName":"search_term_string"}}],"inLanguage":"de"},{"@type":"Organization","@id":"https:\/\/www.lebenswelt-schule.de\/#organization","name":"Lebenswelt Schule","url":"https:\/\/www.lebenswelt-schule.de\/","logo":{"@type":"ImageObject","inLanguage":"de","@id":"https:\/\/www.lebenswelt-schule.de\/#\/schema\/logo\/image\/","url":"https:\/\/www.lebenswelt-schule.de\/wp-content\/uploads\/2021\/01\/logo-briefkopf.jpg","contentUrl":"https:\/\/www.lebenswelt-schule.de\/wp-content\/uploads\/2021\/01\/logo-briefkopf.jpg","width":2442,"height":1638,"caption":"Lebenswelt Schule"},"image":{"@id":"https:\/\/www.lebenswelt-schule.de\/#\/schema\/logo\/image\/"},"sameAs":["https:\/\/www.facebook.com\/lebensweltschule"]}]}},"_links":{"self":[{"href":"https:\/\/www.lebenswelt-schule.de\/index.php\/wp-json\/wp\/v2\/pages\/1290","targetHints":{"allow":["GET"]}}],"collection":[{"href":"https:\/\/www.lebenswelt-schule.de\/index.php\/wp-json\/wp\/v2\/pages"}],"about":[{"href":"https:\/\/www.lebenswelt-schule.de\/index.php\/wp-json\/wp\/v2\/types\/page"}],"author":[{"embeddable":true,"href":"https:\/\/www.lebenswelt-schule.de\/index.php\/wp-json\/wp\/v2\/users\/1"}],"replies":[{"embeddable":true,"href":"https:\/\/www.lebenswelt-schule.de\/index.php\/wp-json\/wp\/v2\/comments?post=1290"}],"version-history":[{"count":3,"href":"https:\/\/www.lebenswelt-schule.de\/index.php\/wp-json\/wp\/v2\/pages\/1290\/revisions"}],"predecessor-version":[{"id":1299,"href":"https:\/\/www.lebenswelt-schule.de\/index.php\/wp-json\/wp\/v2\/pages\/1290\/revisions\/1299"}],"up":[{"embeddable":true,"href":"https:\/\/www.lebenswelt-schule.de\/index.php\/wp-json\/wp\/v2\/pages\/307"}],"wp:attachment":[{"href":"https:\/\/www.lebenswelt-schule.de\/index.php\/wp-json\/wp\/v2\/media?parent=1290"}],"curies":[{"name":"wp","href":"https:\/\/api.w.org\/{rel}","templated":true}]}}