{"id":1706,"date":"2024-09-03T08:44:42","date_gmt":"2024-09-03T06:44:42","guid":{"rendered":"https:\/\/www.lebenswelt-schule.de\/?page_id=1706"},"modified":"2026-03-27T10:13:42","modified_gmt":"2026-03-27T09:13:42","slug":"sozialfond-und-patenschaften","status":"publish","type":"page","link":"https:\/\/www.lebenswelt-schule.de\/index.php\/lebenswelt\/sozialfond-und-patenschaften\/","title":{"rendered":"Sozialfond"},"content":{"rendered":"\n<h1 class=\"wp-block-heading\">Unterst\u00fctzung in schwierigen Zeiten<\/h1>\n\n\n\n<p>Die Lebenswelt Schule Zwenkau bietet mit dem Sozialfonds eine zus\u00e4tzliche Unterst\u00fctzung f\u00fcr<br>Familien, die aufgrund finanzieller Engp\u00e4sse Schwierigkeiten haben, das Schulgeld zu zahlen.<br>Das Ziel dieses Fonds ist es, Familien in schwierigen Lebenssituationen zu entlasten und den<br>Zugang zu Bildung f\u00fcr alle Sch\u00fclerinnen und Sch\u00fcler sicherzustellen.<\/p>\n\n\n\n<h2 class=\"wp-block-heading\">Wer kann einen Antrag stellen?<\/h2>\n\n\n\n<p>Der Sozialfonds richtet sich an Familien, die folgende Voraussetzungen erf\u00fcllen:<\/p>\n\n\n\n<ul class=\"wp-block-list\">\n<li>Sie erhalten B\u00fcrgergeld, Sozialgeld<\/li>\n\n\n\n<li>Es liegt ein Wohngeld- oder Kinderzuschlagsbescheid vor.<\/li>\n\n\n\n<li>Ein kurzfristiger Notfall ist eingetreten, wie etwa eine schwere Krankheit, der Verlust des<br>Arbeitsplatzes oder eine andere unvorhersehbare Belastung.<\/li>\n<\/ul>\n\n\n\n<p>Sollten Sie in eine dieser Kategorien fallen, haben Sie die M\u00f6glichkeit, einen Antrag auf<br>Unterst\u00fctzung aus dem Sozialfonds zu stellen.<\/p>\n\n\n\n<h2 class=\"wp-block-heading\">Wie funktioniert die Unterst\u00fctzung?<\/h2>\n\n\n\n<p>Familien, die eine Unterst\u00fctzung aus dem Sozialfonds bewilligt bekommen, erhalten<br>halbj\u00e4hrlich Zuwendungen. Diese finanzielle Hilfe wird direkt auf das Schulgeld angerechnet,<br>sodass in gleicher H\u00f6he das \u00fcbliche Schulgeld reduziert wird. Die Verteilung der Mittel erfolgt<br>dabei nach dem sogenannten Gie\u00dfkannenprinzip, was bedeutet, dass alle f\u00f6rderberechtigten<br>Familien gleicherma\u00dfen unterst\u00fctzt werden.<\/p>\n\n\n\n<h2 class=\"wp-block-heading\">Spendenm\u00f6glichkeiten<\/h2>\n\n\n\n<p><br>Um den Sozialfonds weiterhin aufrechtzuerhalten, sind wir auf Spenden angewiesen. Sie<br>k\u00f6nnen flexibel spenden, ganz nach Ihren M\u00f6glichkeiten und Vorstellungen. Die Spenden<br>k\u00f6nnen monatlich, j\u00e4hrlich, einmalig oder individuell vereinbart erfolgen. Jede Spende hilft<br>dabei, Familien zu unterst\u00fctzen und den Kindern eine schulische Zukunft zu erm\u00f6glichen.<br>Selbstverst\u00e4ndlich erhalten Sie f\u00fcr die Spende eine Spendenbescheinigung, die Sie steuerlich<br>geltend machen k\u00f6nnen. <\/p>\n\n\n\n<h2 class=\"wp-block-heading\">Transparenter Entscheidungsprozess<br><\/h2>\n\n\n\n<p>Die Entscheidung \u00fcber die Vergabe der Zuwendungen erfolgt im Rahmen eines transparenten<br>Verfahrens dem Vier-Augen-Prinzip. Dies gew\u00e4hrleistet eine faire und gerechte Verteilung der<br>Mittel. Unser Ziel ist es, Familien in schwierigen Zeiten schnell und unb\u00fcrokratisch zu helfen,<br>damit die Bildung der Kinder nicht unter den finanziellen Herausforderungen leidet.<br>F\u00fcr weitere Informationen und die Antragsstellung k\u00f6nnen Sie sich jederzeit per E-Mail<br>unter Info@lebenswelt-schule.de melden.<\/p>\n","protected":false},"excerpt":{"rendered":"<p>Unterst\u00fctzung in schwierigen Zeiten Die Lebenswelt Schule Zwenkau bietet mit dem Sozialfonds eine zus\u00e4tzliche Unterst\u00fctzung f\u00fcrFamilien, die aufgrund finanzieller Engp\u00e4sse Schwierigkeiten haben, das Schulgeld zu zahlen.Das Ziel dieses Fonds ist es, Familien in schwierigen Lebenssituationen zu entlasten und denZugang zu Bildung f\u00fcr alle Sch\u00fclerinnen und Sch\u00fcler sicherzustellen. Wer kann einen Antrag stellen? Der Sozialfonds richtet<a href=\"https:\/\/www.lebenswelt-schule.de\/index.php\/lebenswelt\/sozialfond-und-patenschaften\/\">[&#8230;]<\/a><\/p>\n","protected":false},"author":1,"featured_media":0,"parent":62,"menu_order":0,"comment_status":"closed","ping_status":"closed","template":"","meta":{"_themeisle_gutenberg_block_has_review":false,"footnotes":""},"class_list":["post-1706","page","type-page","status-publish","hentry"],"yoast_head":"<!-- This site is optimized with the Yoast SEO plugin v26.9 - https:\/\/yoast.com\/product\/yoast-seo-wordpress\/ -->\n<title>Sozialfond - Lebenswelt Schule<\/title>\n<meta name=\"robots\" content=\"index, follow, max-snippet:-1, max-image-preview:large, max-video-preview:-1\" \/>\n<link rel=\"canonical\" href=\"https:\/\/www.lebenswelt-schule.de\/index.php\/lebenswelt\/sozialfond-und-patenschaften\/\" \/>\n<meta property=\"og:locale\" content=\"de_DE\" \/>\n<meta property=\"og:type\" content=\"article\" \/>\n<meta property=\"og:title\" content=\"Sozialfond - Lebenswelt Schule\" \/>\n<meta property=\"og:description\" content=\"Unterst\u00fctzung in schwierigen Zeiten Die Lebenswelt Schule Zwenkau bietet mit dem Sozialfonds eine zus\u00e4tzliche Unterst\u00fctzung f\u00fcrFamilien, die aufgrund finanzieller Engp\u00e4sse Schwierigkeiten haben, das Schulgeld zu zahlen.Das Ziel dieses Fonds ist es, Familien in schwierigen Lebenssituationen zu entlasten und denZugang zu Bildung f\u00fcr alle Sch\u00fclerinnen und Sch\u00fcler sicherzustellen. Wer kann einen Antrag stellen? Der Sozialfonds richtet[...]\" \/>\n<meta property=\"og:url\" content=\"https:\/\/www.lebenswelt-schule.de\/index.php\/lebenswelt\/sozialfond-und-patenschaften\/\" \/>\n<meta property=\"og:site_name\" content=\"Lebenswelt Schule\" \/>\n<meta property=\"article:publisher\" content=\"https:\/\/www.facebook.com\/lebensweltschule\" \/>\n<meta property=\"article:modified_time\" content=\"2026-03-27T09:13:42+00:00\" \/>\n<meta name=\"twitter:card\" content=\"summary_large_image\" \/>\n<meta name=\"twitter:label1\" content=\"Gesch\u00e4tzte Lesezeit\" \/>\n\t<meta name=\"twitter:data1\" content=\"2\u00a0Minuten\" \/>\n<script type=\"application\/ld+json\" class=\"yoast-schema-graph\">{\"@context\":\"https:\/\/schema.org\",\"@graph\":[{\"@type\":\"WebPage\",\"@id\":\"https:\/\/www.lebenswelt-schule.de\/index.php\/lebenswelt\/sozialfond-und-patenschaften\/\",\"url\":\"https:\/\/www.lebenswelt-schule.de\/index.php\/lebenswelt\/sozialfond-und-patenschaften\/\",\"name\":\"Sozialfond - Lebenswelt Schule\",\"isPartOf\":{\"@id\":\"https:\/\/www.lebenswelt-schule.de\/#website\"},\"datePublished\":\"2024-09-03T06:44:42+00:00\",\"dateModified\":\"2026-03-27T09:13:42+00:00\",\"breadcrumb\":{\"@id\":\"https:\/\/www.lebenswelt-schule.de\/index.php\/lebenswelt\/sozialfond-und-patenschaften\/#breadcrumb\"},\"inLanguage\":\"de\",\"potentialAction\":[{\"@type\":\"ReadAction\",\"target\":[\"https:\/\/www.lebenswelt-schule.de\/index.php\/lebenswelt\/sozialfond-und-patenschaften\/\"]}]},{\"@type\":\"BreadcrumbList\",\"@id\":\"https:\/\/www.lebenswelt-schule.de\/index.php\/lebenswelt\/sozialfond-und-patenschaften\/#breadcrumb\",\"itemListElement\":[{\"@type\":\"ListItem\",\"position\":1,\"name\":\"Home\",\"item\":\"https:\/\/www.lebenswelt-schule.de\/\"},{\"@type\":\"ListItem\",\"position\":2,\"name\":\"Lebenswelt\",\"item\":\"https:\/\/www.lebenswelt-schule.de\/index.php\/lebenswelt\/\"},{\"@type\":\"ListItem\",\"position\":3,\"name\":\"Sozialfond\"}]},{\"@type\":\"WebSite\",\"@id\":\"https:\/\/www.lebenswelt-schule.de\/#website\",\"url\":\"https:\/\/www.lebenswelt-schule.de\/\",\"name\":\"Lebenswelt Schule\",\"description\":\"Christliche Montessori-Ganztagsschule staatlich anerkannte Ersatzschule\",\"publisher\":{\"@id\":\"https:\/\/www.lebenswelt-schule.de\/#organization\"},\"potentialAction\":[{\"@type\":\"SearchAction\",\"target\":{\"@type\":\"EntryPoint\",\"urlTemplate\":\"https:\/\/www.lebenswelt-schule.de\/?s={search_term_string}\"},\"query-input\":{\"@type\":\"PropertyValueSpecification\",\"valueRequired\":true,\"valueName\":\"search_term_string\"}}],\"inLanguage\":\"de\"},{\"@type\":\"Organization\",\"@id\":\"https:\/\/www.lebenswelt-schule.de\/#organization\",\"name\":\"Lebenswelt Schule\",\"url\":\"https:\/\/www.lebenswelt-schule.de\/\",\"logo\":{\"@type\":\"ImageObject\",\"inLanguage\":\"de\",\"@id\":\"https:\/\/www.lebenswelt-schule.de\/#\/schema\/logo\/image\/\",\"url\":\"https:\/\/www.lebenswelt-schule.de\/wp-content\/uploads\/2021\/01\/logo-briefkopf.jpg\",\"contentUrl\":\"https:\/\/www.lebenswelt-schule.de\/wp-content\/uploads\/2021\/01\/logo-briefkopf.jpg\",\"width\":2442,\"height\":1638,\"caption\":\"Lebenswelt Schule\"},\"image\":{\"@id\":\"https:\/\/www.lebenswelt-schule.de\/#\/schema\/logo\/image\/\"},\"sameAs\":[\"https:\/\/www.facebook.com\/lebensweltschule\"]}]}<\/script>\n<!-- \/ Yoast SEO plugin. -->","yoast_head_json":{"title":"Sozialfond - Lebenswelt Schule","robots":{"index":"index","follow":"follow","max-snippet":"max-snippet:-1","max-image-preview":"max-image-preview:large","max-video-preview":"max-video-preview:-1"},"canonical":"https:\/\/www.lebenswelt-schule.de\/index.php\/lebenswelt\/sozialfond-und-patenschaften\/","og_locale":"de_DE","og_type":"article","og_title":"Sozialfond - Lebenswelt Schule","og_description":"Unterst\u00fctzung in schwierigen Zeiten Die Lebenswelt Schule Zwenkau bietet mit dem Sozialfonds eine zus\u00e4tzliche Unterst\u00fctzung f\u00fcrFamilien, die aufgrund finanzieller Engp\u00e4sse Schwierigkeiten haben, das Schulgeld zu zahlen.Das Ziel dieses Fonds ist es, Familien in schwierigen Lebenssituationen zu entlasten und denZugang zu Bildung f\u00fcr alle Sch\u00fclerinnen und Sch\u00fcler sicherzustellen. Wer kann einen Antrag stellen? Der Sozialfonds richtet[...]","og_url":"https:\/\/www.lebenswelt-schule.de\/index.php\/lebenswelt\/sozialfond-und-patenschaften\/","og_site_name":"Lebenswelt Schule","article_publisher":"https:\/\/www.facebook.com\/lebensweltschule","article_modified_time":"2026-03-27T09:13:42+00:00","twitter_card":"summary_large_image","twitter_misc":{"Gesch\u00e4tzte Lesezeit":"2\u00a0Minuten"},"schema":{"@context":"https:\/\/schema.org","@graph":[{"@type":"WebPage","@id":"https:\/\/www.lebenswelt-schule.de\/index.php\/lebenswelt\/sozialfond-und-patenschaften\/","url":"https:\/\/www.lebenswelt-schule.de\/index.php\/lebenswelt\/sozialfond-und-patenschaften\/","name":"Sozialfond - Lebenswelt Schule","isPartOf":{"@id":"https:\/\/www.lebenswelt-schule.de\/#website"},"datePublished":"2024-09-03T06:44:42+00:00","dateModified":"2026-03-27T09:13:42+00:00","breadcrumb":{"@id":"https:\/\/www.lebenswelt-schule.de\/index.php\/lebenswelt\/sozialfond-und-patenschaften\/#breadcrumb"},"inLanguage":"de","potentialAction":[{"@type":"ReadAction","target":["https:\/\/www.lebenswelt-schule.de\/index.php\/lebenswelt\/sozialfond-und-patenschaften\/"]}]},{"@type":"BreadcrumbList","@id":"https:\/\/www.lebenswelt-schule.de\/index.php\/lebenswelt\/sozialfond-und-patenschaften\/#breadcrumb","itemListElement":[{"@type":"ListItem","position":1,"name":"Home","item":"https:\/\/www.lebenswelt-schule.de\/"},{"@type":"ListItem","position":2,"name":"Lebenswelt","item":"https:\/\/www.lebenswelt-schule.de\/index.php\/lebenswelt\/"},{"@type":"ListItem","position":3,"name":"Sozialfond"}]},{"@type":"WebSite","@id":"https:\/\/www.lebenswelt-schule.de\/#website","url":"https:\/\/www.lebenswelt-schule.de\/","name":"Lebenswelt Schule","description":"Christliche Montessori-Ganztagsschule staatlich anerkannte Ersatzschule","publisher":{"@id":"https:\/\/www.lebenswelt-schule.de\/#organization"},"potentialAction":[{"@type":"SearchAction","target":{"@type":"EntryPoint","urlTemplate":"https:\/\/www.lebenswelt-schule.de\/?s={search_term_string}"},"query-input":{"@type":"PropertyValueSpecification","valueRequired":true,"valueName":"search_term_string"}}],"inLanguage":"de"},{"@type":"Organization","@id":"https:\/\/www.lebenswelt-schule.de\/#organization","name":"Lebenswelt Schule","url":"https:\/\/www.lebenswelt-schule.de\/","logo":{"@type":"ImageObject","inLanguage":"de","@id":"https:\/\/www.lebenswelt-schule.de\/#\/schema\/logo\/image\/","url":"https:\/\/www.lebenswelt-schule.de\/wp-content\/uploads\/2021\/01\/logo-briefkopf.jpg","contentUrl":"https:\/\/www.lebenswelt-schule.de\/wp-content\/uploads\/2021\/01\/logo-briefkopf.jpg","width":2442,"height":1638,"caption":"Lebenswelt Schule"},"image":{"@id":"https:\/\/www.lebenswelt-schule.de\/#\/schema\/logo\/image\/"},"sameAs":["https:\/\/www.facebook.com\/lebensweltschule"]}]}},"_links":{"self":[{"href":"https:\/\/www.lebenswelt-schule.de\/index.php\/wp-json\/wp\/v2\/pages\/1706","targetHints":{"allow":["GET"]}}],"collection":[{"href":"https:\/\/www.lebenswelt-schule.de\/index.php\/wp-json\/wp\/v2\/pages"}],"about":[{"href":"https:\/\/www.lebenswelt-schule.de\/index.php\/wp-json\/wp\/v2\/types\/page"}],"author":[{"embeddable":true,"href":"https:\/\/www.lebenswelt-schule.de\/index.php\/wp-json\/wp\/v2\/users\/1"}],"replies":[{"embeddable":true,"href":"https:\/\/www.lebenswelt-schule.de\/index.php\/wp-json\/wp\/v2\/comments?post=1706"}],"version-history":[{"count":3,"href":"https:\/\/www.lebenswelt-schule.de\/index.php\/wp-json\/wp\/v2\/pages\/1706\/revisions"}],"predecessor-version":[{"id":1760,"href":"https:\/\/www.lebenswelt-schule.de\/index.php\/wp-json\/wp\/v2\/pages\/1706\/revisions\/1760"}],"up":[{"embeddable":true,"href":"https:\/\/www.lebenswelt-schule.de\/index.php\/wp-json\/wp\/v2\/pages\/62"}],"wp:attachment":[{"href":"https:\/\/www.lebenswelt-schule.de\/index.php\/wp-json\/wp\/v2\/media?parent=1706"}],"curies":[{"name":"wp","href":"https:\/\/api.w.org\/{rel}","templated":true}]}}