{"id":2,"date":"2020-09-22T14:26:44","date_gmt":"2020-09-22T12:26:44","guid":{"rendered":"http:\/\/lebenswelt-schule.webentwicklung.haus-der-edv.de\/?page_id=2"},"modified":"2025-06-24T16:54:06","modified_gmt":"2025-06-24T14:54:06","slug":"startseite","status":"publish","type":"page","link":"https:\/\/www.lebenswelt-schule.de\/","title":{"rendered":"Herzlich Willkommen in der Lebenswelt Schule Zwenkau!"},"content":{"rendered":"\n<div class=\"alignnormal\"><div id=\"metaslider-id-211\" style=\"width: 100%; margin: 0 auto;\" class=\"ml-slider-3-105-0 metaslider metaslider-nivo metaslider-211 ml-slider ms-theme-default\" role=\"region\" aria-label=\"Startseite\" data-height=\"349\" data-width=\"841\">\n    <div id=\"metaslider_container_211\">\n        <div class='slider-wrapper theme-default'><div class='ribbon'><\/div><div id='metaslider_211' class='nivoSlider'><img loading=\"lazy\" decoding=\"async\" src=\"https:\/\/www.lebenswelt-schule.de\/wp-content\/uploads\/2020\/11\/lebenswelt-schule-82-logo-startseite-slider.jpg\" height=\"349\" width=\"841\" title=\"lebenswelt-schule-82-logo-startseite-slider\" alt=\"\" class=\"slider-211 slide-216 msDefaultImage\" \/><img loading=\"lazy\" decoding=\"async\" src=\"https:\/\/www.lebenswelt-schule.de\/wp-content\/uploads\/2020\/12\/Zwenkau-Impressionen_32-e1607510780545-841x349.jpg\" height=\"349\" width=\"841\" title=\"Zwenkau Impressionen_32\" alt=\"\" class=\"slider-211 slide-217 msDefaultImage\" \/><img loading=\"lazy\" decoding=\"async\" src=\"https:\/\/www.lebenswelt-schule.de\/wp-content\/uploads\/2022\/08\/IMG_8965-scaled-841x349.jpg\" height=\"349\" width=\"841\" title=\"IMG_8965\" alt=\"\" class=\"slider-211 slide-1583 msDefaultImage\" \/><img loading=\"lazy\" decoding=\"async\" src=\"https:\/\/www.lebenswelt-schule.de\/wp-content\/uploads\/2020\/12\/Homepage-Startseite_04-scaled-841x349.jpg\" height=\"349\" width=\"841\" title=\"OLYMPUS DIGITAL CAMERA\" alt=\"\" class=\"slider-211 slide-1024 msDefaultImage\" \/><img loading=\"lazy\" decoding=\"async\" src=\"https:\/\/www.lebenswelt-schule.de\/wp-content\/uploads\/2020\/12\/IMG_4018-scaled-841x349.jpg\" height=\"349\" width=\"841\" title=\"IMG_4018\" alt=\"\" class=\"slider-211 slide-1584 msDefaultImage\" \/><\/div><\/div>\n        \n    <\/div>\n<\/div><\/div>\n\n\n\n<p><\/p>\n\n\n\n<p><strong>DER MENSCH IM ZENTRUM<\/strong><\/p>\n\n\n\n<p>Die Lebenswelt Schule ist eine christliche Montessori-Einrichtung. Sie ist ein Ort der <strong>Vielfalt<\/strong> und gelebter <strong>Demokratie<\/strong>.&nbsp;Hier steht der Mensch im Zentrum &#8211; in seiner Individualit\u00e4t und sozialen Eingebundenheit, mit seinen demokratischen <strong>Freiheitsrechten<\/strong> und seiner <strong>Verantwortung<\/strong> f\u00fcr Gemeinschaft und Umwelt.&nbsp;<\/p>\n\n\n\n<p>Wir treten ein f\u00fcr die im Grundgesetz verfassten Grundrechte jedes Menschen und wenden uns entschieden <strong>gegen Diskriminierung, Rassismus und Antisemitismus<\/strong>, gegen jegliche extremistische, faschistische oder v\u00f6lkisch-biologistische Ideologien.<\/p>\n\n\n\n<p>Insbesondere setzen wir uns als Montessori-Einrichtung f\u00fcr die <strong>Rechte von Kindern<\/strong> und Jugendlichen ein, wie sie in der UN-Kinderrechtskonvention festgehalten sind.<\/p>\n\n\n\n<p>Wir stehen ein f\u00fcr den <strong>Schutz von Kindern<\/strong> und arbeiten nach unserem im Team erarbeiteten Schutzkonzept bei Verdacht auf Kindeswohlgef\u00e4hrdung.<\/p>\n\n\n\n<p>UNSERE WERTE &#8211; WOF\u00dcR WIR STEHEN<\/p>\n\n\n\n<ul class=\"wp-block-list\">\n<li>die Anerkennung der <strong>Gleichw\u00fcrdigkeit<\/strong> aller Menschen<\/li>\n\n\n\n<li>demokratisches Handeln auf Grundlage des Grundgesetzes<\/li>\n\n\n\n<li>Erziehung zum <strong>Frieden<\/strong><\/li>\n\n\n\n<li>Individualit\u00e4t in Gemeinschaft<\/li>\n\n\n\n<li>Engagement f\u00fcr eine offene und vielf\u00e4ltige Gesellschaft<\/li>\n\n\n\n<li><strong>Inklusion<\/strong><\/li>\n<\/ul>\n\n\n\n<p>Diese Haltungen sind Grundlage unseres p\u00e4dagogischen Handelns und fester Bestandteil unseres Selbstverst\u00e4ndnisses als Montessori-Einrichtung.<\/p>\n\n\n\n<hr class=\"wp-block-separator has-alpha-channel-opacity\"\/>\n\n\n\n<p class=\"has-text-align-center\"><strong>Hier finden Sie alle Informationen zu unserem gro\u00dfen Bauvorhaben:<\/strong><\/p>\n\n\n\n<figure class=\"wp-block-image size-large\"><a href=\"https:\/\/www.lebenswelt-schule.de\/index.php\/konzeption\/unser-schulhaus\/\"><img loading=\"lazy\" decoding=\"async\" width=\"1024\" height=\"555\" src=\"https:\/\/www.lebenswelt-schule.de\/wp-content\/uploads\/2025\/06\/3D-Bild-1024x555.jpg\" alt=\"\" class=\"wp-image-1774\" srcset=\"https:\/\/www.lebenswelt-schule.de\/wp-content\/uploads\/2025\/06\/3D-Bild-1024x555.jpg 1024w, https:\/\/www.lebenswelt-schule.de\/wp-content\/uploads\/2025\/06\/3D-Bild-300x163.jpg 300w, https:\/\/www.lebenswelt-schule.de\/wp-content\/uploads\/2025\/06\/3D-Bild-768x416.jpg 768w, https:\/\/www.lebenswelt-schule.de\/wp-content\/uploads\/2025\/06\/3D-Bild-1536x833.jpg 1536w, https:\/\/www.lebenswelt-schule.de\/wp-content\/uploads\/2025\/06\/3D-Bild.jpg 1902w\" sizes=\"auto, (max-width: 1024px) 100vw, 1024px\" \/><\/a><\/figure>\n\n\n\n<hr class=\"wp-block-separator has-alpha-channel-opacity\"\/>\n\n\n\n<p><strong>Und hier finden Eltern und Mitarbeiter ihren <a href=\"https:\/\/woelkchen.lwsz.de\">Zugang zu unserem Schulportal<\/a>.<\/strong><\/p>\n","protected":false},"excerpt":{"rendered":"<p>DER MENSCH IM ZENTRUM Die Lebenswelt Schule ist eine christliche Montessori-Einrichtung. Sie ist ein Ort der Vielfalt und gelebter Demokratie.&nbsp;Hier steht der Mensch im Zentrum &#8211; in seiner Individualit\u00e4t und sozialen Eingebundenheit, mit seinen demokratischen Freiheitsrechten und seiner Verantwortung f\u00fcr Gemeinschaft und Umwelt.&nbsp; Wir treten ein f\u00fcr die im Grundgesetz verfassten Grundrechte jedes Menschen und<a href=\"https:\/\/www.lebenswelt-schule.de\/\">[&#8230;]<\/a><\/p>\n","protected":false},"author":1,"featured_media":0,"parent":0,"menu_order":0,"comment_status":"closed","ping_status":"closed","template":"","meta":{"_themeisle_gutenberg_block_has_review":false,"footnotes":""},"class_list":["post-2","page","type-page","status-publish","hentry"],"yoast_head":"<!-- This site is optimized with the Yoast SEO plugin v26.9 - https:\/\/yoast.com\/product\/yoast-seo-wordpress\/ -->\n<title>Herzlich Willkommen in der Lebenswelt Schule Zwenkau! - Lebenswelt Schule<\/title>\n<meta name=\"robots\" content=\"index, follow, max-snippet:-1, max-image-preview:large, max-video-preview:-1\" \/>\n<link rel=\"canonical\" href=\"https:\/\/www.lebenswelt-schule.de\/\" \/>\n<meta property=\"og:locale\" content=\"de_DE\" \/>\n<meta property=\"og:type\" content=\"article\" \/>\n<meta property=\"og:title\" content=\"Herzlich Willkommen in der Lebenswelt Schule Zwenkau! - Lebenswelt Schule\" \/>\n<meta property=\"og:description\" content=\"DER MENSCH IM ZENTRUM Die Lebenswelt Schule ist eine christliche Montessori-Einrichtung. Sie ist ein Ort der Vielfalt und gelebter Demokratie.&nbsp;Hier steht der Mensch im Zentrum &#8211; in seiner Individualit\u00e4t und sozialen Eingebundenheit, mit seinen demokratischen Freiheitsrechten und seiner Verantwortung f\u00fcr Gemeinschaft und Umwelt.&nbsp; Wir treten ein f\u00fcr die im Grundgesetz verfassten Grundrechte jedes Menschen und[...]\" \/>\n<meta property=\"og:url\" content=\"https:\/\/www.lebenswelt-schule.de\/\" \/>\n<meta property=\"og:site_name\" content=\"Lebenswelt Schule\" \/>\n<meta property=\"article:publisher\" content=\"https:\/\/www.facebook.com\/lebensweltschule\" \/>\n<meta property=\"article:modified_time\" content=\"2025-06-24T14:54:06+00:00\" \/>\n<meta property=\"og:image\" content=\"https:\/\/www.lebenswelt-schule.de\/wp-content\/uploads\/2025\/06\/3D-Bild-1024x555.jpg\" \/>\n<meta name=\"twitter:card\" content=\"summary_large_image\" \/>\n<meta name=\"twitter:label1\" content=\"Gesch\u00e4tzte Lesezeit\" \/>\n\t<meta name=\"twitter:data1\" content=\"2\u00a0Minuten\" \/>\n<script type=\"application\/ld+json\" class=\"yoast-schema-graph\">{\"@context\":\"https:\/\/schema.org\",\"@graph\":[{\"@type\":\"WebPage\",\"@id\":\"https:\/\/www.lebenswelt-schule.de\/\",\"url\":\"https:\/\/www.lebenswelt-schule.de\/\",\"name\":\"Herzlich Willkommen in der Lebenswelt Schule Zwenkau! - Lebenswelt Schule\",\"isPartOf\":{\"@id\":\"https:\/\/www.lebenswelt-schule.de\/#website\"},\"primaryImageOfPage\":{\"@id\":\"https:\/\/www.lebenswelt-schule.de\/#primaryimage\"},\"image\":{\"@id\":\"https:\/\/www.lebenswelt-schule.de\/#primaryimage\"},\"thumbnailUrl\":\"https:\/\/www.lebenswelt-schule.de\/wp-content\/uploads\/2025\/06\/3D-Bild-1024x555.jpg\",\"datePublished\":\"2020-09-22T12:26:44+00:00\",\"dateModified\":\"2025-06-24T14:54:06+00:00\",\"breadcrumb\":{\"@id\":\"https:\/\/www.lebenswelt-schule.de\/#breadcrumb\"},\"inLanguage\":\"de\",\"potentialAction\":[{\"@type\":\"ReadAction\",\"target\":[\"https:\/\/www.lebenswelt-schule.de\/\"]}]},{\"@type\":\"ImageObject\",\"inLanguage\":\"de\",\"@id\":\"https:\/\/www.lebenswelt-schule.de\/#primaryimage\",\"url\":\"https:\/\/www.lebenswelt-schule.de\/wp-content\/uploads\/2025\/06\/3D-Bild.jpg\",\"contentUrl\":\"https:\/\/www.lebenswelt-schule.de\/wp-content\/uploads\/2025\/06\/3D-Bild.jpg\",\"width\":1902,\"height\":1031},{\"@type\":\"BreadcrumbList\",\"@id\":\"https:\/\/www.lebenswelt-schule.de\/#breadcrumb\",\"itemListElement\":[{\"@type\":\"ListItem\",\"position\":1,\"name\":\"Home\",\"item\":\"https:\/\/www.lebenswelt-schule.de\/\"},{\"@type\":\"ListItem\",\"position\":2,\"name\":\"Herzlich Willkommen in der Lebenswelt Schule Zwenkau!\"}]},{\"@type\":\"WebSite\",\"@id\":\"https:\/\/www.lebenswelt-schule.de\/#website\",\"url\":\"https:\/\/www.lebenswelt-schule.de\/\",\"name\":\"Lebenswelt Schule\",\"description\":\"Christliche Montessori-Ganztagsschule staatlich anerkannte Ersatzschule\",\"publisher\":{\"@id\":\"https:\/\/www.lebenswelt-schule.de\/#organization\"},\"potentialAction\":[{\"@type\":\"SearchAction\",\"target\":{\"@type\":\"EntryPoint\",\"urlTemplate\":\"https:\/\/www.lebenswelt-schule.de\/?s={search_term_string}\"},\"query-input\":{\"@type\":\"PropertyValueSpecification\",\"valueRequired\":true,\"valueName\":\"search_term_string\"}}],\"inLanguage\":\"de\"},{\"@type\":\"Organization\",\"@id\":\"https:\/\/www.lebenswelt-schule.de\/#organization\",\"name\":\"Lebenswelt Schule\",\"url\":\"https:\/\/www.lebenswelt-schule.de\/\",\"logo\":{\"@type\":\"ImageObject\",\"inLanguage\":\"de\",\"@id\":\"https:\/\/www.lebenswelt-schule.de\/#\/schema\/logo\/image\/\",\"url\":\"https:\/\/www.lebenswelt-schule.de\/wp-content\/uploads\/2021\/01\/logo-briefkopf.jpg\",\"contentUrl\":\"https:\/\/www.lebenswelt-schule.de\/wp-content\/uploads\/2021\/01\/logo-briefkopf.jpg\",\"width\":2442,\"height\":1638,\"caption\":\"Lebenswelt Schule\"},\"image\":{\"@id\":\"https:\/\/www.lebenswelt-schule.de\/#\/schema\/logo\/image\/\"},\"sameAs\":[\"https:\/\/www.facebook.com\/lebensweltschule\"]}]}<\/script>\n<!-- \/ Yoast SEO plugin. -->","yoast_head_json":{"title":"Herzlich Willkommen in der Lebenswelt Schule Zwenkau! - Lebenswelt Schule","robots":{"index":"index","follow":"follow","max-snippet":"max-snippet:-1","max-image-preview":"max-image-preview:large","max-video-preview":"max-video-preview:-1"},"canonical":"https:\/\/www.lebenswelt-schule.de\/","og_locale":"de_DE","og_type":"article","og_title":"Herzlich Willkommen in der Lebenswelt Schule Zwenkau! - Lebenswelt Schule","og_description":"DER MENSCH IM ZENTRUM Die Lebenswelt Schule ist eine christliche Montessori-Einrichtung. Sie ist ein Ort der Vielfalt und gelebter Demokratie.&nbsp;Hier steht der Mensch im Zentrum &#8211; in seiner Individualit\u00e4t und sozialen Eingebundenheit, mit seinen demokratischen Freiheitsrechten und seiner Verantwortung f\u00fcr Gemeinschaft und Umwelt.&nbsp; Wir treten ein f\u00fcr die im Grundgesetz verfassten Grundrechte jedes Menschen und[...]","og_url":"https:\/\/www.lebenswelt-schule.de\/","og_site_name":"Lebenswelt Schule","article_publisher":"https:\/\/www.facebook.com\/lebensweltschule","article_modified_time":"2025-06-24T14:54:06+00:00","og_image":[{"url":"https:\/\/www.lebenswelt-schule.de\/wp-content\/uploads\/2025\/06\/3D-Bild-1024x555.jpg","type":"","width":"","height":""}],"twitter_card":"summary_large_image","twitter_misc":{"Gesch\u00e4tzte Lesezeit":"2\u00a0Minuten"},"schema":{"@context":"https:\/\/schema.org","@graph":[{"@type":"WebPage","@id":"https:\/\/www.lebenswelt-schule.de\/","url":"https:\/\/www.lebenswelt-schule.de\/","name":"Herzlich Willkommen in der Lebenswelt Schule Zwenkau! - Lebenswelt Schule","isPartOf":{"@id":"https:\/\/www.lebenswelt-schule.de\/#website"},"primaryImageOfPage":{"@id":"https:\/\/www.lebenswelt-schule.de\/#primaryimage"},"image":{"@id":"https:\/\/www.lebenswelt-schule.de\/#primaryimage"},"thumbnailUrl":"https:\/\/www.lebenswelt-schule.de\/wp-content\/uploads\/2025\/06\/3D-Bild-1024x555.jpg","datePublished":"2020-09-22T12:26:44+00:00","dateModified":"2025-06-24T14:54:06+00:00","breadcrumb":{"@id":"https:\/\/www.lebenswelt-schule.de\/#breadcrumb"},"inLanguage":"de","potentialAction":[{"@type":"ReadAction","target":["https:\/\/www.lebenswelt-schule.de\/"]}]},{"@type":"ImageObject","inLanguage":"de","@id":"https:\/\/www.lebenswelt-schule.de\/#primaryimage","url":"https:\/\/www.lebenswelt-schule.de\/wp-content\/uploads\/2025\/06\/3D-Bild.jpg","contentUrl":"https:\/\/www.lebenswelt-schule.de\/wp-content\/uploads\/2025\/06\/3D-Bild.jpg","width":1902,"height":1031},{"@type":"BreadcrumbList","@id":"https:\/\/www.lebenswelt-schule.de\/#breadcrumb","itemListElement":[{"@type":"ListItem","position":1,"name":"Home","item":"https:\/\/www.lebenswelt-schule.de\/"},{"@type":"ListItem","position":2,"name":"Herzlich Willkommen in der Lebenswelt Schule Zwenkau!"}]},{"@type":"WebSite","@id":"https:\/\/www.lebenswelt-schule.de\/#website","url":"https:\/\/www.lebenswelt-schule.de\/","name":"Lebenswelt Schule","description":"Christliche Montessori-Ganztagsschule staatlich anerkannte Ersatzschule","publisher":{"@id":"https:\/\/www.lebenswelt-schule.de\/#organization"},"potentialAction":[{"@type":"SearchAction","target":{"@type":"EntryPoint","urlTemplate":"https:\/\/www.lebenswelt-schule.de\/?s={search_term_string}"},"query-input":{"@type":"PropertyValueSpecification","valueRequired":true,"valueName":"search_term_string"}}],"inLanguage":"de"},{"@type":"Organization","@id":"https:\/\/www.lebenswelt-schule.de\/#organization","name":"Lebenswelt Schule","url":"https:\/\/www.lebenswelt-schule.de\/","logo":{"@type":"ImageObject","inLanguage":"de","@id":"https:\/\/www.lebenswelt-schule.de\/#\/schema\/logo\/image\/","url":"https:\/\/www.lebenswelt-schule.de\/wp-content\/uploads\/2021\/01\/logo-briefkopf.jpg","contentUrl":"https:\/\/www.lebenswelt-schule.de\/wp-content\/uploads\/2021\/01\/logo-briefkopf.jpg","width":2442,"height":1638,"caption":"Lebenswelt Schule"},"image":{"@id":"https:\/\/www.lebenswelt-schule.de\/#\/schema\/logo\/image\/"},"sameAs":["https:\/\/www.facebook.com\/lebensweltschule"]}]}},"_links":{"self":[{"href":"https:\/\/www.lebenswelt-schule.de\/index.php\/wp-json\/wp\/v2\/pages\/2","targetHints":{"allow":["GET"]}}],"collection":[{"href":"https:\/\/www.lebenswelt-schule.de\/index.php\/wp-json\/wp\/v2\/pages"}],"about":[{"href":"https:\/\/www.lebenswelt-schule.de\/index.php\/wp-json\/wp\/v2\/types\/page"}],"author":[{"embeddable":true,"href":"https:\/\/www.lebenswelt-schule.de\/index.php\/wp-json\/wp\/v2\/users\/1"}],"replies":[{"embeddable":true,"href":"https:\/\/www.lebenswelt-schule.de\/index.php\/wp-json\/wp\/v2\/comments?post=2"}],"version-history":[{"count":31,"href":"https:\/\/www.lebenswelt-schule.de\/index.php\/wp-json\/wp\/v2\/pages\/2\/revisions"}],"predecessor-version":[{"id":1778,"href":"https:\/\/www.lebenswelt-schule.de\/index.php\/wp-json\/wp\/v2\/pages\/2\/revisions\/1778"}],"wp:attachment":[{"href":"https:\/\/www.lebenswelt-schule.de\/index.php\/wp-json\/wp\/v2\/media?parent=2"}],"curies":[{"name":"wp","href":"https:\/\/api.w.org\/{rel}","templated":true}]}}