{"id":31,"date":"2020-10-06T10:19:21","date_gmt":"2020-10-06T08:19:21","guid":{"rendered":"http:\/\/lebenswelt-schule.webentwicklung.haus-der-edv.de\/?page_id=31"},"modified":"2022-08-15T11:14:25","modified_gmt":"2022-08-15T09:14:25","slug":"haeufige-fragen","status":"publish","type":"page","link":"https:\/\/www.lebenswelt-schule.de\/index.php\/schule\/haeufige-fragen\/","title":{"rendered":"Schulteam"},"content":{"rendered":"\n<h1 class=\"wp-block-heading\"><strong><span class=\"has-inline-color has-vivid-purple-color\">Unser Schulteam<\/span><\/strong><\/h1>\n\n\n\n<p>Unser engagiertes Schulteam besteht aus 6 Klassenlehrerinnen, 2 Schulbegleiterinnen und 2 <a href=\"https:\/\/www.lebenswelt-schule.de\/index.php\/lebenswelt-team\/inklusionsassistenz\/\">Inklusionsassistentinnen<\/a>, die auf der Grundlage unserer p\u00e4dagogischen Konzeption eng zusammenarbeiten.<\/p>\n\n\n\n<p>Jede P\u00e4dagogin verf\u00fcgt neben ihrem abgeschlossenen Lehramtsstudium bzw. der Ausbildung zur Erzieherin \u00fcber das Montessori-Diplom sowie \u00fcber langj\u00e4hrige Berufserfahrung.<\/p>\n\n\n\n<p>Die p\u00e4dagogische Arbeit aller Mitarbeiterinnen des Schulteams ist gekennzeichnet durch Liebe, Wertsch\u00e4tzung und Annahme jedes an der Schule aufgenommenen Kindes. <\/p>\n\n\n\n<p>Die P\u00e4dagoginnen begleiten die Lebens- und Lernwege der Kinder und initiieren die individuellen Lernprozesse, indem sie dem jeweiligen Entwicklungsstand des Kindes entsprechende Materialien anbieten und die Lernumgebung des Kindes so gestalten, dass seine Selbst\u00e4ndigkeit und Selbstt\u00e4tigkeit gef\u00f6rdert werden. Sie gehen achtsam auf jeden einzelnen Sch\u00fcler ein.<\/p>\n\n\n\n<p>Jede P\u00e4dagogin arbeitet mit hohem Engagement, Professionalit\u00e4t und Freude an der Weiterentwicklung unserer Lebenswelt Schule mit.<\/p>\n","protected":false},"excerpt":{"rendered":"<p>Unser Schulteam Unser engagiertes Schulteam besteht aus 6 Klassenlehrerinnen, 2 Schulbegleiterinnen und 2 Inklusionsassistentinnen, die auf der Grundlage unserer p\u00e4dagogischen Konzeption eng zusammenarbeiten. Jede P\u00e4dagogin verf\u00fcgt neben ihrem abgeschlossenen Lehramtsstudium bzw. der Ausbildung zur Erzieherin \u00fcber das Montessori-Diplom sowie \u00fcber langj\u00e4hrige Berufserfahrung. Die p\u00e4dagogische Arbeit aller Mitarbeiterinnen des Schulteams ist gekennzeichnet durch Liebe, Wertsch\u00e4tzung und<a href=\"https:\/\/www.lebenswelt-schule.de\/index.php\/schule\/haeufige-fragen\/\">[&#8230;]<\/a><\/p>\n","protected":false},"author":1,"featured_media":0,"parent":17,"menu_order":0,"comment_status":"closed","ping_status":"closed","template":"","meta":{"_themeisle_gutenberg_block_has_review":false,"footnotes":""},"class_list":["post-31","page","type-page","status-publish","hentry"],"yoast_head":"<!-- This site is optimized with the Yoast SEO plugin v26.9 - https:\/\/yoast.com\/product\/yoast-seo-wordpress\/ -->\n<title>Schulteam - Lebenswelt Schule<\/title>\n<meta name=\"robots\" content=\"index, follow, max-snippet:-1, max-image-preview:large, max-video-preview:-1\" \/>\n<link rel=\"canonical\" href=\"https:\/\/www.lebenswelt-schule.de\/index.php\/schule\/haeufige-fragen\/\" \/>\n<meta property=\"og:locale\" content=\"de_DE\" \/>\n<meta property=\"og:type\" content=\"article\" \/>\n<meta property=\"og:title\" content=\"Schulteam - Lebenswelt Schule\" \/>\n<meta property=\"og:description\" content=\"Unser Schulteam Unser engagiertes Schulteam besteht aus 6 Klassenlehrerinnen, 2 Schulbegleiterinnen und 2 Inklusionsassistentinnen, die auf der Grundlage unserer p\u00e4dagogischen Konzeption eng zusammenarbeiten. Jede P\u00e4dagogin verf\u00fcgt neben ihrem abgeschlossenen Lehramtsstudium bzw. der Ausbildung zur Erzieherin \u00fcber das Montessori-Diplom sowie \u00fcber langj\u00e4hrige Berufserfahrung. Die p\u00e4dagogische Arbeit aller Mitarbeiterinnen des Schulteams ist gekennzeichnet durch Liebe, Wertsch\u00e4tzung und[...]\" \/>\n<meta property=\"og:url\" content=\"https:\/\/www.lebenswelt-schule.de\/index.php\/schule\/haeufige-fragen\/\" \/>\n<meta property=\"og:site_name\" content=\"Lebenswelt Schule\" \/>\n<meta property=\"article:publisher\" content=\"https:\/\/www.facebook.com\/lebensweltschule\" \/>\n<meta property=\"article:modified_time\" content=\"2022-08-15T09:14:25+00:00\" \/>\n<meta name=\"twitter:card\" content=\"summary_large_image\" \/>\n<meta name=\"twitter:label1\" content=\"Gesch\u00e4tzte Lesezeit\" \/>\n\t<meta name=\"twitter:data1\" content=\"1\u00a0Minute\" \/>\n<script type=\"application\/ld+json\" class=\"yoast-schema-graph\">{\"@context\":\"https:\/\/schema.org\",\"@graph\":[{\"@type\":\"WebPage\",\"@id\":\"https:\/\/www.lebenswelt-schule.de\/index.php\/schule\/haeufige-fragen\/\",\"url\":\"https:\/\/www.lebenswelt-schule.de\/index.php\/schule\/haeufige-fragen\/\",\"name\":\"Schulteam - Lebenswelt Schule\",\"isPartOf\":{\"@id\":\"https:\/\/www.lebenswelt-schule.de\/#website\"},\"datePublished\":\"2020-10-06T08:19:21+00:00\",\"dateModified\":\"2022-08-15T09:14:25+00:00\",\"breadcrumb\":{\"@id\":\"https:\/\/www.lebenswelt-schule.de\/index.php\/schule\/haeufige-fragen\/#breadcrumb\"},\"inLanguage\":\"de\",\"potentialAction\":[{\"@type\":\"ReadAction\",\"target\":[\"https:\/\/www.lebenswelt-schule.de\/index.php\/schule\/haeufige-fragen\/\"]}]},{\"@type\":\"BreadcrumbList\",\"@id\":\"https:\/\/www.lebenswelt-schule.de\/index.php\/schule\/haeufige-fragen\/#breadcrumb\",\"itemListElement\":[{\"@type\":\"ListItem\",\"position\":1,\"name\":\"Home\",\"item\":\"https:\/\/www.lebenswelt-schule.de\/\"},{\"@type\":\"ListItem\",\"position\":2,\"name\":\"Schule\",\"item\":\"https:\/\/www.lebenswelt-schule.de\/index.php\/schule\/\"},{\"@type\":\"ListItem\",\"position\":3,\"name\":\"Schulteam\"}]},{\"@type\":\"WebSite\",\"@id\":\"https:\/\/www.lebenswelt-schule.de\/#website\",\"url\":\"https:\/\/www.lebenswelt-schule.de\/\",\"name\":\"Lebenswelt Schule\",\"description\":\"Christliche Montessori-Ganztagsschule staatlich anerkannte Ersatzschule\",\"publisher\":{\"@id\":\"https:\/\/www.lebenswelt-schule.de\/#organization\"},\"potentialAction\":[{\"@type\":\"SearchAction\",\"target\":{\"@type\":\"EntryPoint\",\"urlTemplate\":\"https:\/\/www.lebenswelt-schule.de\/?s={search_term_string}\"},\"query-input\":{\"@type\":\"PropertyValueSpecification\",\"valueRequired\":true,\"valueName\":\"search_term_string\"}}],\"inLanguage\":\"de\"},{\"@type\":\"Organization\",\"@id\":\"https:\/\/www.lebenswelt-schule.de\/#organization\",\"name\":\"Lebenswelt Schule\",\"url\":\"https:\/\/www.lebenswelt-schule.de\/\",\"logo\":{\"@type\":\"ImageObject\",\"inLanguage\":\"de\",\"@id\":\"https:\/\/www.lebenswelt-schule.de\/#\/schema\/logo\/image\/\",\"url\":\"https:\/\/www.lebenswelt-schule.de\/wp-content\/uploads\/2021\/01\/logo-briefkopf.jpg\",\"contentUrl\":\"https:\/\/www.lebenswelt-schule.de\/wp-content\/uploads\/2021\/01\/logo-briefkopf.jpg\",\"width\":2442,\"height\":1638,\"caption\":\"Lebenswelt Schule\"},\"image\":{\"@id\":\"https:\/\/www.lebenswelt-schule.de\/#\/schema\/logo\/image\/\"},\"sameAs\":[\"https:\/\/www.facebook.com\/lebensweltschule\"]}]}<\/script>\n<!-- \/ Yoast SEO plugin. -->","yoast_head_json":{"title":"Schulteam - Lebenswelt Schule","robots":{"index":"index","follow":"follow","max-snippet":"max-snippet:-1","max-image-preview":"max-image-preview:large","max-video-preview":"max-video-preview:-1"},"canonical":"https:\/\/www.lebenswelt-schule.de\/index.php\/schule\/haeufige-fragen\/","og_locale":"de_DE","og_type":"article","og_title":"Schulteam - Lebenswelt Schule","og_description":"Unser Schulteam Unser engagiertes Schulteam besteht aus 6 Klassenlehrerinnen, 2 Schulbegleiterinnen und 2 Inklusionsassistentinnen, die auf der Grundlage unserer p\u00e4dagogischen Konzeption eng zusammenarbeiten. Jede P\u00e4dagogin verf\u00fcgt neben ihrem abgeschlossenen Lehramtsstudium bzw. der Ausbildung zur Erzieherin \u00fcber das Montessori-Diplom sowie \u00fcber langj\u00e4hrige Berufserfahrung. Die p\u00e4dagogische Arbeit aller Mitarbeiterinnen des Schulteams ist gekennzeichnet durch Liebe, Wertsch\u00e4tzung und[...]","og_url":"https:\/\/www.lebenswelt-schule.de\/index.php\/schule\/haeufige-fragen\/","og_site_name":"Lebenswelt Schule","article_publisher":"https:\/\/www.facebook.com\/lebensweltschule","article_modified_time":"2022-08-15T09:14:25+00:00","twitter_card":"summary_large_image","twitter_misc":{"Gesch\u00e4tzte Lesezeit":"1\u00a0Minute"},"schema":{"@context":"https:\/\/schema.org","@graph":[{"@type":"WebPage","@id":"https:\/\/www.lebenswelt-schule.de\/index.php\/schule\/haeufige-fragen\/","url":"https:\/\/www.lebenswelt-schule.de\/index.php\/schule\/haeufige-fragen\/","name":"Schulteam - Lebenswelt Schule","isPartOf":{"@id":"https:\/\/www.lebenswelt-schule.de\/#website"},"datePublished":"2020-10-06T08:19:21+00:00","dateModified":"2022-08-15T09:14:25+00:00","breadcrumb":{"@id":"https:\/\/www.lebenswelt-schule.de\/index.php\/schule\/haeufige-fragen\/#breadcrumb"},"inLanguage":"de","potentialAction":[{"@type":"ReadAction","target":["https:\/\/www.lebenswelt-schule.de\/index.php\/schule\/haeufige-fragen\/"]}]},{"@type":"BreadcrumbList","@id":"https:\/\/www.lebenswelt-schule.de\/index.php\/schule\/haeufige-fragen\/#breadcrumb","itemListElement":[{"@type":"ListItem","position":1,"name":"Home","item":"https:\/\/www.lebenswelt-schule.de\/"},{"@type":"ListItem","position":2,"name":"Schule","item":"https:\/\/www.lebenswelt-schule.de\/index.php\/schule\/"},{"@type":"ListItem","position":3,"name":"Schulteam"}]},{"@type":"WebSite","@id":"https:\/\/www.lebenswelt-schule.de\/#website","url":"https:\/\/www.lebenswelt-schule.de\/","name":"Lebenswelt Schule","description":"Christliche Montessori-Ganztagsschule staatlich anerkannte Ersatzschule","publisher":{"@id":"https:\/\/www.lebenswelt-schule.de\/#organization"},"potentialAction":[{"@type":"SearchAction","target":{"@type":"EntryPoint","urlTemplate":"https:\/\/www.lebenswelt-schule.de\/?s={search_term_string}"},"query-input":{"@type":"PropertyValueSpecification","valueRequired":true,"valueName":"search_term_string"}}],"inLanguage":"de"},{"@type":"Organization","@id":"https:\/\/www.lebenswelt-schule.de\/#organization","name":"Lebenswelt Schule","url":"https:\/\/www.lebenswelt-schule.de\/","logo":{"@type":"ImageObject","inLanguage":"de","@id":"https:\/\/www.lebenswelt-schule.de\/#\/schema\/logo\/image\/","url":"https:\/\/www.lebenswelt-schule.de\/wp-content\/uploads\/2021\/01\/logo-briefkopf.jpg","contentUrl":"https:\/\/www.lebenswelt-schule.de\/wp-content\/uploads\/2021\/01\/logo-briefkopf.jpg","width":2442,"height":1638,"caption":"Lebenswelt Schule"},"image":{"@id":"https:\/\/www.lebenswelt-schule.de\/#\/schema\/logo\/image\/"},"sameAs":["https:\/\/www.facebook.com\/lebensweltschule"]}]}},"_links":{"self":[{"href":"https:\/\/www.lebenswelt-schule.de\/index.php\/wp-json\/wp\/v2\/pages\/31","targetHints":{"allow":["GET"]}}],"collection":[{"href":"https:\/\/www.lebenswelt-schule.de\/index.php\/wp-json\/wp\/v2\/pages"}],"about":[{"href":"https:\/\/www.lebenswelt-schule.de\/index.php\/wp-json\/wp\/v2\/types\/page"}],"author":[{"embeddable":true,"href":"https:\/\/www.lebenswelt-schule.de\/index.php\/wp-json\/wp\/v2\/users\/1"}],"replies":[{"embeddable":true,"href":"https:\/\/www.lebenswelt-schule.de\/index.php\/wp-json\/wp\/v2\/comments?post=31"}],"version-history":[{"count":18,"href":"https:\/\/www.lebenswelt-schule.de\/index.php\/wp-json\/wp\/v2\/pages\/31\/revisions"}],"predecessor-version":[{"id":1397,"href":"https:\/\/www.lebenswelt-schule.de\/index.php\/wp-json\/wp\/v2\/pages\/31\/revisions\/1397"}],"up":[{"embeddable":true,"href":"https:\/\/www.lebenswelt-schule.de\/index.php\/wp-json\/wp\/v2\/pages\/17"}],"wp:attachment":[{"href":"https:\/\/www.lebenswelt-schule.de\/index.php\/wp-json\/wp\/v2\/media?parent=31"}],"curies":[{"name":"wp","href":"https:\/\/api.w.org\/{rel}","templated":true}]}}