{"id":310,"date":"2020-12-15T10:25:58","date_gmt":"2020-12-15T09:25:58","guid":{"rendered":"http:\/\/lebenswelt-schule.webentwicklung.haus-der-edv.de\/?page_id=310"},"modified":"2022-08-15T14:42:17","modified_gmt":"2022-08-15T12:42:17","slug":"aufnahmeverfahren","status":"publish","type":"page","link":"https:\/\/www.lebenswelt-schule.de\/index.php\/aufnahmeverfahren\/","title":{"rendered":"Aufnahmeverfahren"},"content":{"rendered":"\n<div style=\"height:30px\" aria-hidden=\"true\" class=\"wp-block-spacer\"><\/div>\n\n\n\n<h1 class=\"has-text-align-center has-luminous-vivid-orange-color has-text-color wp-block-heading\"><mark style=\"background-color:rgba(0, 0, 0, 0)\" class=\"has-inline-color has-luminous-vivid-orange-color\">Wir sind eine inklusive Schule und setzen uns verantwortungsvoll <br>mit der m\u00f6glichen Aufnahme jedes Kindes auseinander.<\/mark><\/h1>\n\n\n\n<div style=\"height:30px\" aria-hidden=\"true\" class=\"wp-block-spacer\"><\/div>\n\n\n\n<h1 class=\"has-luminous-vivid-orange-color has-text-color wp-block-heading\" id=\"zur\u00fcck\"><mark style=\"background-color:rgba(0, 0, 0, 0)\" class=\"has-inline-color has-luminous-vivid-orange-color\">Liebe Eltern,<\/mark><\/h1>\n\n\n\n<p>sie setzen sich mit der Einschulung ihres Kindes auseinander. <br>Danke, dass sie auch die Lebenswelt Schule in ihren Entscheidungsprozess einbeziehen.<\/p>\n\n\n\n<p>Auf dieser Seite erhalten Sie Informationen zu unserem Aufnahmeverfahren, wichtige Termine und alle notwendigen Dokumente zum Download.<\/p>\n\n\n\n<figure class=\"wp-block-image size-large\"><img loading=\"lazy\" decoding=\"async\" width=\"1024\" height=\"763\" src=\"https:\/\/www.lebenswelt-schule.de\/wp-content\/uploads\/2022\/08\/IMG_0795-2-1024x763.jpg\" alt=\"\" class=\"wp-image-1408\" srcset=\"https:\/\/www.lebenswelt-schule.de\/wp-content\/uploads\/2022\/08\/IMG_0795-2-1024x763.jpg 1024w, https:\/\/www.lebenswelt-schule.de\/wp-content\/uploads\/2022\/08\/IMG_0795-2-300x224.jpg 300w, https:\/\/www.lebenswelt-schule.de\/wp-content\/uploads\/2022\/08\/IMG_0795-2-768x572.jpg 768w, https:\/\/www.lebenswelt-schule.de\/wp-content\/uploads\/2022\/08\/IMG_0795-2-1536x1145.jpg 1536w, https:\/\/www.lebenswelt-schule.de\/wp-content\/uploads\/2022\/08\/IMG_0795-2-2048x1526.jpg 2048w\" sizes=\"auto, (max-width: 1024px) 100vw, 1024px\" \/><\/figure>\n\n\n\n<div style=\"height:30px\" aria-hidden=\"true\" class=\"wp-block-spacer\"><\/div>\n\n\n\n<h1 class=\"has-luminous-vivid-orange-color has-text-color wp-block-heading\" id=\"Hinweise\"><mark style=\"background-color:rgba(0, 0, 0, 0)\" class=\"has-inline-color has-luminous-vivid-orange-color\">Hinweise<\/mark><\/h1>\n\n\n\n<p>Unser Aufnahmeverfahren richtet sich an <strong>alle Eltern<\/strong>, die sich mit unseren Grunds\u00e4tzen und Inhalten auseinandergesetzt haben und die Einschulung<br>ihres Kindes an der Lebenswelt Grundschule w\u00fcnschen.<\/p>\n\n\n\n<p>In jedem Schuljahr k\u00f6nnen wir ca. <strong>15 neue Schulanf\u00e4nger<\/strong> einschulen. Zus\u00e4tzlich nehmen wir j\u00e4hrlich <strong>1-2 Kinder mit sonderp\u00e4dagogischem <\/strong><br><strong>F\u00f6rderbedarf<\/strong> in unsere Schulgemeinschaft auf.<\/p>\n\n\n\n<p>Da seit Gr\u00fcndung unserer Schule mehr Eltern diesen Wunsch haben, als wir in einem Schuljahr Kinder aufnehmen k\u00f6nnen, wenden wir ein mehrschrittiges <strong>Auswahlverfahren<\/strong> an, welches auf eine gute Passung zwischen Lebenswelt Schule, Lebenswelt Hort, Eltern und der Lebenswelt des Kindes abzielt.<\/p>\n\n\n\n<p><strong>Dabei betrachten wir u.a. die:<\/strong><\/p>\n\n\n\n<ul class=\"wp-block-list\"><li>Schulf\u00e4higkeit des Kindes unter Ber\u00fccksichtigung motivationaler, sozialer, kognitiver und motorischer Komponenten<\/li><li>M\u00f6glichkeiten spezifischer Entwicklungsf\u00f6rderung<\/li><li>Zusammenarbeit mit Eltern im Sinne einer Erziehungspartnerschaft<\/li><li>Rahmenbedingungen unserer Einrichtungen<\/li><li>Klassenzusammensetzung und Geschlechtsspezifik<\/li><\/ul>\n\n\n\n<p>In seltenen F\u00e4llen nehmen wir im laufenden Schuljahr <strong>Quereinsteiger-Kinde<\/strong>r auf. Dies erfordert die Abgabe des Aufnahmeantrages und die Kontaktaufnahme mit unserem Sekretariat.<\/p>\n\n\n\n<div style=\"height:30px\" aria-hidden=\"true\" class=\"wp-block-spacer\"><\/div>\n\n\n\n<h1 class=\"wp-block-heading\"><mark style=\"background-color:rgba(0, 0, 0, 0)\" class=\"has-inline-color has-luminous-vivid-orange-color\">Hinweise f\u00fcr die Aufnahme von Kindern mit F\u00f6rderbedarf<\/mark><\/h1>\n\n\n\n<p>An unserer inklusiven Schule sind Kinder mit den verschiedensten F\u00f6rderbedarfen willkommen. Leider ist unsere Schule nicht barrierefrei.<\/p>\n\n\n\n<p>Das Aufnahmeverfahren f\u00fcr Kinder, bei denen bereits vor Schulbeginn ein F\u00f6rderbedarf absehbar ist, gestaltet sich in jedem Fall individuell. Die Entscheidung \u00fcber die Aufnahme ist immer eine Einzelfallentscheidung.<\/p>\n\n\n\n<p>Nach Eingang der Anmeldeb\u00f6gen werden die Familien von unseren Inklusionsbeauftragten pers\u00f6nlich kontaktiert. <br>Elterngespr\u00e4che und Hospitationen im Kindergarten sind wichtige Parameter beim Aufnahmeverfahren.<\/p>\n\n\n\n<div style=\"height:30px\" aria-hidden=\"true\" class=\"wp-block-spacer\"><\/div>\n\n\n\n<p class=\"has-text-align-right\"><a href=\"#zur\u00fcck\">nach oben<\/a><\/p>\n\n\n\n<p><\/p>\n\n\n\n<div style=\"height:100px\" aria-hidden=\"true\" class=\"wp-block-spacer\"><\/div>\n","protected":false},"excerpt":{"rendered":"<p>Wir sind eine inklusive Schule und setzen uns verantwortungsvoll mit der m\u00f6glichen Aufnahme jedes Kindes auseinander. Liebe Eltern, sie setzen sich mit der Einschulung ihres Kindes auseinander. Danke, dass sie auch die Lebenswelt Schule in ihren Entscheidungsprozess einbeziehen. Auf dieser Seite erhalten Sie Informationen zu unserem Aufnahmeverfahren, wichtige Termine und alle notwendigen Dokumente zum Download.<a href=\"https:\/\/www.lebenswelt-schule.de\/index.php\/aufnahmeverfahren\/\">[&#8230;]<\/a><\/p>\n","protected":false},"author":1,"featured_media":0,"parent":0,"menu_order":0,"comment_status":"closed","ping_status":"closed","template":"","meta":{"_themeisle_gutenberg_block_has_review":false,"footnotes":""},"class_list":["post-310","page","type-page","status-publish","hentry"],"yoast_head":"<!-- This site is optimized with the Yoast SEO plugin v26.9 - https:\/\/yoast.com\/product\/yoast-seo-wordpress\/ -->\n<title>Aufnahmeverfahren - Lebenswelt Schule<\/title>\n<meta name=\"robots\" content=\"index, follow, max-snippet:-1, max-image-preview:large, max-video-preview:-1\" \/>\n<link rel=\"canonical\" href=\"https:\/\/www.lebenswelt-schule.de\/index.php\/aufnahmeverfahren\/\" \/>\n<meta property=\"og:locale\" content=\"de_DE\" \/>\n<meta property=\"og:type\" content=\"article\" \/>\n<meta property=\"og:title\" content=\"Aufnahmeverfahren - Lebenswelt Schule\" \/>\n<meta property=\"og:description\" content=\"Wir sind eine inklusive Schule und setzen uns verantwortungsvoll mit der m\u00f6glichen Aufnahme jedes Kindes auseinander. Liebe Eltern, sie setzen sich mit der Einschulung ihres Kindes auseinander. Danke, dass sie auch die Lebenswelt Schule in ihren Entscheidungsprozess einbeziehen. Auf dieser Seite erhalten Sie Informationen zu unserem Aufnahmeverfahren, wichtige Termine und alle notwendigen Dokumente zum Download.[...]\" \/>\n<meta property=\"og:url\" content=\"https:\/\/www.lebenswelt-schule.de\/index.php\/aufnahmeverfahren\/\" \/>\n<meta property=\"og:site_name\" content=\"Lebenswelt Schule\" \/>\n<meta property=\"article:publisher\" content=\"https:\/\/www.facebook.com\/lebensweltschule\" \/>\n<meta property=\"article:modified_time\" content=\"2022-08-15T12:42:17+00:00\" \/>\n<meta property=\"og:image\" content=\"https:\/\/lebenswelt-schule-de.server.wwu.media\/wp-content\/uploads\/2022\/08\/IMG_0795-2-1024x763.jpg\" \/>\n<meta name=\"twitter:card\" content=\"summary_large_image\" \/>\n<meta name=\"twitter:label1\" content=\"Gesch\u00e4tzte Lesezeit\" \/>\n\t<meta name=\"twitter:data1\" content=\"2\u00a0Minuten\" \/>\n<script type=\"application\/ld+json\" class=\"yoast-schema-graph\">{\"@context\":\"https:\/\/schema.org\",\"@graph\":[{\"@type\":\"WebPage\",\"@id\":\"https:\/\/www.lebenswelt-schule.de\/index.php\/aufnahmeverfahren\/\",\"url\":\"https:\/\/www.lebenswelt-schule.de\/index.php\/aufnahmeverfahren\/\",\"name\":\"Aufnahmeverfahren - Lebenswelt Schule\",\"isPartOf\":{\"@id\":\"https:\/\/www.lebenswelt-schule.de\/#website\"},\"primaryImageOfPage\":{\"@id\":\"https:\/\/www.lebenswelt-schule.de\/index.php\/aufnahmeverfahren\/#primaryimage\"},\"image\":{\"@id\":\"https:\/\/www.lebenswelt-schule.de\/index.php\/aufnahmeverfahren\/#primaryimage\"},\"thumbnailUrl\":\"https:\/\/www.lebenswelt-schule.de\/wp-content\/uploads\/2022\/08\/IMG_0795-2-1024x763.jpg\",\"datePublished\":\"2020-12-15T09:25:58+00:00\",\"dateModified\":\"2022-08-15T12:42:17+00:00\",\"breadcrumb\":{\"@id\":\"https:\/\/www.lebenswelt-schule.de\/index.php\/aufnahmeverfahren\/#breadcrumb\"},\"inLanguage\":\"de\",\"potentialAction\":[{\"@type\":\"ReadAction\",\"target\":[\"https:\/\/www.lebenswelt-schule.de\/index.php\/aufnahmeverfahren\/\"]}]},{\"@type\":\"ImageObject\",\"inLanguage\":\"de\",\"@id\":\"https:\/\/www.lebenswelt-schule.de\/index.php\/aufnahmeverfahren\/#primaryimage\",\"url\":\"https:\/\/www.lebenswelt-schule.de\/wp-content\/uploads\/2022\/08\/IMG_0795-2-scaled.jpg\",\"contentUrl\":\"https:\/\/www.lebenswelt-schule.de\/wp-content\/uploads\/2022\/08\/IMG_0795-2-scaled.jpg\",\"width\":2560,\"height\":1908},{\"@type\":\"BreadcrumbList\",\"@id\":\"https:\/\/www.lebenswelt-schule.de\/index.php\/aufnahmeverfahren\/#breadcrumb\",\"itemListElement\":[{\"@type\":\"ListItem\",\"position\":1,\"name\":\"Home\",\"item\":\"https:\/\/www.lebenswelt-schule.de\/\"},{\"@type\":\"ListItem\",\"position\":2,\"name\":\"Aufnahmeverfahren\"}]},{\"@type\":\"WebSite\",\"@id\":\"https:\/\/www.lebenswelt-schule.de\/#website\",\"url\":\"https:\/\/www.lebenswelt-schule.de\/\",\"name\":\"Lebenswelt Schule\",\"description\":\"Christliche Montessori-Ganztagsschule staatlich anerkannte Ersatzschule\",\"publisher\":{\"@id\":\"https:\/\/www.lebenswelt-schule.de\/#organization\"},\"potentialAction\":[{\"@type\":\"SearchAction\",\"target\":{\"@type\":\"EntryPoint\",\"urlTemplate\":\"https:\/\/www.lebenswelt-schule.de\/?s={search_term_string}\"},\"query-input\":{\"@type\":\"PropertyValueSpecification\",\"valueRequired\":true,\"valueName\":\"search_term_string\"}}],\"inLanguage\":\"de\"},{\"@type\":\"Organization\",\"@id\":\"https:\/\/www.lebenswelt-schule.de\/#organization\",\"name\":\"Lebenswelt Schule\",\"url\":\"https:\/\/www.lebenswelt-schule.de\/\",\"logo\":{\"@type\":\"ImageObject\",\"inLanguage\":\"de\",\"@id\":\"https:\/\/www.lebenswelt-schule.de\/#\/schema\/logo\/image\/\",\"url\":\"https:\/\/www.lebenswelt-schule.de\/wp-content\/uploads\/2021\/01\/logo-briefkopf.jpg\",\"contentUrl\":\"https:\/\/www.lebenswelt-schule.de\/wp-content\/uploads\/2021\/01\/logo-briefkopf.jpg\",\"width\":2442,\"height\":1638,\"caption\":\"Lebenswelt Schule\"},\"image\":{\"@id\":\"https:\/\/www.lebenswelt-schule.de\/#\/schema\/logo\/image\/\"},\"sameAs\":[\"https:\/\/www.facebook.com\/lebensweltschule\"]}]}<\/script>\n<!-- \/ Yoast SEO plugin. -->","yoast_head_json":{"title":"Aufnahmeverfahren - Lebenswelt Schule","robots":{"index":"index","follow":"follow","max-snippet":"max-snippet:-1","max-image-preview":"max-image-preview:large","max-video-preview":"max-video-preview:-1"},"canonical":"https:\/\/www.lebenswelt-schule.de\/index.php\/aufnahmeverfahren\/","og_locale":"de_DE","og_type":"article","og_title":"Aufnahmeverfahren - Lebenswelt Schule","og_description":"Wir sind eine inklusive Schule und setzen uns verantwortungsvoll mit der m\u00f6glichen Aufnahme jedes Kindes auseinander. Liebe Eltern, sie setzen sich mit der Einschulung ihres Kindes auseinander. Danke, dass sie auch die Lebenswelt Schule in ihren Entscheidungsprozess einbeziehen. Auf dieser Seite erhalten Sie Informationen zu unserem Aufnahmeverfahren, wichtige Termine und alle notwendigen Dokumente zum Download.[...]","og_url":"https:\/\/www.lebenswelt-schule.de\/index.php\/aufnahmeverfahren\/","og_site_name":"Lebenswelt Schule","article_publisher":"https:\/\/www.facebook.com\/lebensweltschule","article_modified_time":"2022-08-15T12:42:17+00:00","og_image":[{"url":"https:\/\/lebenswelt-schule-de.server.wwu.media\/wp-content\/uploads\/2022\/08\/IMG_0795-2-1024x763.jpg","type":"","width":"","height":""}],"twitter_card":"summary_large_image","twitter_misc":{"Gesch\u00e4tzte Lesezeit":"2\u00a0Minuten"},"schema":{"@context":"https:\/\/schema.org","@graph":[{"@type":"WebPage","@id":"https:\/\/www.lebenswelt-schule.de\/index.php\/aufnahmeverfahren\/","url":"https:\/\/www.lebenswelt-schule.de\/index.php\/aufnahmeverfahren\/","name":"Aufnahmeverfahren - Lebenswelt Schule","isPartOf":{"@id":"https:\/\/www.lebenswelt-schule.de\/#website"},"primaryImageOfPage":{"@id":"https:\/\/www.lebenswelt-schule.de\/index.php\/aufnahmeverfahren\/#primaryimage"},"image":{"@id":"https:\/\/www.lebenswelt-schule.de\/index.php\/aufnahmeverfahren\/#primaryimage"},"thumbnailUrl":"https:\/\/www.lebenswelt-schule.de\/wp-content\/uploads\/2022\/08\/IMG_0795-2-1024x763.jpg","datePublished":"2020-12-15T09:25:58+00:00","dateModified":"2022-08-15T12:42:17+00:00","breadcrumb":{"@id":"https:\/\/www.lebenswelt-schule.de\/index.php\/aufnahmeverfahren\/#breadcrumb"},"inLanguage":"de","potentialAction":[{"@type":"ReadAction","target":["https:\/\/www.lebenswelt-schule.de\/index.php\/aufnahmeverfahren\/"]}]},{"@type":"ImageObject","inLanguage":"de","@id":"https:\/\/www.lebenswelt-schule.de\/index.php\/aufnahmeverfahren\/#primaryimage","url":"https:\/\/www.lebenswelt-schule.de\/wp-content\/uploads\/2022\/08\/IMG_0795-2-scaled.jpg","contentUrl":"https:\/\/www.lebenswelt-schule.de\/wp-content\/uploads\/2022\/08\/IMG_0795-2-scaled.jpg","width":2560,"height":1908},{"@type":"BreadcrumbList","@id":"https:\/\/www.lebenswelt-schule.de\/index.php\/aufnahmeverfahren\/#breadcrumb","itemListElement":[{"@type":"ListItem","position":1,"name":"Home","item":"https:\/\/www.lebenswelt-schule.de\/"},{"@type":"ListItem","position":2,"name":"Aufnahmeverfahren"}]},{"@type":"WebSite","@id":"https:\/\/www.lebenswelt-schule.de\/#website","url":"https:\/\/www.lebenswelt-schule.de\/","name":"Lebenswelt Schule","description":"Christliche Montessori-Ganztagsschule staatlich anerkannte Ersatzschule","publisher":{"@id":"https:\/\/www.lebenswelt-schule.de\/#organization"},"potentialAction":[{"@type":"SearchAction","target":{"@type":"EntryPoint","urlTemplate":"https:\/\/www.lebenswelt-schule.de\/?s={search_term_string}"},"query-input":{"@type":"PropertyValueSpecification","valueRequired":true,"valueName":"search_term_string"}}],"inLanguage":"de"},{"@type":"Organization","@id":"https:\/\/www.lebenswelt-schule.de\/#organization","name":"Lebenswelt Schule","url":"https:\/\/www.lebenswelt-schule.de\/","logo":{"@type":"ImageObject","inLanguage":"de","@id":"https:\/\/www.lebenswelt-schule.de\/#\/schema\/logo\/image\/","url":"https:\/\/www.lebenswelt-schule.de\/wp-content\/uploads\/2021\/01\/logo-briefkopf.jpg","contentUrl":"https:\/\/www.lebenswelt-schule.de\/wp-content\/uploads\/2021\/01\/logo-briefkopf.jpg","width":2442,"height":1638,"caption":"Lebenswelt Schule"},"image":{"@id":"https:\/\/www.lebenswelt-schule.de\/#\/schema\/logo\/image\/"},"sameAs":["https:\/\/www.facebook.com\/lebensweltschule"]}]}},"_links":{"self":[{"href":"https:\/\/www.lebenswelt-schule.de\/index.php\/wp-json\/wp\/v2\/pages\/310","targetHints":{"allow":["GET"]}}],"collection":[{"href":"https:\/\/www.lebenswelt-schule.de\/index.php\/wp-json\/wp\/v2\/pages"}],"about":[{"href":"https:\/\/www.lebenswelt-schule.de\/index.php\/wp-json\/wp\/v2\/types\/page"}],"author":[{"embeddable":true,"href":"https:\/\/www.lebenswelt-schule.de\/index.php\/wp-json\/wp\/v2\/users\/1"}],"replies":[{"embeddable":true,"href":"https:\/\/www.lebenswelt-schule.de\/index.php\/wp-json\/wp\/v2\/comments?post=310"}],"version-history":[{"count":39,"href":"https:\/\/www.lebenswelt-schule.de\/index.php\/wp-json\/wp\/v2\/pages\/310\/revisions"}],"predecessor-version":[{"id":1409,"href":"https:\/\/www.lebenswelt-schule.de\/index.php\/wp-json\/wp\/v2\/pages\/310\/revisions\/1409"}],"wp:attachment":[{"href":"https:\/\/www.lebenswelt-schule.de\/index.php\/wp-json\/wp\/v2\/media?parent=310"}],"curies":[{"name":"wp","href":"https:\/\/api.w.org\/{rel}","templated":true}]}}