{"id":43,"date":"2020-10-06T10:39:32","date_gmt":"2020-10-06T08:39:32","guid":{"rendered":"http:\/\/lebenswelt-schule.webentwicklung.haus-der-edv.de\/?page_id=43"},"modified":"2025-10-21T09:54:25","modified_gmt":"2025-10-21T07:54:25","slug":"hort","status":"publish","type":"page","link":"https:\/\/www.lebenswelt-schule.de\/index.php\/hort\/","title":{"rendered":"Hort"},"content":{"rendered":"\n<h2 class=\"wp-block-heading\"><mark style=\"background-color:rgba(0, 0, 0, 0);color:#034316\" class=\"has-inline-color\">Lebenswelt Hort <\/mark><\/h2>\n\n\n\n<p>Unser Lebenswelt Hort und unsere Lebenswelt Schule befinden sich unter einem Dach. Dadurch k\u00f6nnen \u00dcberg\u00e4nge flie\u00dfend gestaltet werden.<\/p>\n\n\n\n<p class=\"has-text-align-left\">In unserem Lebenswelt Schulhort begegnen sich Kinder, sammeln Erfahrungen mit der Peergroup (Gruppe der Gleichaltrigen), spielen gemeinsam, reden, streiten und vertragen sich wieder.<\/p>\n\n\n\n<p class=\"has-text-align-left\">Hier teilen Kinder ihre Freuden und Sorgen, leben ihre Weltsicht und erweitern diese im Zusammensein mit anderen Kindern, Erwachsenen und Familien, die ihnen manchmal \u00e4hnlich und manchmal ganz anders sind.<\/p>\n\n\n\n<p>Im Rahmen unseres offenen Konzeptes und unserer vielf\u00e4ltigen Ganztagsangebote haben Kinder in besonderer Form Zugang zum Erwerb von Alltagskompetenzen und von F\u00e4higkeiten in Handwerk, Kunst, Musik und Bewegung.<\/p>\n\n\n\n<p>Dabei erf\u00fcllt der Hort seinen Auftrag zuallererst zum Wohle der Kinder und sch\u00fctzt deren Bed\u00fcrfnisse. <br>Er verf\u00fcgt \u00fcber einen eigenst\u00e4ndigen sozialp\u00e4dagogischen Bildungsauftrag, eigene Inhalte und eigene Methoden.<\/p>\n\n\n\n<figure class=\"wp-block-gallery has-nested-images columns-5 is-cropped wp-block-gallery-1 is-layout-flex wp-block-gallery-is-layout-flex\">\n<figure class=\"wp-block-image size-large\"><img loading=\"lazy\" decoding=\"async\" width=\"1024\" height=\"768\" data-id=\"1003\" src=\"https:\/\/www.lebenswelt-schule.de\/wp-content\/uploads\/2020\/12\/IMG_0729-1-1024x768.jpg\" alt=\"\" class=\"wp-image-1003\" srcset=\"https:\/\/www.lebenswelt-schule.de\/wp-content\/uploads\/2020\/12\/IMG_0729-1-1024x768.jpg 1024w, https:\/\/www.lebenswelt-schule.de\/wp-content\/uploads\/2020\/12\/IMG_0729-1-300x225.jpg 300w, https:\/\/www.lebenswelt-schule.de\/wp-content\/uploads\/2020\/12\/IMG_0729-1-768x576.jpg 768w, https:\/\/www.lebenswelt-schule.de\/wp-content\/uploads\/2020\/12\/IMG_0729-1-1536x1152.jpg 1536w, https:\/\/www.lebenswelt-schule.de\/wp-content\/uploads\/2020\/12\/IMG_0729-1-2048x1536.jpg 2048w, https:\/\/www.lebenswelt-schule.de\/wp-content\/uploads\/2020\/12\/IMG_0729-1-285x214.jpg 285w\" sizes=\"auto, (max-width: 1024px) 100vw, 1024px\" \/><\/figure>\n\n\n\n<figure class=\"wp-block-image size-large\"><img loading=\"lazy\" decoding=\"async\" width=\"1024\" height=\"768\" data-id=\"1614\" src=\"https:\/\/www.lebenswelt-schule.de\/wp-content\/uploads\/2023\/08\/IMG_0781-1024x768.jpg\" alt=\"\" class=\"wp-image-1614\" srcset=\"https:\/\/www.lebenswelt-schule.de\/wp-content\/uploads\/2023\/08\/IMG_0781-1024x768.jpg 1024w, https:\/\/www.lebenswelt-schule.de\/wp-content\/uploads\/2023\/08\/IMG_0781-300x225.jpg 300w, https:\/\/www.lebenswelt-schule.de\/wp-content\/uploads\/2023\/08\/IMG_0781-768x576.jpg 768w, https:\/\/www.lebenswelt-schule.de\/wp-content\/uploads\/2023\/08\/IMG_0781-1536x1152.jpg 1536w, https:\/\/www.lebenswelt-schule.de\/wp-content\/uploads\/2023\/08\/IMG_0781-2048x1536.jpg 2048w, https:\/\/www.lebenswelt-schule.de\/wp-content\/uploads\/2023\/08\/IMG_0781-285x214.jpg 285w\" sizes=\"auto, (max-width: 1024px) 100vw, 1024px\" \/><\/figure>\n\n\n\n<figure class=\"wp-block-image size-large\"><img loading=\"lazy\" decoding=\"async\" width=\"1024\" height=\"768\" data-id=\"1645\" src=\"https:\/\/www.lebenswelt-schule.de\/wp-content\/uploads\/2023\/08\/IMG_0799-1-1024x768.jpg\" alt=\"\" class=\"wp-image-1645\" srcset=\"https:\/\/www.lebenswelt-schule.de\/wp-content\/uploads\/2023\/08\/IMG_0799-1-1024x768.jpg 1024w, https:\/\/www.lebenswelt-schule.de\/wp-content\/uploads\/2023\/08\/IMG_0799-1-300x225.jpg 300w, https:\/\/www.lebenswelt-schule.de\/wp-content\/uploads\/2023\/08\/IMG_0799-1-768x576.jpg 768w, https:\/\/www.lebenswelt-schule.de\/wp-content\/uploads\/2023\/08\/IMG_0799-1-1536x1152.jpg 1536w, https:\/\/www.lebenswelt-schule.de\/wp-content\/uploads\/2023\/08\/IMG_0799-1-2048x1536.jpg 2048w, https:\/\/www.lebenswelt-schule.de\/wp-content\/uploads\/2023\/08\/IMG_0799-1-285x214.jpg 285w\" sizes=\"auto, (max-width: 1024px) 100vw, 1024px\" \/><\/figure>\n\n\n\n<figure class=\"wp-block-image size-large\"><img loading=\"lazy\" decoding=\"async\" width=\"1024\" height=\"768\" data-id=\"1616\" src=\"https:\/\/www.lebenswelt-schule.de\/wp-content\/uploads\/2023\/08\/20220506_094506-1024x768.jpg\" alt=\"\" class=\"wp-image-1616\" srcset=\"https:\/\/www.lebenswelt-schule.de\/wp-content\/uploads\/2023\/08\/20220506_094506-1024x768.jpg 1024w, https:\/\/www.lebenswelt-schule.de\/wp-content\/uploads\/2023\/08\/20220506_094506-300x225.jpg 300w, https:\/\/www.lebenswelt-schule.de\/wp-content\/uploads\/2023\/08\/20220506_094506-768x576.jpg 768w, https:\/\/www.lebenswelt-schule.de\/wp-content\/uploads\/2023\/08\/20220506_094506-1536x1152.jpg 1536w, https:\/\/www.lebenswelt-schule.de\/wp-content\/uploads\/2023\/08\/20220506_094506-2048x1536.jpg 2048w, https:\/\/www.lebenswelt-schule.de\/wp-content\/uploads\/2023\/08\/20220506_094506-285x214.jpg 285w\" sizes=\"auto, (max-width: 1024px) 100vw, 1024px\" \/><\/figure>\n\n\n\n<figure class=\"wp-block-image size-large\"><img loading=\"lazy\" decoding=\"async\" width=\"768\" height=\"1024\" data-id=\"1618\" src=\"https:\/\/www.lebenswelt-schule.de\/wp-content\/uploads\/2023\/08\/P5020045-768x1024.jpg\" alt=\"\" class=\"wp-image-1618\" srcset=\"https:\/\/www.lebenswelt-schule.de\/wp-content\/uploads\/2023\/08\/P5020045-768x1024.jpg 768w, https:\/\/www.lebenswelt-schule.de\/wp-content\/uploads\/2023\/08\/P5020045-225x300.jpg 225w, https:\/\/www.lebenswelt-schule.de\/wp-content\/uploads\/2023\/08\/P5020045-1152x1536.jpg 1152w, https:\/\/www.lebenswelt-schule.de\/wp-content\/uploads\/2023\/08\/P5020045-1536x2048.jpg 1536w, https:\/\/www.lebenswelt-schule.de\/wp-content\/uploads\/2023\/08\/P5020045-scaled.jpg 1920w\" sizes=\"auto, (max-width: 768px) 100vw, 768px\" \/><\/figure>\n<\/figure>\n\n\n\n<p class=\"has-very-light-gray-background-color has-background\" style=\"font-size:30px\"><strong><span style=\"color:#034316\" class=\"has-inline-color\">Was meint HORT in seiner urspr\u00fcnglichen Wortbedeutung?<\/span><\/strong><\/p>\n\n\n\n<ol class=\"wp-block-list\" start=\"1\" style=\"list-style-type:1\">\n<li>Goldschatz.<\/li>\n\n\n\n<li>Ort, der einem Bed\u00fcrftigem, Schwachen oder geistigem Gut einen besonderen Schutz gew\u00e4hrt.<\/li>\n\n\n\n<li>St\u00e4tte, an der in besonderem Ma\u00dfe etwas praktiziert wird<\/li>\n<\/ol>\n\n\n\n<p style=\"font-size:10px\"><em>(Quelle: Deutsches Universalw\u00f6rterbuch. Bedeutungsw\u00f6rterbuch der deutschen Gegenwartssprache (2019). Dudenverlag. Berlin)<\/em><\/p>\n\n\n\n<p class=\"has-very-light-gray-background-color has-background\" style=\"font-size:30px\"><strong><span style=\"color:#034316\" class=\"has-inline-color\">Wie \u00fcbersetzen wir dies f\u00fcr unsere Arbeit im Lebenswelt Hort?<\/span><\/strong><\/p>\n\n\n\n<ol class=\"wp-block-list\">\n<li>Das Kind ist unser Schatz.<\/li>\n\n\n\n<li>Im Hort erf\u00e4hrt jedes Kind F\u00fcrsorge, Betreuung, Erziehung und Bildung und wird in seiner sozialen, emotionalen, k\u00f6rperlichen und geistigen Entwicklung unterst\u00fctzt.<\/li>\n\n\n\n<li>Unser Hort erm\u00f6glicht Kindern ihr pers\u00f6nliches Potential zu entdecken und zu entfalten.<\/li>\n<\/ol>\n\n\n\n<p><mark style=\"background-color:rgba(0, 0, 0, 0);color:#034165\" class=\"has-inline-color\"><a href=\"http:\/\/lebenswelt-schule.webentwicklung.haus-der-edv.de\/index.php\/hort\/arbeitsgemeinschaften\/\" target=\"_blank\" rel=\"noreferrer noopener\">Mehr zu unserer p\u00e4dagogischen Haltung und konzeptionellen Inhalten lesen sie hier&#8230;.<\/a><\/mark><\/p>\n","protected":false},"excerpt":{"rendered":"<p>Lebenswelt Hort Unser Lebenswelt Hort und unsere Lebenswelt Schule befinden sich unter einem Dach. Dadurch k\u00f6nnen \u00dcberg\u00e4nge flie\u00dfend gestaltet werden. In unserem Lebenswelt Schulhort begegnen sich Kinder, sammeln Erfahrungen mit der Peergroup (Gruppe der Gleichaltrigen), spielen gemeinsam, reden, streiten und vertragen sich wieder. Hier teilen Kinder ihre Freuden und Sorgen, leben ihre Weltsicht und erweitern<a href=\"https:\/\/www.lebenswelt-schule.de\/index.php\/hort\/\">[&#8230;]<\/a><\/p>\n","protected":false},"author":1,"featured_media":0,"parent":0,"menu_order":0,"comment_status":"closed","ping_status":"closed","template":"","meta":{"_themeisle_gutenberg_block_has_review":false,"footnotes":""},"class_list":["post-43","page","type-page","status-publish","hentry"],"yoast_head":"<!-- This site is optimized with the Yoast SEO plugin v26.9 - https:\/\/yoast.com\/product\/yoast-seo-wordpress\/ -->\n<title>Hort - Lebenswelt Schule<\/title>\n<meta name=\"robots\" content=\"index, follow, max-snippet:-1, max-image-preview:large, max-video-preview:-1\" \/>\n<link rel=\"canonical\" href=\"https:\/\/www.lebenswelt-schule.de\/index.php\/hort\/\" \/>\n<meta property=\"og:locale\" content=\"de_DE\" \/>\n<meta property=\"og:type\" content=\"article\" \/>\n<meta property=\"og:title\" content=\"Hort - Lebenswelt Schule\" \/>\n<meta property=\"og:description\" content=\"Lebenswelt Hort Unser Lebenswelt Hort und unsere Lebenswelt Schule befinden sich unter einem Dach. Dadurch k\u00f6nnen \u00dcberg\u00e4nge flie\u00dfend gestaltet werden. In unserem Lebenswelt Schulhort begegnen sich Kinder, sammeln Erfahrungen mit der Peergroup (Gruppe der Gleichaltrigen), spielen gemeinsam, reden, streiten und vertragen sich wieder. Hier teilen Kinder ihre Freuden und Sorgen, leben ihre Weltsicht und erweitern[...]\" \/>\n<meta property=\"og:url\" content=\"https:\/\/www.lebenswelt-schule.de\/index.php\/hort\/\" \/>\n<meta property=\"og:site_name\" content=\"Lebenswelt Schule\" \/>\n<meta property=\"article:publisher\" content=\"https:\/\/www.facebook.com\/lebensweltschule\" \/>\n<meta property=\"article:modified_time\" content=\"2025-10-21T07:54:25+00:00\" \/>\n<meta property=\"og:image\" content=\"https:\/\/www.lebenswelt-schule.de\/wp-content\/uploads\/2020\/12\/IMG_0729-1-1024x768.jpg\" \/>\n<meta name=\"twitter:card\" content=\"summary_large_image\" \/>\n<meta name=\"twitter:label1\" content=\"Gesch\u00e4tzte Lesezeit\" \/>\n\t<meta name=\"twitter:data1\" content=\"3\u00a0Minuten\" \/>\n<script type=\"application\/ld+json\" class=\"yoast-schema-graph\">{\"@context\":\"https:\/\/schema.org\",\"@graph\":[{\"@type\":\"WebPage\",\"@id\":\"https:\/\/www.lebenswelt-schule.de\/index.php\/hort\/\",\"url\":\"https:\/\/www.lebenswelt-schule.de\/index.php\/hort\/\",\"name\":\"Hort - Lebenswelt Schule\",\"isPartOf\":{\"@id\":\"https:\/\/www.lebenswelt-schule.de\/#website\"},\"primaryImageOfPage\":{\"@id\":\"https:\/\/www.lebenswelt-schule.de\/index.php\/hort\/#primaryimage\"},\"image\":{\"@id\":\"https:\/\/www.lebenswelt-schule.de\/index.php\/hort\/#primaryimage\"},\"thumbnailUrl\":\"https:\/\/www.lebenswelt-schule.de\/wp-content\/uploads\/2020\/12\/IMG_0729-1-1024x768.jpg\",\"datePublished\":\"2020-10-06T08:39:32+00:00\",\"dateModified\":\"2025-10-21T07:54:25+00:00\",\"breadcrumb\":{\"@id\":\"https:\/\/www.lebenswelt-schule.de\/index.php\/hort\/#breadcrumb\"},\"inLanguage\":\"de\",\"potentialAction\":[{\"@type\":\"ReadAction\",\"target\":[\"https:\/\/www.lebenswelt-schule.de\/index.php\/hort\/\"]}]},{\"@type\":\"ImageObject\",\"inLanguage\":\"de\",\"@id\":\"https:\/\/www.lebenswelt-schule.de\/index.php\/hort\/#primaryimage\",\"url\":\"https:\/\/www.lebenswelt-schule.de\/wp-content\/uploads\/2020\/12\/IMG_0729-1-scaled.jpg\",\"contentUrl\":\"https:\/\/www.lebenswelt-schule.de\/wp-content\/uploads\/2020\/12\/IMG_0729-1-scaled.jpg\",\"width\":2560,\"height\":1920},{\"@type\":\"BreadcrumbList\",\"@id\":\"https:\/\/www.lebenswelt-schule.de\/index.php\/hort\/#breadcrumb\",\"itemListElement\":[{\"@type\":\"ListItem\",\"position\":1,\"name\":\"Home\",\"item\":\"https:\/\/www.lebenswelt-schule.de\/\"},{\"@type\":\"ListItem\",\"position\":2,\"name\":\"Hort\"}]},{\"@type\":\"WebSite\",\"@id\":\"https:\/\/www.lebenswelt-schule.de\/#website\",\"url\":\"https:\/\/www.lebenswelt-schule.de\/\",\"name\":\"Lebenswelt Schule\",\"description\":\"Christliche Montessori-Ganztagsschule staatlich anerkannte Ersatzschule\",\"publisher\":{\"@id\":\"https:\/\/www.lebenswelt-schule.de\/#organization\"},\"potentialAction\":[{\"@type\":\"SearchAction\",\"target\":{\"@type\":\"EntryPoint\",\"urlTemplate\":\"https:\/\/www.lebenswelt-schule.de\/?s={search_term_string}\"},\"query-input\":{\"@type\":\"PropertyValueSpecification\",\"valueRequired\":true,\"valueName\":\"search_term_string\"}}],\"inLanguage\":\"de\"},{\"@type\":\"Organization\",\"@id\":\"https:\/\/www.lebenswelt-schule.de\/#organization\",\"name\":\"Lebenswelt Schule\",\"url\":\"https:\/\/www.lebenswelt-schule.de\/\",\"logo\":{\"@type\":\"ImageObject\",\"inLanguage\":\"de\",\"@id\":\"https:\/\/www.lebenswelt-schule.de\/#\/schema\/logo\/image\/\",\"url\":\"https:\/\/www.lebenswelt-schule.de\/wp-content\/uploads\/2021\/01\/logo-briefkopf.jpg\",\"contentUrl\":\"https:\/\/www.lebenswelt-schule.de\/wp-content\/uploads\/2021\/01\/logo-briefkopf.jpg\",\"width\":2442,\"height\":1638,\"caption\":\"Lebenswelt Schule\"},\"image\":{\"@id\":\"https:\/\/www.lebenswelt-schule.de\/#\/schema\/logo\/image\/\"},\"sameAs\":[\"https:\/\/www.facebook.com\/lebensweltschule\"]}]}<\/script>\n<!-- \/ Yoast SEO plugin. -->","yoast_head_json":{"title":"Hort - Lebenswelt Schule","robots":{"index":"index","follow":"follow","max-snippet":"max-snippet:-1","max-image-preview":"max-image-preview:large","max-video-preview":"max-video-preview:-1"},"canonical":"https:\/\/www.lebenswelt-schule.de\/index.php\/hort\/","og_locale":"de_DE","og_type":"article","og_title":"Hort - Lebenswelt Schule","og_description":"Lebenswelt Hort Unser Lebenswelt Hort und unsere Lebenswelt Schule befinden sich unter einem Dach. Dadurch k\u00f6nnen \u00dcberg\u00e4nge flie\u00dfend gestaltet werden. In unserem Lebenswelt Schulhort begegnen sich Kinder, sammeln Erfahrungen mit der Peergroup (Gruppe der Gleichaltrigen), spielen gemeinsam, reden, streiten und vertragen sich wieder. Hier teilen Kinder ihre Freuden und Sorgen, leben ihre Weltsicht und erweitern[...]","og_url":"https:\/\/www.lebenswelt-schule.de\/index.php\/hort\/","og_site_name":"Lebenswelt Schule","article_publisher":"https:\/\/www.facebook.com\/lebensweltschule","article_modified_time":"2025-10-21T07:54:25+00:00","og_image":[{"url":"https:\/\/www.lebenswelt-schule.de\/wp-content\/uploads\/2020\/12\/IMG_0729-1-1024x768.jpg","type":"","width":"","height":""}],"twitter_card":"summary_large_image","twitter_misc":{"Gesch\u00e4tzte Lesezeit":"3\u00a0Minuten"},"schema":{"@context":"https:\/\/schema.org","@graph":[{"@type":"WebPage","@id":"https:\/\/www.lebenswelt-schule.de\/index.php\/hort\/","url":"https:\/\/www.lebenswelt-schule.de\/index.php\/hort\/","name":"Hort - Lebenswelt Schule","isPartOf":{"@id":"https:\/\/www.lebenswelt-schule.de\/#website"},"primaryImageOfPage":{"@id":"https:\/\/www.lebenswelt-schule.de\/index.php\/hort\/#primaryimage"},"image":{"@id":"https:\/\/www.lebenswelt-schule.de\/index.php\/hort\/#primaryimage"},"thumbnailUrl":"https:\/\/www.lebenswelt-schule.de\/wp-content\/uploads\/2020\/12\/IMG_0729-1-1024x768.jpg","datePublished":"2020-10-06T08:39:32+00:00","dateModified":"2025-10-21T07:54:25+00:00","breadcrumb":{"@id":"https:\/\/www.lebenswelt-schule.de\/index.php\/hort\/#breadcrumb"},"inLanguage":"de","potentialAction":[{"@type":"ReadAction","target":["https:\/\/www.lebenswelt-schule.de\/index.php\/hort\/"]}]},{"@type":"ImageObject","inLanguage":"de","@id":"https:\/\/www.lebenswelt-schule.de\/index.php\/hort\/#primaryimage","url":"https:\/\/www.lebenswelt-schule.de\/wp-content\/uploads\/2020\/12\/IMG_0729-1-scaled.jpg","contentUrl":"https:\/\/www.lebenswelt-schule.de\/wp-content\/uploads\/2020\/12\/IMG_0729-1-scaled.jpg","width":2560,"height":1920},{"@type":"BreadcrumbList","@id":"https:\/\/www.lebenswelt-schule.de\/index.php\/hort\/#breadcrumb","itemListElement":[{"@type":"ListItem","position":1,"name":"Home","item":"https:\/\/www.lebenswelt-schule.de\/"},{"@type":"ListItem","position":2,"name":"Hort"}]},{"@type":"WebSite","@id":"https:\/\/www.lebenswelt-schule.de\/#website","url":"https:\/\/www.lebenswelt-schule.de\/","name":"Lebenswelt Schule","description":"Christliche Montessori-Ganztagsschule staatlich anerkannte Ersatzschule","publisher":{"@id":"https:\/\/www.lebenswelt-schule.de\/#organization"},"potentialAction":[{"@type":"SearchAction","target":{"@type":"EntryPoint","urlTemplate":"https:\/\/www.lebenswelt-schule.de\/?s={search_term_string}"},"query-input":{"@type":"PropertyValueSpecification","valueRequired":true,"valueName":"search_term_string"}}],"inLanguage":"de"},{"@type":"Organization","@id":"https:\/\/www.lebenswelt-schule.de\/#organization","name":"Lebenswelt Schule","url":"https:\/\/www.lebenswelt-schule.de\/","logo":{"@type":"ImageObject","inLanguage":"de","@id":"https:\/\/www.lebenswelt-schule.de\/#\/schema\/logo\/image\/","url":"https:\/\/www.lebenswelt-schule.de\/wp-content\/uploads\/2021\/01\/logo-briefkopf.jpg","contentUrl":"https:\/\/www.lebenswelt-schule.de\/wp-content\/uploads\/2021\/01\/logo-briefkopf.jpg","width":2442,"height":1638,"caption":"Lebenswelt Schule"},"image":{"@id":"https:\/\/www.lebenswelt-schule.de\/#\/schema\/logo\/image\/"},"sameAs":["https:\/\/www.facebook.com\/lebensweltschule"]}]}},"_links":{"self":[{"href":"https:\/\/www.lebenswelt-schule.de\/index.php\/wp-json\/wp\/v2\/pages\/43","targetHints":{"allow":["GET"]}}],"collection":[{"href":"https:\/\/www.lebenswelt-schule.de\/index.php\/wp-json\/wp\/v2\/pages"}],"about":[{"href":"https:\/\/www.lebenswelt-schule.de\/index.php\/wp-json\/wp\/v2\/types\/page"}],"author":[{"embeddable":true,"href":"https:\/\/www.lebenswelt-schule.de\/index.php\/wp-json\/wp\/v2\/users\/1"}],"replies":[{"embeddable":true,"href":"https:\/\/www.lebenswelt-schule.de\/index.php\/wp-json\/wp\/v2\/comments?post=43"}],"version-history":[{"count":19,"href":"https:\/\/www.lebenswelt-schule.de\/index.php\/wp-json\/wp\/v2\/pages\/43\/revisions"}],"predecessor-version":[{"id":1796,"href":"https:\/\/www.lebenswelt-schule.de\/index.php\/wp-json\/wp\/v2\/pages\/43\/revisions\/1796"}],"wp:attachment":[{"href":"https:\/\/www.lebenswelt-schule.de\/index.php\/wp-json\/wp\/v2\/media?parent=43"}],"curies":[{"name":"wp","href":"https:\/\/api.w.org\/{rel}","templated":true}]}}