{"id":45,"date":"2020-10-06T10:40:03","date_gmt":"2020-10-06T08:40:03","guid":{"rendered":"http:\/\/lebenswelt-schule.webentwicklung.haus-der-edv.de\/?page_id=45"},"modified":"2023-08-11T11:31:03","modified_gmt":"2023-08-11T09:31:03","slug":"hortalltag","status":"publish","type":"page","link":"https:\/\/www.lebenswelt-schule.de\/index.php\/hort\/hortalltag\/","title":{"rendered":"Tagesablauf"},"content":{"rendered":"\n<p>Der Lebenswelt Hort ist an jedem Schultag von 7.00 bis 8.00 Uhr (Fr\u00fchhort) sowie von 12.00 bis 17.00 Uhr ge\u00f6ffnet. <\/p>\n\n\n\n<figure class=\"wp-block-gallery has-nested-images columns-5 is-cropped wp-block-gallery-1 is-layout-flex wp-block-gallery-is-layout-flex\">\n<figure class=\"wp-block-image size-large\"><img loading=\"lazy\" decoding=\"async\" width=\"1024\" height=\"768\" data-id=\"1630\" src=\"https:\/\/www.lebenswelt-schule.de\/wp-content\/uploads\/2023\/08\/IMG_0814-1024x768.jpg\" alt=\"\" class=\"wp-image-1630\" srcset=\"https:\/\/www.lebenswelt-schule.de\/wp-content\/uploads\/2023\/08\/IMG_0814-1024x768.jpg 1024w, https:\/\/www.lebenswelt-schule.de\/wp-content\/uploads\/2023\/08\/IMG_0814-300x225.jpg 300w, https:\/\/www.lebenswelt-schule.de\/wp-content\/uploads\/2023\/08\/IMG_0814-768x576.jpg 768w, https:\/\/www.lebenswelt-schule.de\/wp-content\/uploads\/2023\/08\/IMG_0814-1536x1152.jpg 1536w, https:\/\/www.lebenswelt-schule.de\/wp-content\/uploads\/2023\/08\/IMG_0814-2048x1536.jpg 2048w, https:\/\/www.lebenswelt-schule.de\/wp-content\/uploads\/2023\/08\/IMG_0814-285x214.jpg 285w\" sizes=\"auto, (max-width: 1024px) 100vw, 1024px\" \/><\/figure>\n\n\n\n<figure class=\"wp-block-image size-large\"><img loading=\"lazy\" decoding=\"async\" width=\"1024\" height=\"768\" data-id=\"1631\" src=\"https:\/\/www.lebenswelt-schule.de\/wp-content\/uploads\/2023\/08\/P7120070-1024x768.jpg\" alt=\"\" class=\"wp-image-1631\" srcset=\"https:\/\/www.lebenswelt-schule.de\/wp-content\/uploads\/2023\/08\/P7120070-1024x768.jpg 1024w, https:\/\/www.lebenswelt-schule.de\/wp-content\/uploads\/2023\/08\/P7120070-300x225.jpg 300w, https:\/\/www.lebenswelt-schule.de\/wp-content\/uploads\/2023\/08\/P7120070-768x576.jpg 768w, https:\/\/www.lebenswelt-schule.de\/wp-content\/uploads\/2023\/08\/P7120070-1536x1152.jpg 1536w, https:\/\/www.lebenswelt-schule.de\/wp-content\/uploads\/2023\/08\/P7120070-2048x1536.jpg 2048w, https:\/\/www.lebenswelt-schule.de\/wp-content\/uploads\/2023\/08\/P7120070-285x214.jpg 285w\" sizes=\"auto, (max-width: 1024px) 100vw, 1024px\" \/><\/figure>\n\n\n\n<figure class=\"wp-block-image size-large\"><img loading=\"lazy\" decoding=\"async\" width=\"768\" height=\"1024\" data-id=\"1632\" src=\"https:\/\/www.lebenswelt-schule.de\/wp-content\/uploads\/2023\/08\/IMG_1848-768x1024.jpg\" alt=\"\" class=\"wp-image-1632\" srcset=\"https:\/\/www.lebenswelt-schule.de\/wp-content\/uploads\/2023\/08\/IMG_1848-768x1024.jpg 768w, https:\/\/www.lebenswelt-schule.de\/wp-content\/uploads\/2023\/08\/IMG_1848-225x300.jpg 225w, https:\/\/www.lebenswelt-schule.de\/wp-content\/uploads\/2023\/08\/IMG_1848-1152x1536.jpg 1152w, https:\/\/www.lebenswelt-schule.de\/wp-content\/uploads\/2023\/08\/IMG_1848-1536x2048.jpg 1536w, https:\/\/www.lebenswelt-schule.de\/wp-content\/uploads\/2023\/08\/IMG_1848-scaled.jpg 1920w\" sizes=\"auto, (max-width: 768px) 100vw, 768px\" \/><\/figure>\n\n\n\n<figure class=\"wp-block-image size-large\"><img loading=\"lazy\" decoding=\"async\" width=\"768\" height=\"1024\" data-id=\"1634\" src=\"https:\/\/www.lebenswelt-schule.de\/wp-content\/uploads\/2023\/08\/PA190033-768x1024.jpg\" alt=\"\" class=\"wp-image-1634\" srcset=\"https:\/\/www.lebenswelt-schule.de\/wp-content\/uploads\/2023\/08\/PA190033-768x1024.jpg 768w, https:\/\/www.lebenswelt-schule.de\/wp-content\/uploads\/2023\/08\/PA190033-225x300.jpg 225w, https:\/\/www.lebenswelt-schule.de\/wp-content\/uploads\/2023\/08\/PA190033-1152x1536.jpg 1152w, https:\/\/www.lebenswelt-schule.de\/wp-content\/uploads\/2023\/08\/PA190033-1536x2048.jpg 1536w, https:\/\/www.lebenswelt-schule.de\/wp-content\/uploads\/2023\/08\/PA190033-scaled.jpg 1920w\" sizes=\"auto, (max-width: 768px) 100vw, 768px\" \/><\/figure>\n\n\n\n<figure class=\"wp-block-image size-large\"><img loading=\"lazy\" decoding=\"async\" width=\"768\" height=\"1024\" data-id=\"1635\" src=\"https:\/\/www.lebenswelt-schule.de\/wp-content\/uploads\/2023\/08\/IMG_2460-768x1024.jpg\" alt=\"\" class=\"wp-image-1635\" srcset=\"https:\/\/www.lebenswelt-schule.de\/wp-content\/uploads\/2023\/08\/IMG_2460-768x1024.jpg 768w, https:\/\/www.lebenswelt-schule.de\/wp-content\/uploads\/2023\/08\/IMG_2460-225x300.jpg 225w, https:\/\/www.lebenswelt-schule.de\/wp-content\/uploads\/2023\/08\/IMG_2460-1152x1536.jpg 1152w, https:\/\/www.lebenswelt-schule.de\/wp-content\/uploads\/2023\/08\/IMG_2460-1536x2048.jpg 1536w, https:\/\/www.lebenswelt-schule.de\/wp-content\/uploads\/2023\/08\/IMG_2460-scaled.jpg 1920w\" sizes=\"auto, (max-width: 768px) 100vw, 768px\" \/><\/figure>\n<\/figure>\n\n\n\n<p><\/p>\n\n\n\n<h2 class=\"has-black-color has-text-color has-medium-font-size wp-block-heading\">Fr\u00fchhort von 07:00 bis 08:00 Uhr <\/h2>\n\n\n\n<p class=\"has-normal-font-size\">Ab 7.00 Uhr werden die Kinder von einer p\u00e4dagogischen Fachkraft aus dem Hort in Empfang genommen. <br>Selbstst\u00e4ndig tragen sich die Kinder in Anwesenheits- und Buslisten ein. <br>Der Fr\u00fchhort findet im Kindercaf\u00e9 oder im Hortzimmer statt. <br>Hier k\u00f6nnen die Kinder vor dem Unterrichtsbeginn lesen, Gesellschaftsspiele spielen und auf Klassenfreunde warten. <\/p>\n\n\n\n<p>Um 7:30 Uhr beginnt gleitend der Unterricht. <br>Die Kinder nehmen ihren Planer und Federmappe und heften sich an der Magnetwand auf das Feld &#8222;Ich bin im Unterricht&#8220;. <br>Gemeinsam gehen sie in ihr Delfin-, Adler- oder Tigerklassenzimmer zur Freiarbeit.<\/p>\n\n\n\n<h2 class=\"has-black-color has-text-color has-medium-font-size wp-block-heading\">Mittagessen und Mittagspause<\/h2>\n\n\n\n<p>Um den Kontakt mit den jeweiligen Kindern einer Klasse zu intensivieren, geht der Bezugserzieher oder die Bezugserziehern mit der jeweiligen Bezugsklasse essen.<br>Dieses findet im Kindercaf\u00e9 mit angrenzender Kinderk\u00fcche und Ausgabek\u00fcche statt. <br>Eine Mittagessengruppe mit je zwei Kindern einer Klasse w\u00e4hlt, mit p\u00e4dagogische Begleitung das Mittagessen aus. <\/p>\n\n\n\n<p>Beim Mittagessen sitzen die Kinder in kleinen Tischgruppen zusammen. Im Anschluss daran erfolgt in Absprache der Tischgruppe der Tischdienst.<br>Vor bzw. nach dem Mittagessen haben die Kinder eine lange Mittagspause, welche drau\u00dfen verbracht wird.<\/p>\n\n\n\n<h2 class=\"has-black-color has-text-color has-medium-font-size wp-block-heading\">Hortnachmittag und Vesper<\/h2>\n\n\n\n<p>Zur gemeinsamen Absprache von Anliegen, W\u00fcnschen und Alltagsthemen beginnen wir am Montag mit einem gemeinsamenkreis. Dieser befindet sich gerade im Aufbau.<\/p>\n\n\n\n<p>Der Hortnachmittag beginnt f\u00fcr alle Kinder mit der Mittagspause von 12:00 bis 13:30 Uhr. <br>Kinder der Klassenstufe drei und vier haben an zwei Tagen in der Woche Fachunterricht von 13:00 bis 14:30 Uhr. <br>Die Zeit bis 13:30 Uhr verbringen alle Hortkinder im Freien in unserem naturnahen, attraktiven Au\u00dfengel\u00e4nde. <br>Viele Kinder bleiben auch gern l\u00e4nger oder bis zum Abholen drau\u00dfen.<\/p>\n\n\n\n<p>Ab ca. 13:30 Uhr suchen die Kinder die Bereiche auf, in denen sie mit Anderen oder allein spielen m\u00f6chten. Neben dem Au\u00dfengel\u00e4nde stehen ihnen einladende, anregende und liebevoll eingerichtete R\u00e4ume und Nischen zur Verf\u00fcgung. <br>Die p\u00e4dagogischen Fachkr\u00e4fte des Hortteams begleiten und unterst\u00fctzen die Kinder, beobachten ihr Tun und sind zuverl\u00e4ssige Ansprechpersonen f\u00fcr die Kinder. <\/p>\n\n\n\n<p>Nach Nachmittagsunterricht, bewegtem Spiel und engagierter Besch\u00e4ftigung bedarf es oft einer kleinen Pause. <br>Eine gesunde Vesperversorgung, liebevoll von den Mitarbeitenden des Hortteams und den Kindern zubereitet, l\u00e4dt an drei verschiedenen Orten im Haus und Au\u00dfengel\u00e4nde zum Verweilen, St\u00e4rken und kurzer Tischgemeinschaft ein.<\/p>\n\n\n\n<div class=\"wp-block-group\"><div class=\"wp-block-group__inner-container is-layout-flow wp-block-group-is-layout-flow\">\n<div class=\"wp-block-group\"><div class=\"wp-block-group__inner-container is-layout-flow wp-block-group-is-layout-flow\">\n<figure class=\"wp-block-gallery has-nested-images columns-5 is-cropped wp-block-gallery-2 is-layout-flex wp-block-gallery-is-layout-flex\">\n<figure class=\"wp-block-image size-large\"><img loading=\"lazy\" decoding=\"async\" width=\"1024\" height=\"768\" data-id=\"1636\" src=\"https:\/\/www.lebenswelt-schule.de\/wp-content\/uploads\/2023\/08\/P9190010-1024x768.jpg\" alt=\"\" class=\"wp-image-1636\" srcset=\"https:\/\/www.lebenswelt-schule.de\/wp-content\/uploads\/2023\/08\/P9190010-1024x768.jpg 1024w, https:\/\/www.lebenswelt-schule.de\/wp-content\/uploads\/2023\/08\/P9190010-300x225.jpg 300w, https:\/\/www.lebenswelt-schule.de\/wp-content\/uploads\/2023\/08\/P9190010-768x576.jpg 768w, https:\/\/www.lebenswelt-schule.de\/wp-content\/uploads\/2023\/08\/P9190010-1536x1152.jpg 1536w, https:\/\/www.lebenswelt-schule.de\/wp-content\/uploads\/2023\/08\/P9190010-2048x1536.jpg 2048w, https:\/\/www.lebenswelt-schule.de\/wp-content\/uploads\/2023\/08\/P9190010-285x214.jpg 285w\" sizes=\"auto, (max-width: 1024px) 100vw, 1024px\" \/><\/figure>\n\n\n\n<figure class=\"wp-block-image size-large\"><img loading=\"lazy\" decoding=\"async\" width=\"1024\" height=\"768\" data-id=\"1637\" src=\"https:\/\/www.lebenswelt-schule.de\/wp-content\/uploads\/2023\/08\/IMG_2484-1024x768.jpg\" alt=\"\" class=\"wp-image-1637\" srcset=\"https:\/\/www.lebenswelt-schule.de\/wp-content\/uploads\/2023\/08\/IMG_2484-1024x768.jpg 1024w, https:\/\/www.lebenswelt-schule.de\/wp-content\/uploads\/2023\/08\/IMG_2484-300x225.jpg 300w, https:\/\/www.lebenswelt-schule.de\/wp-content\/uploads\/2023\/08\/IMG_2484-768x576.jpg 768w, https:\/\/www.lebenswelt-schule.de\/wp-content\/uploads\/2023\/08\/IMG_2484-1536x1152.jpg 1536w, https:\/\/www.lebenswelt-schule.de\/wp-content\/uploads\/2023\/08\/IMG_2484-2048x1536.jpg 2048w, https:\/\/www.lebenswelt-schule.de\/wp-content\/uploads\/2023\/08\/IMG_2484-285x214.jpg 285w\" sizes=\"auto, (max-width: 1024px) 100vw, 1024px\" \/><\/figure>\n\n\n\n<figure class=\"wp-block-image size-large\"><img loading=\"lazy\" decoding=\"async\" width=\"768\" height=\"1024\" data-id=\"1638\" src=\"https:\/\/www.lebenswelt-schule.de\/wp-content\/uploads\/2023\/08\/P5020081-768x1024.jpg\" alt=\"\" class=\"wp-image-1638\" srcset=\"https:\/\/www.lebenswelt-schule.de\/wp-content\/uploads\/2023\/08\/P5020081-768x1024.jpg 768w, https:\/\/www.lebenswelt-schule.de\/wp-content\/uploads\/2023\/08\/P5020081-225x300.jpg 225w, https:\/\/www.lebenswelt-schule.de\/wp-content\/uploads\/2023\/08\/P5020081-1152x1536.jpg 1152w, https:\/\/www.lebenswelt-schule.de\/wp-content\/uploads\/2023\/08\/P5020081-1536x2048.jpg 1536w, https:\/\/www.lebenswelt-schule.de\/wp-content\/uploads\/2023\/08\/P5020081-scaled.jpg 1920w\" sizes=\"auto, (max-width: 768px) 100vw, 768px\" \/><\/figure>\n\n\n\n<figure class=\"wp-block-image size-large\"><img loading=\"lazy\" decoding=\"async\" width=\"768\" height=\"1024\" data-id=\"1639\" src=\"https:\/\/www.lebenswelt-schule.de\/wp-content\/uploads\/2023\/08\/P5020086-768x1024.jpg\" alt=\"\" class=\"wp-image-1639\" srcset=\"https:\/\/www.lebenswelt-schule.de\/wp-content\/uploads\/2023\/08\/P5020086-768x1024.jpg 768w, https:\/\/www.lebenswelt-schule.de\/wp-content\/uploads\/2023\/08\/P5020086-225x300.jpg 225w, https:\/\/www.lebenswelt-schule.de\/wp-content\/uploads\/2023\/08\/P5020086-1152x1536.jpg 1152w, https:\/\/www.lebenswelt-schule.de\/wp-content\/uploads\/2023\/08\/P5020086-1536x2048.jpg 1536w, https:\/\/www.lebenswelt-schule.de\/wp-content\/uploads\/2023\/08\/P5020086-scaled.jpg 1920w\" sizes=\"auto, (max-width: 768px) 100vw, 768px\" \/><\/figure>\n\n\n\n<figure class=\"wp-block-image size-large\"><img loading=\"lazy\" decoding=\"async\" width=\"1920\" height=\"2560\" data-id=\"1648\" src=\"https:\/\/www.lebenswelt-schule.de\/wp-content\/uploads\/2023\/08\/P4270040-edited-scaled.jpg\" alt=\"\" class=\"wp-image-1648\" srcset=\"https:\/\/www.lebenswelt-schule.de\/wp-content\/uploads\/2023\/08\/P4270040-edited-scaled.jpg 1920w, https:\/\/www.lebenswelt-schule.de\/wp-content\/uploads\/2023\/08\/P4270040-edited-225x300.jpg 225w, https:\/\/www.lebenswelt-schule.de\/wp-content\/uploads\/2023\/08\/P4270040-edited-768x1024.jpg 768w, https:\/\/www.lebenswelt-schule.de\/wp-content\/uploads\/2023\/08\/P4270040-edited-1152x1536.jpg 1152w, https:\/\/www.lebenswelt-schule.de\/wp-content\/uploads\/2023\/08\/P4270040-edited-1536x2048.jpg 1536w\" sizes=\"auto, (max-width: 1920px) 100vw, 1920px\" \/><\/figure>\n<\/figure>\n<\/div><\/div>\n<\/div><\/div>\n\n\n\n<div class=\"wp-block-group\"><div class=\"wp-block-group__inner-container is-layout-flow wp-block-group-is-layout-flow\">\n<div class=\"wp-block-group\"><div class=\"wp-block-group__inner-container is-layout-flow wp-block-group-is-layout-flow\">\n<div class=\"wp-block-group\"><div class=\"wp-block-group__inner-container is-layout-flow wp-block-group-is-layout-flow\">\n<div class=\"wp-block-group\"><div class=\"wp-block-group__inner-container is-layout-flow wp-block-group-is-layout-flow\"><\/div><\/div>\n<\/div><\/div>\n<\/div><\/div>\n<\/div><\/div>\n\n\n\n<h2 class=\"has-black-color has-text-color wp-block-heading\">Ganztagsangebote<\/h2>\n\n\n\n<p>Entsprechend ihren Interessen und Neigungen k\u00f6nnen die Kinder am Nachmittag an Ganztagsangeboten teilnehmen, welche von externen Partnern und Hortmitarbeitenden angeboten werden. <br>In altersgemischten Gruppen von ca. f\u00fcnf bis zehn Kindern k\u00f6nnen sie ihre musischen, sportlichen, handwerklichen, kreativen und sozialen Kompetenzen erweitern, k\u00f6nnen Neues ausprobieren, eigene St\u00e4rken ausbauen sowie ihr Spektrum an Freizeitbesch\u00e4ftigungen erweitern.<\/p>\n\n\n\n<h2 class=\"has-black-color has-text-color wp-block-heading\">Abhol- und Buszeiten, Sp\u00e4tdienst<\/h2>\n\n\n\n<p>Die ruhige Gestaltung von \u00dcberg\u00e4ngen ist f\u00fcr Kinder wichtig. Daher bitten wir unsere Eltern, den Prozess des Abholens bewusst zu gestalten und ihren Kindern die M\u00f6glichkeit zu geben ihr Spiel angemessen zu beenden und aufzur\u00e4umen.<\/p>\n\n\n\n<p>Kinder, die mit dem Bus oder Taxi nach Hause fahren, werden von uns rechtzeitig gerufen. <br>\u00c4lteren Kindern \u00fcbertragen wir gern die Verantwortung, die Kinder im Haus zu sammeln.<\/p>\n\n\n\n<p>F\u00fcr den Sp\u00e4tdienst von 16.00 bis 17.00 Uhr ist eine p\u00e4dagogische Fachkraft des Hortteams zust\u00e4ndig. <br>In dieser Zeit entstehen noch einmal intensive Gespr\u00e4che, Tagesr\u00fcckblicke und ruhige Spielsituationen bis alle Kinder abgeholt sind.<\/p>\n\n\n\n<div class=\"wp-block-group\"><div class=\"wp-block-group__inner-container is-layout-flow wp-block-group-is-layout-flow\"><\/div><\/div>\n","protected":false},"excerpt":{"rendered":"<p>Der Lebenswelt Hort ist an jedem Schultag von 7.00 bis 8.00 Uhr (Fr\u00fchhort) sowie von 12.00 bis 17.00 Uhr ge\u00f6ffnet. Fr\u00fchhort von 07:00 bis 08:00 Uhr Ab 7.00 Uhr werden die Kinder von einer p\u00e4dagogischen Fachkraft aus dem Hort in Empfang genommen. Selbstst\u00e4ndig tragen sich die Kinder in Anwesenheits- und Buslisten ein. Der Fr\u00fchhort findet<a href=\"https:\/\/www.lebenswelt-schule.de\/index.php\/hort\/hortalltag\/\">[&#8230;]<\/a><\/p>\n","protected":false},"author":1,"featured_media":650,"parent":43,"menu_order":0,"comment_status":"closed","ping_status":"closed","template":"","meta":{"_themeisle_gutenberg_block_has_review":false,"footnotes":""},"class_list":["post-45","page","type-page","status-publish","has-post-thumbnail","hentry"],"yoast_head":"<!-- This site is optimized with the Yoast SEO plugin v26.9 - https:\/\/yoast.com\/product\/yoast-seo-wordpress\/ -->\n<title>Tagesablauf - Lebenswelt Schule<\/title>\n<meta name=\"robots\" content=\"index, follow, max-snippet:-1, max-image-preview:large, max-video-preview:-1\" \/>\n<link rel=\"canonical\" href=\"https:\/\/www.lebenswelt-schule.de\/index.php\/hort\/hortalltag\/\" \/>\n<meta property=\"og:locale\" content=\"de_DE\" \/>\n<meta property=\"og:type\" content=\"article\" \/>\n<meta property=\"og:title\" content=\"Tagesablauf - Lebenswelt Schule\" \/>\n<meta property=\"og:description\" content=\"Der Lebenswelt Hort ist an jedem Schultag von 7.00 bis 8.00 Uhr (Fr\u00fchhort) sowie von 12.00 bis 17.00 Uhr ge\u00f6ffnet. Fr\u00fchhort von 07:00 bis 08:00 Uhr Ab 7.00 Uhr werden die Kinder von einer p\u00e4dagogischen Fachkraft aus dem Hort in Empfang genommen. Selbstst\u00e4ndig tragen sich die Kinder in Anwesenheits- und Buslisten ein. Der Fr\u00fchhort findet[...]\" \/>\n<meta property=\"og:url\" content=\"https:\/\/www.lebenswelt-schule.de\/index.php\/hort\/hortalltag\/\" \/>\n<meta property=\"og:site_name\" content=\"Lebenswelt Schule\" \/>\n<meta property=\"article:publisher\" content=\"https:\/\/www.facebook.com\/lebensweltschule\" \/>\n<meta property=\"article:modified_time\" content=\"2023-08-11T09:31:03+00:00\" \/>\n<meta property=\"og:image\" content=\"https:\/\/www.lebenswelt-schule.de\/wp-content\/uploads\/2020\/12\/Gruppe-1-scaled.jpg\" \/>\n\t<meta property=\"og:image:width\" content=\"2560\" \/>\n\t<meta property=\"og:image:height\" content=\"1920\" \/>\n\t<meta property=\"og:image:type\" content=\"image\/jpeg\" \/>\n<meta name=\"twitter:card\" content=\"summary_large_image\" \/>\n<meta name=\"twitter:label1\" content=\"Gesch\u00e4tzte Lesezeit\" \/>\n\t<meta name=\"twitter:data1\" content=\"5\u00a0Minuten\" \/>\n<script type=\"application\/ld+json\" class=\"yoast-schema-graph\">{\"@context\":\"https:\/\/schema.org\",\"@graph\":[{\"@type\":\"WebPage\",\"@id\":\"https:\/\/www.lebenswelt-schule.de\/index.php\/hort\/hortalltag\/\",\"url\":\"https:\/\/www.lebenswelt-schule.de\/index.php\/hort\/hortalltag\/\",\"name\":\"Tagesablauf - Lebenswelt Schule\",\"isPartOf\":{\"@id\":\"https:\/\/www.lebenswelt-schule.de\/#website\"},\"primaryImageOfPage\":{\"@id\":\"https:\/\/www.lebenswelt-schule.de\/index.php\/hort\/hortalltag\/#primaryimage\"},\"image\":{\"@id\":\"https:\/\/www.lebenswelt-schule.de\/index.php\/hort\/hortalltag\/#primaryimage\"},\"thumbnailUrl\":\"https:\/\/www.lebenswelt-schule.de\/wp-content\/uploads\/2020\/12\/Gruppe-1-scaled.jpg\",\"datePublished\":\"2020-10-06T08:40:03+00:00\",\"dateModified\":\"2023-08-11T09:31:03+00:00\",\"breadcrumb\":{\"@id\":\"https:\/\/www.lebenswelt-schule.de\/index.php\/hort\/hortalltag\/#breadcrumb\"},\"inLanguage\":\"de\",\"potentialAction\":[{\"@type\":\"ReadAction\",\"target\":[\"https:\/\/www.lebenswelt-schule.de\/index.php\/hort\/hortalltag\/\"]}]},{\"@type\":\"ImageObject\",\"inLanguage\":\"de\",\"@id\":\"https:\/\/www.lebenswelt-schule.de\/index.php\/hort\/hortalltag\/#primaryimage\",\"url\":\"https:\/\/www.lebenswelt-schule.de\/wp-content\/uploads\/2020\/12\/Gruppe-1-scaled.jpg\",\"contentUrl\":\"https:\/\/www.lebenswelt-schule.de\/wp-content\/uploads\/2020\/12\/Gruppe-1-scaled.jpg\",\"width\":2560,\"height\":1920},{\"@type\":\"BreadcrumbList\",\"@id\":\"https:\/\/www.lebenswelt-schule.de\/index.php\/hort\/hortalltag\/#breadcrumb\",\"itemListElement\":[{\"@type\":\"ListItem\",\"position\":1,\"name\":\"Home\",\"item\":\"https:\/\/www.lebenswelt-schule.de\/\"},{\"@type\":\"ListItem\",\"position\":2,\"name\":\"Hort\",\"item\":\"https:\/\/www.lebenswelt-schule.de\/index.php\/hort\/\"},{\"@type\":\"ListItem\",\"position\":3,\"name\":\"Tagesablauf\"}]},{\"@type\":\"WebSite\",\"@id\":\"https:\/\/www.lebenswelt-schule.de\/#website\",\"url\":\"https:\/\/www.lebenswelt-schule.de\/\",\"name\":\"Lebenswelt Schule\",\"description\":\"Christliche Montessori-Ganztagsschule staatlich anerkannte Ersatzschule\",\"publisher\":{\"@id\":\"https:\/\/www.lebenswelt-schule.de\/#organization\"},\"potentialAction\":[{\"@type\":\"SearchAction\",\"target\":{\"@type\":\"EntryPoint\",\"urlTemplate\":\"https:\/\/www.lebenswelt-schule.de\/?s={search_term_string}\"},\"query-input\":{\"@type\":\"PropertyValueSpecification\",\"valueRequired\":true,\"valueName\":\"search_term_string\"}}],\"inLanguage\":\"de\"},{\"@type\":\"Organization\",\"@id\":\"https:\/\/www.lebenswelt-schule.de\/#organization\",\"name\":\"Lebenswelt Schule\",\"url\":\"https:\/\/www.lebenswelt-schule.de\/\",\"logo\":{\"@type\":\"ImageObject\",\"inLanguage\":\"de\",\"@id\":\"https:\/\/www.lebenswelt-schule.de\/#\/schema\/logo\/image\/\",\"url\":\"https:\/\/www.lebenswelt-schule.de\/wp-content\/uploads\/2021\/01\/logo-briefkopf.jpg\",\"contentUrl\":\"https:\/\/www.lebenswelt-schule.de\/wp-content\/uploads\/2021\/01\/logo-briefkopf.jpg\",\"width\":2442,\"height\":1638,\"caption\":\"Lebenswelt Schule\"},\"image\":{\"@id\":\"https:\/\/www.lebenswelt-schule.de\/#\/schema\/logo\/image\/\"},\"sameAs\":[\"https:\/\/www.facebook.com\/lebensweltschule\"]}]}<\/script>\n<!-- \/ Yoast SEO plugin. -->","yoast_head_json":{"title":"Tagesablauf - Lebenswelt Schule","robots":{"index":"index","follow":"follow","max-snippet":"max-snippet:-1","max-image-preview":"max-image-preview:large","max-video-preview":"max-video-preview:-1"},"canonical":"https:\/\/www.lebenswelt-schule.de\/index.php\/hort\/hortalltag\/","og_locale":"de_DE","og_type":"article","og_title":"Tagesablauf - Lebenswelt Schule","og_description":"Der Lebenswelt Hort ist an jedem Schultag von 7.00 bis 8.00 Uhr (Fr\u00fchhort) sowie von 12.00 bis 17.00 Uhr ge\u00f6ffnet. Fr\u00fchhort von 07:00 bis 08:00 Uhr Ab 7.00 Uhr werden die Kinder von einer p\u00e4dagogischen Fachkraft aus dem Hort in Empfang genommen. Selbstst\u00e4ndig tragen sich die Kinder in Anwesenheits- und Buslisten ein. Der Fr\u00fchhort findet[...]","og_url":"https:\/\/www.lebenswelt-schule.de\/index.php\/hort\/hortalltag\/","og_site_name":"Lebenswelt Schule","article_publisher":"https:\/\/www.facebook.com\/lebensweltschule","article_modified_time":"2023-08-11T09:31:03+00:00","og_image":[{"width":2560,"height":1920,"url":"https:\/\/www.lebenswelt-schule.de\/wp-content\/uploads\/2020\/12\/Gruppe-1-scaled.jpg","type":"image\/jpeg"}],"twitter_card":"summary_large_image","twitter_misc":{"Gesch\u00e4tzte Lesezeit":"5\u00a0Minuten"},"schema":{"@context":"https:\/\/schema.org","@graph":[{"@type":"WebPage","@id":"https:\/\/www.lebenswelt-schule.de\/index.php\/hort\/hortalltag\/","url":"https:\/\/www.lebenswelt-schule.de\/index.php\/hort\/hortalltag\/","name":"Tagesablauf - Lebenswelt Schule","isPartOf":{"@id":"https:\/\/www.lebenswelt-schule.de\/#website"},"primaryImageOfPage":{"@id":"https:\/\/www.lebenswelt-schule.de\/index.php\/hort\/hortalltag\/#primaryimage"},"image":{"@id":"https:\/\/www.lebenswelt-schule.de\/index.php\/hort\/hortalltag\/#primaryimage"},"thumbnailUrl":"https:\/\/www.lebenswelt-schule.de\/wp-content\/uploads\/2020\/12\/Gruppe-1-scaled.jpg","datePublished":"2020-10-06T08:40:03+00:00","dateModified":"2023-08-11T09:31:03+00:00","breadcrumb":{"@id":"https:\/\/www.lebenswelt-schule.de\/index.php\/hort\/hortalltag\/#breadcrumb"},"inLanguage":"de","potentialAction":[{"@type":"ReadAction","target":["https:\/\/www.lebenswelt-schule.de\/index.php\/hort\/hortalltag\/"]}]},{"@type":"ImageObject","inLanguage":"de","@id":"https:\/\/www.lebenswelt-schule.de\/index.php\/hort\/hortalltag\/#primaryimage","url":"https:\/\/www.lebenswelt-schule.de\/wp-content\/uploads\/2020\/12\/Gruppe-1-scaled.jpg","contentUrl":"https:\/\/www.lebenswelt-schule.de\/wp-content\/uploads\/2020\/12\/Gruppe-1-scaled.jpg","width":2560,"height":1920},{"@type":"BreadcrumbList","@id":"https:\/\/www.lebenswelt-schule.de\/index.php\/hort\/hortalltag\/#breadcrumb","itemListElement":[{"@type":"ListItem","position":1,"name":"Home","item":"https:\/\/www.lebenswelt-schule.de\/"},{"@type":"ListItem","position":2,"name":"Hort","item":"https:\/\/www.lebenswelt-schule.de\/index.php\/hort\/"},{"@type":"ListItem","position":3,"name":"Tagesablauf"}]},{"@type":"WebSite","@id":"https:\/\/www.lebenswelt-schule.de\/#website","url":"https:\/\/www.lebenswelt-schule.de\/","name":"Lebenswelt Schule","description":"Christliche Montessori-Ganztagsschule staatlich anerkannte Ersatzschule","publisher":{"@id":"https:\/\/www.lebenswelt-schule.de\/#organization"},"potentialAction":[{"@type":"SearchAction","target":{"@type":"EntryPoint","urlTemplate":"https:\/\/www.lebenswelt-schule.de\/?s={search_term_string}"},"query-input":{"@type":"PropertyValueSpecification","valueRequired":true,"valueName":"search_term_string"}}],"inLanguage":"de"},{"@type":"Organization","@id":"https:\/\/www.lebenswelt-schule.de\/#organization","name":"Lebenswelt Schule","url":"https:\/\/www.lebenswelt-schule.de\/","logo":{"@type":"ImageObject","inLanguage":"de","@id":"https:\/\/www.lebenswelt-schule.de\/#\/schema\/logo\/image\/","url":"https:\/\/www.lebenswelt-schule.de\/wp-content\/uploads\/2021\/01\/logo-briefkopf.jpg","contentUrl":"https:\/\/www.lebenswelt-schule.de\/wp-content\/uploads\/2021\/01\/logo-briefkopf.jpg","width":2442,"height":1638,"caption":"Lebenswelt Schule"},"image":{"@id":"https:\/\/www.lebenswelt-schule.de\/#\/schema\/logo\/image\/"},"sameAs":["https:\/\/www.facebook.com\/lebensweltschule"]}]}},"_links":{"self":[{"href":"https:\/\/www.lebenswelt-schule.de\/index.php\/wp-json\/wp\/v2\/pages\/45","targetHints":{"allow":["GET"]}}],"collection":[{"href":"https:\/\/www.lebenswelt-schule.de\/index.php\/wp-json\/wp\/v2\/pages"}],"about":[{"href":"https:\/\/www.lebenswelt-schule.de\/index.php\/wp-json\/wp\/v2\/types\/page"}],"author":[{"embeddable":true,"href":"https:\/\/www.lebenswelt-schule.de\/index.php\/wp-json\/wp\/v2\/users\/1"}],"replies":[{"embeddable":true,"href":"https:\/\/www.lebenswelt-schule.de\/index.php\/wp-json\/wp\/v2\/comments?post=45"}],"version-history":[{"count":27,"href":"https:\/\/www.lebenswelt-schule.de\/index.php\/wp-json\/wp\/v2\/pages\/45\/revisions"}],"predecessor-version":[{"id":1649,"href":"https:\/\/www.lebenswelt-schule.de\/index.php\/wp-json\/wp\/v2\/pages\/45\/revisions\/1649"}],"up":[{"embeddable":true,"href":"https:\/\/www.lebenswelt-schule.de\/index.php\/wp-json\/wp\/v2\/pages\/43"}],"wp:featuredmedia":[{"embeddable":true,"href":"https:\/\/www.lebenswelt-schule.de\/index.php\/wp-json\/wp\/v2\/media\/650"}],"wp:attachment":[{"href":"https:\/\/www.lebenswelt-schule.de\/index.php\/wp-json\/wp\/v2\/media?parent=45"}],"curies":[{"name":"wp","href":"https:\/\/api.w.org\/{rel}","templated":true}]}}