{"id":66,"date":"2020-10-06T10:43:40","date_gmt":"2020-10-06T08:43:40","guid":{"rendered":"http:\/\/lebenswelt-schule.webentwicklung.haus-der-edv.de\/?page_id=66"},"modified":"2022-09-05T15:56:55","modified_gmt":"2022-09-05T13:56:55","slug":"maria-montessori","status":"publish","type":"page","link":"https:\/\/www.lebenswelt-schule.de\/index.php\/lebenswelt\/maria-montessori\/","title":{"rendered":"Eltern"},"content":{"rendered":"\n<h1 class=\"wp-block-heading\"><mark style=\"background-color:rgba(0, 0, 0, 0);color:#034316\" class=\"has-inline-color\">Eltern<\/mark><\/h1>\n\n\n\n<p>An unserer Schule sind Eltern, die sich bewusst f\u00fcr unser <strong>Konzept<\/strong> entschieden haben. Sie sind daran interessiert, dass ihre Kinder in einem angenehmen Klima lernen, dass sie selbstbewusst und gl\u00fccklich sind und sich ihren M\u00f6glichkeiten entsprechend entfalten k\u00f6nnen. Sie w\u00fcnschen sich, dass ihre Kinder eigenverantwortlich lernen und Verantwortung f\u00fcr sich und die Gemeinschaft tragen.<\/p>\n\n\n\n<p>Gemeinsam arbeiten wir mit den Eltern im Sinne einer <strong>Erziehungspartnerschaft<\/strong>. Regelm\u00e4\u00dfig finden Gespr\u00e4che mit den Eltern \u00fcber die Entwicklung ihres Kindes oder zur Bildungsberatung statt.<\/p>\n\n\n\n<h1 class=\"wp-block-heading\"><strong><span style=\"color:#034316\" class=\"has-inline-color\">Soziales und wertsch\u00e4tzendes Miteinander im Schulalltag<\/span><\/strong><\/h1>\n\n\n\n<p>F\u00fcr den Erfolg unserer Schularbeit ist eine enge Zusammenarbeit zwischen Eltern und P\u00e4dagog*innen von gro\u00dfer Bedeutung.<\/p>\n\n\n\n<p class=\"has-medium-font-size\">Unser Leitsatz: <strong><em>Wir kommunizieren wertsch\u00e4tzend miteinander.<\/em><\/strong><\/p>\n\n\n\n<p>bildet daf\u00fcr die Grundlage. Alle Mitglieder unserer Schulgemeinschaft stehen im offenen Dialog und gehen achtsam, wertsch\u00e4tzend, kooperativ und tolerant miteinander um.<\/p>\n\n\n\n<p>Allen an der Lebenswelt Schule besch\u00e4ftigten Personen liegt es am Herzen, jedem Kind einen Lern- und Lebensraum zu schaffen, in dem es optimal gef\u00f6rdert wird, sich wohl f\u00fchlt und stark f\u00fcr die Zukunft gemacht werden kann. Ein respektvoller Umgang und das Achten auf gute Umgangsformen geh\u00f6ren zu unserem Schulalltag.<\/p>\n\n\n\n<p>Die Umsetzung dieses anspruchsvollen Ziels kann nur gemeinsam mit den Eltern gelingen. Es ist wichtig, dass sie uns in unserer Professionalit\u00e4t vertrauen und wertsch\u00e4tzen. Ebenso ist wichtig, dass sie mit uns ins Gespr\u00e4ch kommen und wir gemeinsam Situationen verbessern k\u00f6nnen.<\/p>\n\n\n\n<h1 class=\"wp-block-heading\"><mark style=\"background-color:rgba(0, 0, 0, 0);color:#034316\" class=\"has-inline-color\">Gremien der Elternarbeit<\/mark><\/h1>\n\n\n\n<p>F\u00fcr das Betreiben unserer Schule in freier Tr\u00e4gerschaft ist es unabdingbar, dass Eltern die Arbeit der Schule unterst\u00fctzen. Mit dem Schul- und Hortvertrag sind sie dazu verpflichtet. Verbindlich zu leistende Elternarbeitsstunden k\u00f6nnen u.a. bei Arbeitseins\u00e4tzen, Klassenaktivit\u00e4ten, Bauma\u00dfnahmen oder Reinigungst\u00e4tigkeiten erbracht werden.<\/p>\n\n\n\n<p>Au\u00dferdem gibt es die M\u00f6glichkeit, in verschiedenen Gremien mitzuarbeiten und so den Schulalltag und die Weiterentwicklung der Schule mitzugestalten.<\/p>\n\n\n\n<h2 class=\"wp-block-heading\"><mark style=\"background-color:rgba(0, 0, 0, 0);color:#034316\" class=\"has-inline-color\">1. <strong>Klassenelternversammlung \/ Elternabende<\/strong><\/mark><\/h2>\n\n\n\n<p>In der Klassenelternversammlung informieren die p\u00e4dagogischen Mitarbeiter*innen \u00fcber<\/p>\n\n\n\n<ul class=\"wp-block-list\"><li>Unterrichts- und Erziehungsinhalte<\/li><li>Konzept und Schulentwicklung<\/li><li>Termine und Abl\u00e4ufe des Schuljahres<\/li><li>das Klassengeschehen<\/li><\/ul>\n\n\n\n<p>J\u00e4hrlich finden aktenkundige Belehrungen durch die Mitarbeiter*innen statt.<\/p>\n\n\n\n<p>Eltern und P\u00e4dagog*innen nutzen die Versammlungen f\u00fcr offene Fragen zum Hort- und Schulalltag sowie f\u00fcr klassenrelevante Themen. Diese sind den Klassenlehrer*innen im Vorfeld zur Planung der Tagesordnung mitzuteilen.<\/p>\n\n\n\n<p>Die Eltern w\u00e4hlen j\u00e4hrlich eine gemeinsame Elternvertretung f\u00fcr Schule und Hort.<\/p>\n\n\n\n<h2 class=\"wp-block-heading\"><mark style=\"background-color:rgba(0, 0, 0, 0);color:#034316\" class=\"has-inline-color\">2. <strong>Klassenelternsprecher<\/strong><\/mark><\/h2>\n\n\n\n<p>Die Klassenelternsprecher einer Klasse<\/p>\n\n\n\n<ul class=\"wp-block-list\"><li>b\u00fcndeln Fragen, die eine Vielzahl von Eltern der Klasse besch\u00e4ftigen und versuchen diese zu einer L\u00f6sung zu bringen<\/li><li>vertreten und moderieren die Interessen der Eltern gegen\u00fcber den P\u00e4dagog*innen des Klassenteams und des Hortes und f\u00fchren gegebenenfalls kl\u00e4rende Gespr\u00e4che<\/li><li>organisieren den 2. Elternabend der Klasse<\/li><li>organisieren w\u00e4hrend des 1. Elternabends die Wahl der neuen Elternvertreter<\/li><li>erstatten den Eltern Bericht aus den Elternratssitzungen<\/li><li>unterst\u00fctzen die Klasse gegebenenfalls bei der Organisation von Klassenfahrten, Exkursionen, Ausfl\u00fcgen, Festen<\/li><\/ul>\n\n\n\n<h2 class=\"wp-block-heading\"><mark style=\"background-color:rgba(0, 0, 0, 0);color:#034316\" class=\"has-inline-color\">3. <strong>Elternrat<\/strong><\/mark><\/h2>\n\n\n\n<p>Der Elternrat erfasst und vertritt die Meinung aller Eltern zu aktuellen schulrelevanten Themen.<\/p>\n\n\n\n<p>Der Elternrat ist Sprachrohr und Interessensvertretung der Eltern gegen\u00fcber Schul- und Hortleitung, dem p\u00e4dagogischen Team sowie dem Vorstand f\u00fcr Themen, die Schule und Hort in ihrer Gesamtheit betreffen.<\/p>\n\n\n\n<p>Die zwei Klassenelternsprecher einer jeden Klasse bilden gemeinsam mit den Klassenelternsprechern der anderen Klassen den Elternrat.<\/p>\n\n\n\n<p>Sie treffen sich zu regelm\u00e4\u00dfigen Beratungen und informieren die Eltern per Mail \u00fcber besprochene und aktuelle Themen. Daf\u00fcr wird vorher ein Protokollant festgelegt.<\/p>\n\n\n\n<p>Der Elternrat w\u00e4hlt aus seiner Mitte einen Vorsitzenden und dessen Stellvertreter.<\/p>\n\n\n\n<p>Ein Treffen pro Schulhalbjahr zwischen Elternrat und Leitungsteam wird im Jahresplan langfristig terminiert. Tagesordnung und Verantwortlichkeiten sind im Vorfeld festgelegt. Weitere Treffen mit Schul- und Hortleitung werden bei Bedarf vom Elternrat initiiert.<\/p>\n\n\n\n<p>Der Elternrat gestaltet das soziale Leben an der Schule aktiv mit. Er unterst\u00fctzt u.a. bei der Organisation von Schulfesten.<\/p>\n\n\n\n<h2 class=\"wp-block-heading\"><mark style=\"background-color:rgba(0, 0, 0, 0);color:#034316\" class=\"has-inline-color\"><strong>4. Verein<\/strong><\/mark><\/h2>\n\n\n\n<p>Die Lebenswelt Schule ist eine freie Schule, deren Tr\u00e4ger der Tr\u00e4gerverein Lebenswelt Schule e.V. ist und in dem die Eltern Mitglied sein sollten. Die Mitgliederversammlung w\u00e4hlt die Vorstandsmitglieder f\u00fcr zwei Jahre. Der Vorstand bestellt die Gesch\u00e4ftsf\u00fchrung, er \u00fcberwacht diese, ber\u00e4t sie und sichert ab, dass die satzungsm\u00e4\u00dfigen Aufgaben sowie die Festlegungen der Mitgliederversammlung durch die Gesch\u00e4ftsf\u00fchrung umgesetzt werden.<\/p>\n\n\n\n<p><\/p>\n","protected":false},"excerpt":{"rendered":"<p>Eltern An unserer Schule sind Eltern, die sich bewusst f\u00fcr unser Konzept entschieden haben. Sie sind daran interessiert, dass ihre Kinder in einem angenehmen Klima lernen, dass sie selbstbewusst und gl\u00fccklich sind und sich ihren M\u00f6glichkeiten entsprechend entfalten k\u00f6nnen. Sie w\u00fcnschen sich, dass ihre Kinder eigenverantwortlich lernen und Verantwortung f\u00fcr sich und die Gemeinschaft tragen.<a href=\"https:\/\/www.lebenswelt-schule.de\/index.php\/lebenswelt\/maria-montessori\/\">[&#8230;]<\/a><\/p>\n","protected":false},"author":1,"featured_media":0,"parent":62,"menu_order":0,"comment_status":"closed","ping_status":"closed","template":"","meta":{"_themeisle_gutenberg_block_has_review":false,"footnotes":""},"class_list":["post-66","page","type-page","status-publish","hentry"],"yoast_head":"<!-- This site is optimized with the Yoast SEO plugin v26.9 - https:\/\/yoast.com\/product\/yoast-seo-wordpress\/ -->\n<title>Eltern - Lebenswelt Schule<\/title>\n<meta name=\"robots\" content=\"index, follow, max-snippet:-1, max-image-preview:large, max-video-preview:-1\" \/>\n<link rel=\"canonical\" href=\"https:\/\/www.lebenswelt-schule.de\/index.php\/lebenswelt\/maria-montessori\/\" \/>\n<meta property=\"og:locale\" content=\"de_DE\" \/>\n<meta property=\"og:type\" content=\"article\" \/>\n<meta property=\"og:title\" content=\"Eltern - Lebenswelt Schule\" \/>\n<meta property=\"og:description\" content=\"Eltern An unserer Schule sind Eltern, die sich bewusst f\u00fcr unser Konzept entschieden haben. Sie sind daran interessiert, dass ihre Kinder in einem angenehmen Klima lernen, dass sie selbstbewusst und gl\u00fccklich sind und sich ihren M\u00f6glichkeiten entsprechend entfalten k\u00f6nnen. Sie w\u00fcnschen sich, dass ihre Kinder eigenverantwortlich lernen und Verantwortung f\u00fcr sich und die Gemeinschaft tragen.[...]\" \/>\n<meta property=\"og:url\" content=\"https:\/\/www.lebenswelt-schule.de\/index.php\/lebenswelt\/maria-montessori\/\" \/>\n<meta property=\"og:site_name\" content=\"Lebenswelt Schule\" \/>\n<meta property=\"article:publisher\" content=\"https:\/\/www.facebook.com\/lebensweltschule\" \/>\n<meta property=\"article:modified_time\" content=\"2022-09-05T13:56:55+00:00\" \/>\n<meta name=\"twitter:card\" content=\"summary_large_image\" \/>\n<meta name=\"twitter:label1\" content=\"Gesch\u00e4tzte Lesezeit\" \/>\n\t<meta name=\"twitter:data1\" content=\"4\u00a0Minuten\" \/>\n<script type=\"application\/ld+json\" class=\"yoast-schema-graph\">{\"@context\":\"https:\/\/schema.org\",\"@graph\":[{\"@type\":\"WebPage\",\"@id\":\"https:\/\/www.lebenswelt-schule.de\/index.php\/lebenswelt\/maria-montessori\/\",\"url\":\"https:\/\/www.lebenswelt-schule.de\/index.php\/lebenswelt\/maria-montessori\/\",\"name\":\"Eltern - Lebenswelt Schule\",\"isPartOf\":{\"@id\":\"https:\/\/www.lebenswelt-schule.de\/#website\"},\"datePublished\":\"2020-10-06T08:43:40+00:00\",\"dateModified\":\"2022-09-05T13:56:55+00:00\",\"breadcrumb\":{\"@id\":\"https:\/\/www.lebenswelt-schule.de\/index.php\/lebenswelt\/maria-montessori\/#breadcrumb\"},\"inLanguage\":\"de\",\"potentialAction\":[{\"@type\":\"ReadAction\",\"target\":[\"https:\/\/www.lebenswelt-schule.de\/index.php\/lebenswelt\/maria-montessori\/\"]}]},{\"@type\":\"BreadcrumbList\",\"@id\":\"https:\/\/www.lebenswelt-schule.de\/index.php\/lebenswelt\/maria-montessori\/#breadcrumb\",\"itemListElement\":[{\"@type\":\"ListItem\",\"position\":1,\"name\":\"Home\",\"item\":\"https:\/\/www.lebenswelt-schule.de\/\"},{\"@type\":\"ListItem\",\"position\":2,\"name\":\"Lebenswelt\",\"item\":\"https:\/\/www.lebenswelt-schule.de\/index.php\/lebenswelt\/\"},{\"@type\":\"ListItem\",\"position\":3,\"name\":\"Eltern\"}]},{\"@type\":\"WebSite\",\"@id\":\"https:\/\/www.lebenswelt-schule.de\/#website\",\"url\":\"https:\/\/www.lebenswelt-schule.de\/\",\"name\":\"Lebenswelt Schule\",\"description\":\"Christliche Montessori-Ganztagsschule staatlich anerkannte Ersatzschule\",\"publisher\":{\"@id\":\"https:\/\/www.lebenswelt-schule.de\/#organization\"},\"potentialAction\":[{\"@type\":\"SearchAction\",\"target\":{\"@type\":\"EntryPoint\",\"urlTemplate\":\"https:\/\/www.lebenswelt-schule.de\/?s={search_term_string}\"},\"query-input\":{\"@type\":\"PropertyValueSpecification\",\"valueRequired\":true,\"valueName\":\"search_term_string\"}}],\"inLanguage\":\"de\"},{\"@type\":\"Organization\",\"@id\":\"https:\/\/www.lebenswelt-schule.de\/#organization\",\"name\":\"Lebenswelt Schule\",\"url\":\"https:\/\/www.lebenswelt-schule.de\/\",\"logo\":{\"@type\":\"ImageObject\",\"inLanguage\":\"de\",\"@id\":\"https:\/\/www.lebenswelt-schule.de\/#\/schema\/logo\/image\/\",\"url\":\"https:\/\/www.lebenswelt-schule.de\/wp-content\/uploads\/2021\/01\/logo-briefkopf.jpg\",\"contentUrl\":\"https:\/\/www.lebenswelt-schule.de\/wp-content\/uploads\/2021\/01\/logo-briefkopf.jpg\",\"width\":2442,\"height\":1638,\"caption\":\"Lebenswelt Schule\"},\"image\":{\"@id\":\"https:\/\/www.lebenswelt-schule.de\/#\/schema\/logo\/image\/\"},\"sameAs\":[\"https:\/\/www.facebook.com\/lebensweltschule\"]}]}<\/script>\n<!-- \/ Yoast SEO plugin. -->","yoast_head_json":{"title":"Eltern - Lebenswelt Schule","robots":{"index":"index","follow":"follow","max-snippet":"max-snippet:-1","max-image-preview":"max-image-preview:large","max-video-preview":"max-video-preview:-1"},"canonical":"https:\/\/www.lebenswelt-schule.de\/index.php\/lebenswelt\/maria-montessori\/","og_locale":"de_DE","og_type":"article","og_title":"Eltern - Lebenswelt Schule","og_description":"Eltern An unserer Schule sind Eltern, die sich bewusst f\u00fcr unser Konzept entschieden haben. Sie sind daran interessiert, dass ihre Kinder in einem angenehmen Klima lernen, dass sie selbstbewusst und gl\u00fccklich sind und sich ihren M\u00f6glichkeiten entsprechend entfalten k\u00f6nnen. Sie w\u00fcnschen sich, dass ihre Kinder eigenverantwortlich lernen und Verantwortung f\u00fcr sich und die Gemeinschaft tragen.[...]","og_url":"https:\/\/www.lebenswelt-schule.de\/index.php\/lebenswelt\/maria-montessori\/","og_site_name":"Lebenswelt Schule","article_publisher":"https:\/\/www.facebook.com\/lebensweltschule","article_modified_time":"2022-09-05T13:56:55+00:00","twitter_card":"summary_large_image","twitter_misc":{"Gesch\u00e4tzte Lesezeit":"4\u00a0Minuten"},"schema":{"@context":"https:\/\/schema.org","@graph":[{"@type":"WebPage","@id":"https:\/\/www.lebenswelt-schule.de\/index.php\/lebenswelt\/maria-montessori\/","url":"https:\/\/www.lebenswelt-schule.de\/index.php\/lebenswelt\/maria-montessori\/","name":"Eltern - Lebenswelt Schule","isPartOf":{"@id":"https:\/\/www.lebenswelt-schule.de\/#website"},"datePublished":"2020-10-06T08:43:40+00:00","dateModified":"2022-09-05T13:56:55+00:00","breadcrumb":{"@id":"https:\/\/www.lebenswelt-schule.de\/index.php\/lebenswelt\/maria-montessori\/#breadcrumb"},"inLanguage":"de","potentialAction":[{"@type":"ReadAction","target":["https:\/\/www.lebenswelt-schule.de\/index.php\/lebenswelt\/maria-montessori\/"]}]},{"@type":"BreadcrumbList","@id":"https:\/\/www.lebenswelt-schule.de\/index.php\/lebenswelt\/maria-montessori\/#breadcrumb","itemListElement":[{"@type":"ListItem","position":1,"name":"Home","item":"https:\/\/www.lebenswelt-schule.de\/"},{"@type":"ListItem","position":2,"name":"Lebenswelt","item":"https:\/\/www.lebenswelt-schule.de\/index.php\/lebenswelt\/"},{"@type":"ListItem","position":3,"name":"Eltern"}]},{"@type":"WebSite","@id":"https:\/\/www.lebenswelt-schule.de\/#website","url":"https:\/\/www.lebenswelt-schule.de\/","name":"Lebenswelt Schule","description":"Christliche Montessori-Ganztagsschule staatlich anerkannte Ersatzschule","publisher":{"@id":"https:\/\/www.lebenswelt-schule.de\/#organization"},"potentialAction":[{"@type":"SearchAction","target":{"@type":"EntryPoint","urlTemplate":"https:\/\/www.lebenswelt-schule.de\/?s={search_term_string}"},"query-input":{"@type":"PropertyValueSpecification","valueRequired":true,"valueName":"search_term_string"}}],"inLanguage":"de"},{"@type":"Organization","@id":"https:\/\/www.lebenswelt-schule.de\/#organization","name":"Lebenswelt Schule","url":"https:\/\/www.lebenswelt-schule.de\/","logo":{"@type":"ImageObject","inLanguage":"de","@id":"https:\/\/www.lebenswelt-schule.de\/#\/schema\/logo\/image\/","url":"https:\/\/www.lebenswelt-schule.de\/wp-content\/uploads\/2021\/01\/logo-briefkopf.jpg","contentUrl":"https:\/\/www.lebenswelt-schule.de\/wp-content\/uploads\/2021\/01\/logo-briefkopf.jpg","width":2442,"height":1638,"caption":"Lebenswelt Schule"},"image":{"@id":"https:\/\/www.lebenswelt-schule.de\/#\/schema\/logo\/image\/"},"sameAs":["https:\/\/www.facebook.com\/lebensweltschule"]}]}},"_links":{"self":[{"href":"https:\/\/www.lebenswelt-schule.de\/index.php\/wp-json\/wp\/v2\/pages\/66","targetHints":{"allow":["GET"]}}],"collection":[{"href":"https:\/\/www.lebenswelt-schule.de\/index.php\/wp-json\/wp\/v2\/pages"}],"about":[{"href":"https:\/\/www.lebenswelt-schule.de\/index.php\/wp-json\/wp\/v2\/types\/page"}],"author":[{"embeddable":true,"href":"https:\/\/www.lebenswelt-schule.de\/index.php\/wp-json\/wp\/v2\/users\/1"}],"replies":[{"embeddable":true,"href":"https:\/\/www.lebenswelt-schule.de\/index.php\/wp-json\/wp\/v2\/comments?post=66"}],"version-history":[{"count":20,"href":"https:\/\/www.lebenswelt-schule.de\/index.php\/wp-json\/wp\/v2\/pages\/66\/revisions"}],"predecessor-version":[{"id":1446,"href":"https:\/\/www.lebenswelt-schule.de\/index.php\/wp-json\/wp\/v2\/pages\/66\/revisions\/1446"}],"up":[{"embeddable":true,"href":"https:\/\/www.lebenswelt-schule.de\/index.php\/wp-json\/wp\/v2\/pages\/62"}],"wp:attachment":[{"href":"https:\/\/www.lebenswelt-schule.de\/index.php\/wp-json\/wp\/v2\/media?parent=66"}],"curies":[{"name":"wp","href":"https:\/\/api.w.org\/{rel}","templated":true}]}}