{"id":76,"date":"2020-10-06T10:45:32","date_gmt":"2020-10-06T08:45:32","guid":{"rendered":"http:\/\/lebenswelt-schule.webentwicklung.haus-der-edv.de\/?page_id=76"},"modified":"2026-02-19T11:37:22","modified_gmt":"2026-02-19T10:37:22","slug":"geschaeftsfuehrung-und-vereinsrat","status":"publish","type":"page","link":"https:\/\/www.lebenswelt-schule.de\/index.php\/verein\/geschaeftsfuehrung-und-vereinsrat\/","title":{"rendered":"Gesch\u00e4ftsf\u00fchrung und Vereinsrat"},"content":{"rendered":"\n<p><\/p>\n\n\n\n<div class=\"wp-block-columns is-layout-flex wp-container-core-columns-is-layout-9d6595d7 wp-block-columns-is-layout-flex\">\n<div class=\"wp-block-column is-layout-flow wp-block-column-is-layout-flow\" style=\"flex-basis:100%\">\n<div class=\"wp-block-media-text alignwide has-media-on-the-right is-stacked-on-mobile is-style-default\" style=\"grid-template-columns:auto 19%\"><div class=\"wp-block-media-text__content\">\n<p>Gem\u00e4\u00df der Satzung wird der Verein durch die Gesch\u00e4ftsf\u00fchrung vertreten, diese ist Vertretungsvorstand im Sinne des \u00a7 26 BGB.<\/p>\n\n\n\n<p>Seit Juni 2022 ist unser Gesch\u00e4ftsf\u00fchrer Alexander Wagner.<\/p>\n<\/div><figure class=\"wp-block-media-text__media\"><img loading=\"lazy\" decoding=\"async\" width=\"883\" height=\"1024\" src=\"https:\/\/www.lebenswelt-schule.de\/wp-content\/uploads\/2021\/06\/Herr-Wagner-Kopie-883x1024.jpg\" alt=\"\" class=\"wp-image-1232 size-full\" srcset=\"https:\/\/www.lebenswelt-schule.de\/wp-content\/uploads\/2021\/06\/Herr-Wagner-Kopie-883x1024.jpg 883w, https:\/\/www.lebenswelt-schule.de\/wp-content\/uploads\/2021\/06\/Herr-Wagner-Kopie-259x300.jpg 259w, https:\/\/www.lebenswelt-schule.de\/wp-content\/uploads\/2021\/06\/Herr-Wagner-Kopie-768x891.jpg 768w, https:\/\/www.lebenswelt-schule.de\/wp-content\/uploads\/2021\/06\/Herr-Wagner-Kopie.jpg 1162w\" sizes=\"auto, (max-width: 883px) 100vw, 883px\" \/><\/figure><\/div>\n<\/div>\n<\/div>\n\n\n\n<hr class=\"wp-block-separator has-alpha-channel-opacity\"\/>\n\n\n\n<p>Der Vereinsrat bestellt die Gesch\u00e4ftsf\u00fchrung, er \u00fcberwacht diese, ber\u00e4t sie und sichert ab, dass die satzungsm\u00e4\u00dfigen Aufgaben sowie die Festlegungen der Mitgliederversammlung durch die Gesch\u00e4ftsf\u00fchrung umgesetzt werden. Der Vereinsrat wird alle 2 Jahre von der Mitgliederversammlung neu gew\u00e4hlt. Aktuell besteht der Vereinsrat aus folgenden Mitgliedern:<\/p>\n\n\n\n<div class=\"wp-block-group\"><div class=\"wp-block-group__inner-container is-layout-flow wp-block-group-is-layout-flow\">\n<div class=\"wp-block-group\"><div class=\"wp-block-group__inner-container is-layout-flow wp-block-group-is-layout-flow\">\n<p>Martina M\u00fchlbach \u2013 Vereinsratsvorsitzende<br>Nina Schreckenbach  \u2013 stellvertretende Vorsitzende <br>Sascha Felgner<br>Mirko Grimm<br>Emely Hauenschild<br>G\u00f6ran Tews<br>Rick Zeibig<br><\/p>\n<\/div><\/div>\n<\/div><\/div>\n","protected":false},"excerpt":{"rendered":"<p>Gem\u00e4\u00df der Satzung wird der Verein durch die Gesch\u00e4ftsf\u00fchrung vertreten, diese ist Vertretungsvorstand im Sinne des \u00a7 26 BGB. Seit Juni 2022 ist unser Gesch\u00e4ftsf\u00fchrer Alexander Wagner. Der Vereinsrat bestellt die Gesch\u00e4ftsf\u00fchrung, er \u00fcberwacht diese, ber\u00e4t sie und sichert ab, dass die satzungsm\u00e4\u00dfigen Aufgaben sowie die Festlegungen der Mitgliederversammlung durch die Gesch\u00e4ftsf\u00fchrung umgesetzt werden. Der<a href=\"https:\/\/www.lebenswelt-schule.de\/index.php\/verein\/geschaeftsfuehrung-und-vereinsrat\/\">[&#8230;]<\/a><\/p>\n","protected":false},"author":1,"featured_media":0,"parent":74,"menu_order":0,"comment_status":"closed","ping_status":"closed","template":"","meta":{"_themeisle_gutenberg_block_has_review":false,"footnotes":""},"class_list":["post-76","page","type-page","status-publish","hentry"],"yoast_head":"<!-- This site is optimized with the Yoast SEO plugin v26.9 - https:\/\/yoast.com\/product\/yoast-seo-wordpress\/ -->\n<title>Gesch\u00e4ftsf\u00fchrung und Vereinsrat - Lebenswelt Schule<\/title>\n<meta name=\"robots\" content=\"index, follow, max-snippet:-1, max-image-preview:large, max-video-preview:-1\" \/>\n<link rel=\"canonical\" href=\"https:\/\/www.lebenswelt-schule.de\/index.php\/verein\/geschaeftsfuehrung-und-vereinsrat\/\" \/>\n<meta property=\"og:locale\" content=\"de_DE\" \/>\n<meta property=\"og:type\" content=\"article\" \/>\n<meta property=\"og:title\" content=\"Gesch\u00e4ftsf\u00fchrung und Vereinsrat - Lebenswelt Schule\" \/>\n<meta property=\"og:description\" content=\"Gem\u00e4\u00df der Satzung wird der Verein durch die Gesch\u00e4ftsf\u00fchrung vertreten, diese ist Vertretungsvorstand im Sinne des \u00a7 26 BGB. Seit Juni 2022 ist unser Gesch\u00e4ftsf\u00fchrer Alexander Wagner. Der Vereinsrat bestellt die Gesch\u00e4ftsf\u00fchrung, er \u00fcberwacht diese, ber\u00e4t sie und sichert ab, dass die satzungsm\u00e4\u00dfigen Aufgaben sowie die Festlegungen der Mitgliederversammlung durch die Gesch\u00e4ftsf\u00fchrung umgesetzt werden. Der[...]\" \/>\n<meta property=\"og:url\" content=\"https:\/\/www.lebenswelt-schule.de\/index.php\/verein\/geschaeftsfuehrung-und-vereinsrat\/\" \/>\n<meta property=\"og:site_name\" content=\"Lebenswelt Schule\" \/>\n<meta property=\"article:publisher\" content=\"https:\/\/www.facebook.com\/lebensweltschule\" \/>\n<meta property=\"article:modified_time\" content=\"2026-02-19T10:37:22+00:00\" \/>\n<meta property=\"og:image\" content=\"https:\/\/www.lebenswelt-schule.de\/wp-content\/uploads\/2021\/06\/Herr-Wagner-Kopie.jpg\" \/>\n\t<meta property=\"og:image:width\" content=\"1162\" \/>\n\t<meta property=\"og:image:height\" content=\"1348\" \/>\n\t<meta property=\"og:image:type\" content=\"image\/jpeg\" \/>\n<meta name=\"twitter:card\" content=\"summary_large_image\" \/>\n<meta name=\"twitter:label1\" content=\"Gesch\u00e4tzte Lesezeit\" \/>\n\t<meta name=\"twitter:data1\" content=\"1\u00a0Minute\" \/>\n<script type=\"application\/ld+json\" class=\"yoast-schema-graph\">{\"@context\":\"https:\/\/schema.org\",\"@graph\":[{\"@type\":\"WebPage\",\"@id\":\"https:\/\/www.lebenswelt-schule.de\/index.php\/verein\/geschaeftsfuehrung-und-vereinsrat\/\",\"url\":\"https:\/\/www.lebenswelt-schule.de\/index.php\/verein\/geschaeftsfuehrung-und-vereinsrat\/\",\"name\":\"Gesch\u00e4ftsf\u00fchrung und Vereinsrat - Lebenswelt Schule\",\"isPartOf\":{\"@id\":\"https:\/\/www.lebenswelt-schule.de\/#website\"},\"primaryImageOfPage\":{\"@id\":\"https:\/\/www.lebenswelt-schule.de\/index.php\/verein\/geschaeftsfuehrung-und-vereinsrat\/#primaryimage\"},\"image\":{\"@id\":\"https:\/\/www.lebenswelt-schule.de\/index.php\/verein\/geschaeftsfuehrung-und-vereinsrat\/#primaryimage\"},\"thumbnailUrl\":\"https:\/\/www.lebenswelt-schule.de\/wp-content\/uploads\/2021\/06\/Herr-Wagner-Kopie-883x1024.jpg\",\"datePublished\":\"2020-10-06T08:45:32+00:00\",\"dateModified\":\"2026-02-19T10:37:22+00:00\",\"breadcrumb\":{\"@id\":\"https:\/\/www.lebenswelt-schule.de\/index.php\/verein\/geschaeftsfuehrung-und-vereinsrat\/#breadcrumb\"},\"inLanguage\":\"de\",\"potentialAction\":[{\"@type\":\"ReadAction\",\"target\":[\"https:\/\/www.lebenswelt-schule.de\/index.php\/verein\/geschaeftsfuehrung-und-vereinsrat\/\"]}]},{\"@type\":\"ImageObject\",\"inLanguage\":\"de\",\"@id\":\"https:\/\/www.lebenswelt-schule.de\/index.php\/verein\/geschaeftsfuehrung-und-vereinsrat\/#primaryimage\",\"url\":\"https:\/\/www.lebenswelt-schule.de\/wp-content\/uploads\/2021\/06\/Herr-Wagner-Kopie.jpg\",\"contentUrl\":\"https:\/\/www.lebenswelt-schule.de\/wp-content\/uploads\/2021\/06\/Herr-Wagner-Kopie.jpg\",\"width\":1162,\"height\":1348},{\"@type\":\"BreadcrumbList\",\"@id\":\"https:\/\/www.lebenswelt-schule.de\/index.php\/verein\/geschaeftsfuehrung-und-vereinsrat\/#breadcrumb\",\"itemListElement\":[{\"@type\":\"ListItem\",\"position\":1,\"name\":\"Home\",\"item\":\"https:\/\/www.lebenswelt-schule.de\/\"},{\"@type\":\"ListItem\",\"position\":2,\"name\":\"Verein\",\"item\":\"https:\/\/www.lebenswelt-schule.de\/index.php\/verein\/\"},{\"@type\":\"ListItem\",\"position\":3,\"name\":\"Gesch\u00e4ftsf\u00fchrung und Vereinsrat\"}]},{\"@type\":\"WebSite\",\"@id\":\"https:\/\/www.lebenswelt-schule.de\/#website\",\"url\":\"https:\/\/www.lebenswelt-schule.de\/\",\"name\":\"Lebenswelt Schule\",\"description\":\"Christliche Montessori-Ganztagsschule staatlich anerkannte Ersatzschule\",\"publisher\":{\"@id\":\"https:\/\/www.lebenswelt-schule.de\/#organization\"},\"potentialAction\":[{\"@type\":\"SearchAction\",\"target\":{\"@type\":\"EntryPoint\",\"urlTemplate\":\"https:\/\/www.lebenswelt-schule.de\/?s={search_term_string}\"},\"query-input\":{\"@type\":\"PropertyValueSpecification\",\"valueRequired\":true,\"valueName\":\"search_term_string\"}}],\"inLanguage\":\"de\"},{\"@type\":\"Organization\",\"@id\":\"https:\/\/www.lebenswelt-schule.de\/#organization\",\"name\":\"Lebenswelt Schule\",\"url\":\"https:\/\/www.lebenswelt-schule.de\/\",\"logo\":{\"@type\":\"ImageObject\",\"inLanguage\":\"de\",\"@id\":\"https:\/\/www.lebenswelt-schule.de\/#\/schema\/logo\/image\/\",\"url\":\"https:\/\/www.lebenswelt-schule.de\/wp-content\/uploads\/2021\/01\/logo-briefkopf.jpg\",\"contentUrl\":\"https:\/\/www.lebenswelt-schule.de\/wp-content\/uploads\/2021\/01\/logo-briefkopf.jpg\",\"width\":2442,\"height\":1638,\"caption\":\"Lebenswelt Schule\"},\"image\":{\"@id\":\"https:\/\/www.lebenswelt-schule.de\/#\/schema\/logo\/image\/\"},\"sameAs\":[\"https:\/\/www.facebook.com\/lebensweltschule\"]}]}<\/script>\n<!-- \/ Yoast SEO plugin. -->","yoast_head_json":{"title":"Gesch\u00e4ftsf\u00fchrung und Vereinsrat - Lebenswelt Schule","robots":{"index":"index","follow":"follow","max-snippet":"max-snippet:-1","max-image-preview":"max-image-preview:large","max-video-preview":"max-video-preview:-1"},"canonical":"https:\/\/www.lebenswelt-schule.de\/index.php\/verein\/geschaeftsfuehrung-und-vereinsrat\/","og_locale":"de_DE","og_type":"article","og_title":"Gesch\u00e4ftsf\u00fchrung und Vereinsrat - Lebenswelt Schule","og_description":"Gem\u00e4\u00df der Satzung wird der Verein durch die Gesch\u00e4ftsf\u00fchrung vertreten, diese ist Vertretungsvorstand im Sinne des \u00a7 26 BGB. Seit Juni 2022 ist unser Gesch\u00e4ftsf\u00fchrer Alexander Wagner. Der Vereinsrat bestellt die Gesch\u00e4ftsf\u00fchrung, er \u00fcberwacht diese, ber\u00e4t sie und sichert ab, dass die satzungsm\u00e4\u00dfigen Aufgaben sowie die Festlegungen der Mitgliederversammlung durch die Gesch\u00e4ftsf\u00fchrung umgesetzt werden. Der[...]","og_url":"https:\/\/www.lebenswelt-schule.de\/index.php\/verein\/geschaeftsfuehrung-und-vereinsrat\/","og_site_name":"Lebenswelt Schule","article_publisher":"https:\/\/www.facebook.com\/lebensweltschule","article_modified_time":"2026-02-19T10:37:22+00:00","og_image":[{"width":1162,"height":1348,"url":"https:\/\/www.lebenswelt-schule.de\/wp-content\/uploads\/2021\/06\/Herr-Wagner-Kopie.jpg","type":"image\/jpeg"}],"twitter_card":"summary_large_image","twitter_misc":{"Gesch\u00e4tzte Lesezeit":"1\u00a0Minute"},"schema":{"@context":"https:\/\/schema.org","@graph":[{"@type":"WebPage","@id":"https:\/\/www.lebenswelt-schule.de\/index.php\/verein\/geschaeftsfuehrung-und-vereinsrat\/","url":"https:\/\/www.lebenswelt-schule.de\/index.php\/verein\/geschaeftsfuehrung-und-vereinsrat\/","name":"Gesch\u00e4ftsf\u00fchrung und Vereinsrat - Lebenswelt Schule","isPartOf":{"@id":"https:\/\/www.lebenswelt-schule.de\/#website"},"primaryImageOfPage":{"@id":"https:\/\/www.lebenswelt-schule.de\/index.php\/verein\/geschaeftsfuehrung-und-vereinsrat\/#primaryimage"},"image":{"@id":"https:\/\/www.lebenswelt-schule.de\/index.php\/verein\/geschaeftsfuehrung-und-vereinsrat\/#primaryimage"},"thumbnailUrl":"https:\/\/www.lebenswelt-schule.de\/wp-content\/uploads\/2021\/06\/Herr-Wagner-Kopie-883x1024.jpg","datePublished":"2020-10-06T08:45:32+00:00","dateModified":"2026-02-19T10:37:22+00:00","breadcrumb":{"@id":"https:\/\/www.lebenswelt-schule.de\/index.php\/verein\/geschaeftsfuehrung-und-vereinsrat\/#breadcrumb"},"inLanguage":"de","potentialAction":[{"@type":"ReadAction","target":["https:\/\/www.lebenswelt-schule.de\/index.php\/verein\/geschaeftsfuehrung-und-vereinsrat\/"]}]},{"@type":"ImageObject","inLanguage":"de","@id":"https:\/\/www.lebenswelt-schule.de\/index.php\/verein\/geschaeftsfuehrung-und-vereinsrat\/#primaryimage","url":"https:\/\/www.lebenswelt-schule.de\/wp-content\/uploads\/2021\/06\/Herr-Wagner-Kopie.jpg","contentUrl":"https:\/\/www.lebenswelt-schule.de\/wp-content\/uploads\/2021\/06\/Herr-Wagner-Kopie.jpg","width":1162,"height":1348},{"@type":"BreadcrumbList","@id":"https:\/\/www.lebenswelt-schule.de\/index.php\/verein\/geschaeftsfuehrung-und-vereinsrat\/#breadcrumb","itemListElement":[{"@type":"ListItem","position":1,"name":"Home","item":"https:\/\/www.lebenswelt-schule.de\/"},{"@type":"ListItem","position":2,"name":"Verein","item":"https:\/\/www.lebenswelt-schule.de\/index.php\/verein\/"},{"@type":"ListItem","position":3,"name":"Gesch\u00e4ftsf\u00fchrung und Vereinsrat"}]},{"@type":"WebSite","@id":"https:\/\/www.lebenswelt-schule.de\/#website","url":"https:\/\/www.lebenswelt-schule.de\/","name":"Lebenswelt Schule","description":"Christliche Montessori-Ganztagsschule staatlich anerkannte Ersatzschule","publisher":{"@id":"https:\/\/www.lebenswelt-schule.de\/#organization"},"potentialAction":[{"@type":"SearchAction","target":{"@type":"EntryPoint","urlTemplate":"https:\/\/www.lebenswelt-schule.de\/?s={search_term_string}"},"query-input":{"@type":"PropertyValueSpecification","valueRequired":true,"valueName":"search_term_string"}}],"inLanguage":"de"},{"@type":"Organization","@id":"https:\/\/www.lebenswelt-schule.de\/#organization","name":"Lebenswelt Schule","url":"https:\/\/www.lebenswelt-schule.de\/","logo":{"@type":"ImageObject","inLanguage":"de","@id":"https:\/\/www.lebenswelt-schule.de\/#\/schema\/logo\/image\/","url":"https:\/\/www.lebenswelt-schule.de\/wp-content\/uploads\/2021\/01\/logo-briefkopf.jpg","contentUrl":"https:\/\/www.lebenswelt-schule.de\/wp-content\/uploads\/2021\/01\/logo-briefkopf.jpg","width":2442,"height":1638,"caption":"Lebenswelt Schule"},"image":{"@id":"https:\/\/www.lebenswelt-schule.de\/#\/schema\/logo\/image\/"},"sameAs":["https:\/\/www.facebook.com\/lebensweltschule"]}]}},"_links":{"self":[{"href":"https:\/\/www.lebenswelt-schule.de\/index.php\/wp-json\/wp\/v2\/pages\/76","targetHints":{"allow":["GET"]}}],"collection":[{"href":"https:\/\/www.lebenswelt-schule.de\/index.php\/wp-json\/wp\/v2\/pages"}],"about":[{"href":"https:\/\/www.lebenswelt-schule.de\/index.php\/wp-json\/wp\/v2\/types\/page"}],"author":[{"embeddable":true,"href":"https:\/\/www.lebenswelt-schule.de\/index.php\/wp-json\/wp\/v2\/users\/1"}],"replies":[{"embeddable":true,"href":"https:\/\/www.lebenswelt-schule.de\/index.php\/wp-json\/wp\/v2\/comments?post=76"}],"version-history":[{"count":12,"href":"https:\/\/www.lebenswelt-schule.de\/index.php\/wp-json\/wp\/v2\/pages\/76\/revisions"}],"predecessor-version":[{"id":1820,"href":"https:\/\/www.lebenswelt-schule.de\/index.php\/wp-json\/wp\/v2\/pages\/76\/revisions\/1820"}],"up":[{"embeddable":true,"href":"https:\/\/www.lebenswelt-schule.de\/index.php\/wp-json\/wp\/v2\/pages\/74"}],"wp:attachment":[{"href":"https:\/\/www.lebenswelt-schule.de\/index.php\/wp-json\/wp\/v2\/media?parent=76"}],"curies":[{"name":"wp","href":"https:\/\/api.w.org\/{rel}","templated":true}]}}