{"id":82,"date":"2020-10-06T10:46:12","date_gmt":"2020-10-06T08:46:12","guid":{"rendered":"http:\/\/lebenswelt-schule.webentwicklung.haus-der-edv.de\/?page_id=82"},"modified":"2024-04-02T09:54:54","modified_gmt":"2024-04-02T07:54:54","slug":"mitglied-werden","status":"publish","type":"page","link":"https:\/\/www.lebenswelt-schule.de\/index.php\/verein\/mitglied-werden\/","title":{"rendered":"Mitglied werden"},"content":{"rendered":"\n<p>F\u00fcr einen j\u00e4hrlichen Beitrag von 60,- EUR k\u00f6nnen Sie Mitglied in unserem Verein Lebenswelt Schule e.V. werden. <\/p>\n\n\n\n<p>F\u00fcllen sie einfach unseren Mitgliedsantrag aus und schicken sie uns per Post. Gem\u00e4\u00df unserer Satzung entscheidet dann der Vorstand \u00fcber die Aufnahme in unseren Verein.<\/p>\n\n\n\n<div class=\"wp-block-file\"><a id=\"wp-block-file--media-246889d8-a35d-4c23-b8c2-8931f2d4df77\" href=\"https:\/\/www.lebenswelt-schule.de\/wp-content\/uploads\/2024\/04\/Aufnahmeantrag_natuerliche_Person.pdf\">Aufnahmeantrag_nat\u00fcrliche_Person<\/a><a href=\"https:\/\/www.lebenswelt-schule.de\/wp-content\/uploads\/2024\/04\/Aufnahmeantrag_natuerliche_Person.pdf\" class=\"wp-block-file__button wp-element-button\" download aria-describedby=\"wp-block-file--media-246889d8-a35d-4c23-b8c2-8931f2d4df77\">Herunterladen<\/a><\/div>\n\n\n\n<div class=\"wp-block-file\"><a id=\"wp-block-file--media-369b6c47-21ee-424f-b269-4242adf6cad2\" href=\"https:\/\/www.lebenswelt-schule.de\/wp-content\/uploads\/2024\/04\/Aufnahmeantrag_juristische_Person.pdf\">Aufnahmeantrag_juristische_Person<\/a><a href=\"https:\/\/www.lebenswelt-schule.de\/wp-content\/uploads\/2024\/04\/Aufnahmeantrag_juristische_Person.pdf\" class=\"wp-block-file__button wp-element-button\" download aria-describedby=\"wp-block-file--media-369b6c47-21ee-424f-b269-4242adf6cad2\">Herunterladen<\/a><\/div>\n\n\n\n<p>Wir freuen uns \u00fcber jede helfende Hand.<\/p>\n","protected":false},"excerpt":{"rendered":"<p>F\u00fcr einen j\u00e4hrlichen Beitrag von 60,- EUR k\u00f6nnen Sie Mitglied in unserem Verein Lebenswelt Schule e.V. werden. F\u00fcllen sie einfach unseren Mitgliedsantrag aus und schicken sie uns per Post. Gem\u00e4\u00df unserer Satzung entscheidet dann der Vorstand \u00fcber die Aufnahme in unseren Verein. Wir freuen uns \u00fcber jede helfende Hand.<\/p>\n","protected":false},"author":1,"featured_media":0,"parent":74,"menu_order":0,"comment_status":"closed","ping_status":"closed","template":"","meta":{"_themeisle_gutenberg_block_has_review":false,"footnotes":""},"class_list":["post-82","page","type-page","status-publish","hentry"],"yoast_head":"<!-- This site is optimized with the Yoast SEO plugin v26.9 - https:\/\/yoast.com\/product\/yoast-seo-wordpress\/ -->\n<title>Mitglied werden - Lebenswelt Schule<\/title>\n<meta name=\"robots\" content=\"index, follow, max-snippet:-1, max-image-preview:large, max-video-preview:-1\" \/>\n<link rel=\"canonical\" href=\"https:\/\/www.lebenswelt-schule.de\/index.php\/verein\/mitglied-werden\/\" \/>\n<meta property=\"og:locale\" content=\"de_DE\" \/>\n<meta property=\"og:type\" content=\"article\" \/>\n<meta property=\"og:title\" content=\"Mitglied werden - Lebenswelt Schule\" \/>\n<meta property=\"og:description\" content=\"F\u00fcr einen j\u00e4hrlichen Beitrag von 60,- EUR k\u00f6nnen Sie Mitglied in unserem Verein Lebenswelt Schule e.V. werden. F\u00fcllen sie einfach unseren Mitgliedsantrag aus und schicken sie uns per Post. Gem\u00e4\u00df unserer Satzung entscheidet dann der Vorstand \u00fcber die Aufnahme in unseren Verein. Wir freuen uns \u00fcber jede helfende Hand.\" \/>\n<meta property=\"og:url\" content=\"https:\/\/www.lebenswelt-schule.de\/index.php\/verein\/mitglied-werden\/\" \/>\n<meta property=\"og:site_name\" content=\"Lebenswelt Schule\" \/>\n<meta property=\"article:publisher\" content=\"https:\/\/www.facebook.com\/lebensweltschule\" \/>\n<meta property=\"article:modified_time\" content=\"2024-04-02T07:54:54+00:00\" \/>\n<meta name=\"twitter:card\" content=\"summary_large_image\" \/>\n<meta name=\"twitter:label1\" content=\"Gesch\u00e4tzte Lesezeit\" \/>\n\t<meta name=\"twitter:data1\" content=\"1\u00a0Minute\" \/>\n<script type=\"application\/ld+json\" class=\"yoast-schema-graph\">{\"@context\":\"https:\/\/schema.org\",\"@graph\":[{\"@type\":\"WebPage\",\"@id\":\"https:\/\/www.lebenswelt-schule.de\/index.php\/verein\/mitglied-werden\/\",\"url\":\"https:\/\/www.lebenswelt-schule.de\/index.php\/verein\/mitglied-werden\/\",\"name\":\"Mitglied werden - Lebenswelt Schule\",\"isPartOf\":{\"@id\":\"https:\/\/www.lebenswelt-schule.de\/#website\"},\"datePublished\":\"2020-10-06T08:46:12+00:00\",\"dateModified\":\"2024-04-02T07:54:54+00:00\",\"breadcrumb\":{\"@id\":\"https:\/\/www.lebenswelt-schule.de\/index.php\/verein\/mitglied-werden\/#breadcrumb\"},\"inLanguage\":\"de\",\"potentialAction\":[{\"@type\":\"ReadAction\",\"target\":[\"https:\/\/www.lebenswelt-schule.de\/index.php\/verein\/mitglied-werden\/\"]}]},{\"@type\":\"BreadcrumbList\",\"@id\":\"https:\/\/www.lebenswelt-schule.de\/index.php\/verein\/mitglied-werden\/#breadcrumb\",\"itemListElement\":[{\"@type\":\"ListItem\",\"position\":1,\"name\":\"Home\",\"item\":\"https:\/\/www.lebenswelt-schule.de\/\"},{\"@type\":\"ListItem\",\"position\":2,\"name\":\"Verein\",\"item\":\"https:\/\/www.lebenswelt-schule.de\/index.php\/verein\/\"},{\"@type\":\"ListItem\",\"position\":3,\"name\":\"Mitglied werden\"}]},{\"@type\":\"WebSite\",\"@id\":\"https:\/\/www.lebenswelt-schule.de\/#website\",\"url\":\"https:\/\/www.lebenswelt-schule.de\/\",\"name\":\"Lebenswelt Schule\",\"description\":\"Christliche Montessori-Ganztagsschule staatlich anerkannte Ersatzschule\",\"publisher\":{\"@id\":\"https:\/\/www.lebenswelt-schule.de\/#organization\"},\"potentialAction\":[{\"@type\":\"SearchAction\",\"target\":{\"@type\":\"EntryPoint\",\"urlTemplate\":\"https:\/\/www.lebenswelt-schule.de\/?s={search_term_string}\"},\"query-input\":{\"@type\":\"PropertyValueSpecification\",\"valueRequired\":true,\"valueName\":\"search_term_string\"}}],\"inLanguage\":\"de\"},{\"@type\":\"Organization\",\"@id\":\"https:\/\/www.lebenswelt-schule.de\/#organization\",\"name\":\"Lebenswelt Schule\",\"url\":\"https:\/\/www.lebenswelt-schule.de\/\",\"logo\":{\"@type\":\"ImageObject\",\"inLanguage\":\"de\",\"@id\":\"https:\/\/www.lebenswelt-schule.de\/#\/schema\/logo\/image\/\",\"url\":\"https:\/\/www.lebenswelt-schule.de\/wp-content\/uploads\/2021\/01\/logo-briefkopf.jpg\",\"contentUrl\":\"https:\/\/www.lebenswelt-schule.de\/wp-content\/uploads\/2021\/01\/logo-briefkopf.jpg\",\"width\":2442,\"height\":1638,\"caption\":\"Lebenswelt Schule\"},\"image\":{\"@id\":\"https:\/\/www.lebenswelt-schule.de\/#\/schema\/logo\/image\/\"},\"sameAs\":[\"https:\/\/www.facebook.com\/lebensweltschule\"]}]}<\/script>\n<!-- \/ Yoast SEO plugin. -->","yoast_head_json":{"title":"Mitglied werden - Lebenswelt Schule","robots":{"index":"index","follow":"follow","max-snippet":"max-snippet:-1","max-image-preview":"max-image-preview:large","max-video-preview":"max-video-preview:-1"},"canonical":"https:\/\/www.lebenswelt-schule.de\/index.php\/verein\/mitglied-werden\/","og_locale":"de_DE","og_type":"article","og_title":"Mitglied werden - Lebenswelt Schule","og_description":"F\u00fcr einen j\u00e4hrlichen Beitrag von 60,- EUR k\u00f6nnen Sie Mitglied in unserem Verein Lebenswelt Schule e.V. werden. F\u00fcllen sie einfach unseren Mitgliedsantrag aus und schicken sie uns per Post. Gem\u00e4\u00df unserer Satzung entscheidet dann der Vorstand \u00fcber die Aufnahme in unseren Verein. Wir freuen uns \u00fcber jede helfende Hand.","og_url":"https:\/\/www.lebenswelt-schule.de\/index.php\/verein\/mitglied-werden\/","og_site_name":"Lebenswelt Schule","article_publisher":"https:\/\/www.facebook.com\/lebensweltschule","article_modified_time":"2024-04-02T07:54:54+00:00","twitter_card":"summary_large_image","twitter_misc":{"Gesch\u00e4tzte Lesezeit":"1\u00a0Minute"},"schema":{"@context":"https:\/\/schema.org","@graph":[{"@type":"WebPage","@id":"https:\/\/www.lebenswelt-schule.de\/index.php\/verein\/mitglied-werden\/","url":"https:\/\/www.lebenswelt-schule.de\/index.php\/verein\/mitglied-werden\/","name":"Mitglied werden - Lebenswelt Schule","isPartOf":{"@id":"https:\/\/www.lebenswelt-schule.de\/#website"},"datePublished":"2020-10-06T08:46:12+00:00","dateModified":"2024-04-02T07:54:54+00:00","breadcrumb":{"@id":"https:\/\/www.lebenswelt-schule.de\/index.php\/verein\/mitglied-werden\/#breadcrumb"},"inLanguage":"de","potentialAction":[{"@type":"ReadAction","target":["https:\/\/www.lebenswelt-schule.de\/index.php\/verein\/mitglied-werden\/"]}]},{"@type":"BreadcrumbList","@id":"https:\/\/www.lebenswelt-schule.de\/index.php\/verein\/mitglied-werden\/#breadcrumb","itemListElement":[{"@type":"ListItem","position":1,"name":"Home","item":"https:\/\/www.lebenswelt-schule.de\/"},{"@type":"ListItem","position":2,"name":"Verein","item":"https:\/\/www.lebenswelt-schule.de\/index.php\/verein\/"},{"@type":"ListItem","position":3,"name":"Mitglied werden"}]},{"@type":"WebSite","@id":"https:\/\/www.lebenswelt-schule.de\/#website","url":"https:\/\/www.lebenswelt-schule.de\/","name":"Lebenswelt Schule","description":"Christliche Montessori-Ganztagsschule staatlich anerkannte Ersatzschule","publisher":{"@id":"https:\/\/www.lebenswelt-schule.de\/#organization"},"potentialAction":[{"@type":"SearchAction","target":{"@type":"EntryPoint","urlTemplate":"https:\/\/www.lebenswelt-schule.de\/?s={search_term_string}"},"query-input":{"@type":"PropertyValueSpecification","valueRequired":true,"valueName":"search_term_string"}}],"inLanguage":"de"},{"@type":"Organization","@id":"https:\/\/www.lebenswelt-schule.de\/#organization","name":"Lebenswelt Schule","url":"https:\/\/www.lebenswelt-schule.de\/","logo":{"@type":"ImageObject","inLanguage":"de","@id":"https:\/\/www.lebenswelt-schule.de\/#\/schema\/logo\/image\/","url":"https:\/\/www.lebenswelt-schule.de\/wp-content\/uploads\/2021\/01\/logo-briefkopf.jpg","contentUrl":"https:\/\/www.lebenswelt-schule.de\/wp-content\/uploads\/2021\/01\/logo-briefkopf.jpg","width":2442,"height":1638,"caption":"Lebenswelt Schule"},"image":{"@id":"https:\/\/www.lebenswelt-schule.de\/#\/schema\/logo\/image\/"},"sameAs":["https:\/\/www.facebook.com\/lebensweltschule"]}]}},"_links":{"self":[{"href":"https:\/\/www.lebenswelt-schule.de\/index.php\/wp-json\/wp\/v2\/pages\/82","targetHints":{"allow":["GET"]}}],"collection":[{"href":"https:\/\/www.lebenswelt-schule.de\/index.php\/wp-json\/wp\/v2\/pages"}],"about":[{"href":"https:\/\/www.lebenswelt-schule.de\/index.php\/wp-json\/wp\/v2\/types\/page"}],"author":[{"embeddable":true,"href":"https:\/\/www.lebenswelt-schule.de\/index.php\/wp-json\/wp\/v2\/users\/1"}],"replies":[{"embeddable":true,"href":"https:\/\/www.lebenswelt-schule.de\/index.php\/wp-json\/wp\/v2\/comments?post=82"}],"version-history":[{"count":3,"href":"https:\/\/www.lebenswelt-schule.de\/index.php\/wp-json\/wp\/v2\/pages\/82\/revisions"}],"predecessor-version":[{"id":1687,"href":"https:\/\/www.lebenswelt-schule.de\/index.php\/wp-json\/wp\/v2\/pages\/82\/revisions\/1687"}],"up":[{"embeddable":true,"href":"https:\/\/www.lebenswelt-schule.de\/index.php\/wp-json\/wp\/v2\/pages\/74"}],"wp:attachment":[{"href":"https:\/\/www.lebenswelt-schule.de\/index.php\/wp-json\/wp\/v2\/media?parent=82"}],"curies":[{"name":"wp","href":"https:\/\/api.w.org\/{rel}","templated":true}]}}