{"id":88,"date":"2020-05-14T10:47:00","date_gmt":"2020-05-14T08:47:00","guid":{"rendered":"http:\/\/lebenswelt-schule.webentwicklung.haus-der-edv.de\/?page_id=88"},"modified":"2025-10-21T10:17:36","modified_gmt":"2025-10-21T08:17:36","slug":"stellenangebot","status":"publish","type":"page","link":"https:\/\/www.lebenswelt-schule.de\/index.php\/lebenswelt-team\/stellenangebot\/","title":{"rendered":"Stellenangebote"},"content":{"rendered":"\n<p>Werden Sie Teil unseres Teams! <\/p>\n\n\n\n<p>Hier finden Sie unsere aktuellen Stellenangebote. <\/p>\n\n\n\n<p>Zum 01.12.2025 ist im <strong>Lebenswelt Schulhort eine Stelle als Erzieher\/Heilp\u00e4dagoge <\/strong>(m\/w\/d) frei. Bewerben Sie sich <strong>bis zum 15.11.2025, <\/strong>bei info@lebenswelt-schule.de mit einem aussagekr\u00e4ftigen Anschreiben und den \u00fcblichen Bewerbungsunterlagen, wenn Sie interesse haben. <\/p>\n\n\n\n<div class=\"wp-block-file\"><a id=\"wp-block-file--media-97499a23-bb0c-4658-a1e0-ced3c3ab31cd\" href=\"https:\/\/www.lebenswelt-schule.de\/wp-content\/uploads\/2025\/10\/Stellenausschreibung-Erzieher_Heilpaedagoge.pdf\">Stellenausschreibung-Erzieher_Heilpaedagoge<\/a><a href=\"https:\/\/www.lebenswelt-schule.de\/wp-content\/uploads\/2025\/10\/Stellenausschreibung-Erzieher_Heilpaedagoge.pdf\" class=\"wp-block-file__button wp-element-button\" download aria-describedby=\"wp-block-file--media-97499a23-bb0c-4658-a1e0-ced3c3ab31cd\">Herunterladen<\/a><\/div>\n\n\n\n<hr class=\"wp-block-separator has-alpha-channel-opacity\"\/>\n\n\n\n<p><strong>DRINGEND GESUCHT:<\/strong><\/p>\n\n\n\n<p>Mit Beginn des Schuljahres 2025\/2026 suchen wir zwei<strong> Freiwillige <\/strong>(m\/w\/d). Diese beiden Stellen werden mit je einem Platz im Bereich Schule und Hort angeboten. Sehen Sie sich unsere Ausschreibung gern an:<\/p>\n\n\n\n<div class=\"wp-block-file\"><a id=\"wp-block-file--media-cd89deef-44b6-4af9-abcc-7b1010b93f9c\" href=\"https:\/\/www.lebenswelt-schule.de\/wp-content\/uploads\/2025\/02\/Ausschreibung-Freiwilligendienst-2025.pdf\">Ausschreibung-Freiwilligendienst-2025<\/a><a href=\"https:\/\/www.lebenswelt-schule.de\/wp-content\/uploads\/2025\/02\/Ausschreibung-Freiwilligendienst-2025.pdf\" class=\"wp-block-file__button wp-element-button\" download aria-describedby=\"wp-block-file--media-cd89deef-44b6-4af9-abcc-7b1010b93f9c\">Herunterladen<\/a><\/div>\n\n\n\n<p>Bewerben Sie sich bitte umgehend, wenn Sie Interesse an dieser Stelle haben.<\/p>\n\n\n\n<hr class=\"wp-block-separator has-alpha-channel-opacity\"\/>\n\n\n\n<p>Wenn Sie bei uns ein Praktikum im Rahmen Ihrer beruflichen Ausbildung durchf\u00fchren m\u00f6chten, schreiben Sie bitte mit einem aussagekr\u00e4ftigen Anschreiben und den \u00fcblichen Bewerbungsunterlagen an info@lebenswelt-schule.de .<\/p>\n","protected":false},"excerpt":{"rendered":"<p>Werden Sie Teil unseres Teams! Hier finden Sie unsere aktuellen Stellenangebote. Zum 01.12.2025 ist im Lebenswelt Schulhort eine Stelle als Erzieher\/Heilp\u00e4dagoge (m\/w\/d) frei. Bewerben Sie sich bis zum 15.11.2025, bei info@lebenswelt-schule.de mit einem aussagekr\u00e4ftigen Anschreiben und den \u00fcblichen Bewerbungsunterlagen, wenn Sie interesse haben. DRINGEND GESUCHT: Mit Beginn des Schuljahres 2025\/2026 suchen wir zwei Freiwillige (m\/w\/d).<a href=\"https:\/\/www.lebenswelt-schule.de\/index.php\/lebenswelt-team\/stellenangebot\/\">[&#8230;]<\/a><\/p>\n","protected":false},"author":1,"featured_media":0,"parent":307,"menu_order":0,"comment_status":"closed","ping_status":"closed","template":"","meta":{"_themeisle_gutenberg_block_has_review":false,"footnotes":""},"class_list":["post-88","page","type-page","status-publish","hentry"],"yoast_head":"<!-- This site is optimized with the Yoast SEO plugin v26.9 - https:\/\/yoast.com\/product\/yoast-seo-wordpress\/ -->\n<title>Stellenangebote - Lebenswelt Schule<\/title>\n<meta name=\"description\" content=\"Zum 01.12.2025 ist im Lebenswelt Schulhort eine 15h Stelle als Erzieher\/Heilp\u00e4dagoge (m\/w\/d) frei. Bewerben Sie sich bis zum 15.11.2025!\" \/>\n<meta name=\"robots\" content=\"index, follow, max-snippet:-1, max-image-preview:large, max-video-preview:-1\" \/>\n<link rel=\"canonical\" href=\"https:\/\/www.lebenswelt-schule.de\/index.php\/lebenswelt-team\/stellenangebot\/\" \/>\n<meta property=\"og:locale\" content=\"de_DE\" \/>\n<meta property=\"og:type\" content=\"article\" \/>\n<meta property=\"og:title\" content=\"Stellenangebote - Lebenswelt Schule\" \/>\n<meta property=\"og:description\" content=\"Zum 01.12.2025 ist im Lebenswelt Schulhort eine 15h Stelle als Erzieher\/Heilp\u00e4dagoge (m\/w\/d) frei. Bewerben Sie sich bis zum 15.11.2025!\" \/>\n<meta property=\"og:url\" content=\"https:\/\/www.lebenswelt-schule.de\/index.php\/lebenswelt-team\/stellenangebot\/\" \/>\n<meta property=\"og:site_name\" content=\"Lebenswelt Schule\" \/>\n<meta property=\"article:publisher\" content=\"https:\/\/www.facebook.com\/lebensweltschule\" \/>\n<meta property=\"article:modified_time\" content=\"2025-10-21T08:17:36+00:00\" \/>\n<meta name=\"twitter:card\" content=\"summary_large_image\" \/>\n<meta name=\"twitter:label1\" content=\"Gesch\u00e4tzte Lesezeit\" \/>\n\t<meta name=\"twitter:data1\" content=\"1\u00a0Minute\" \/>\n<script type=\"application\/ld+json\" class=\"yoast-schema-graph\">{\"@context\":\"https:\/\/schema.org\",\"@graph\":[{\"@type\":\"WebPage\",\"@id\":\"https:\/\/www.lebenswelt-schule.de\/index.php\/lebenswelt-team\/stellenangebot\/\",\"url\":\"https:\/\/www.lebenswelt-schule.de\/index.php\/lebenswelt-team\/stellenangebot\/\",\"name\":\"Stellenangebote - Lebenswelt Schule\",\"isPartOf\":{\"@id\":\"https:\/\/www.lebenswelt-schule.de\/#website\"},\"datePublished\":\"2020-05-14T08:47:00+00:00\",\"dateModified\":\"2025-10-21T08:17:36+00:00\",\"description\":\"Zum 01.12.2025 ist im Lebenswelt Schulhort eine 15h Stelle als Erzieher\/Heilp\u00e4dagoge (m\/w\/d) frei. Bewerben Sie sich bis zum 15.11.2025!\",\"breadcrumb\":{\"@id\":\"https:\/\/www.lebenswelt-schule.de\/index.php\/lebenswelt-team\/stellenangebot\/#breadcrumb\"},\"inLanguage\":\"de\",\"potentialAction\":[{\"@type\":\"ReadAction\",\"target\":[\"https:\/\/www.lebenswelt-schule.de\/index.php\/lebenswelt-team\/stellenangebot\/\"]}]},{\"@type\":\"BreadcrumbList\",\"@id\":\"https:\/\/www.lebenswelt-schule.de\/index.php\/lebenswelt-team\/stellenangebot\/#breadcrumb\",\"itemListElement\":[{\"@type\":\"ListItem\",\"position\":1,\"name\":\"Home\",\"item\":\"https:\/\/www.lebenswelt-schule.de\/\"},{\"@type\":\"ListItem\",\"position\":2,\"name\":\"Team\",\"item\":\"https:\/\/www.lebenswelt-schule.de\/index.php\/lebenswelt-team\/\"},{\"@type\":\"ListItem\",\"position\":3,\"name\":\"Stellenangebote\"}]},{\"@type\":\"WebSite\",\"@id\":\"https:\/\/www.lebenswelt-schule.de\/#website\",\"url\":\"https:\/\/www.lebenswelt-schule.de\/\",\"name\":\"Lebenswelt Schule\",\"description\":\"Christliche Montessori-Ganztagsschule staatlich anerkannte Ersatzschule\",\"publisher\":{\"@id\":\"https:\/\/www.lebenswelt-schule.de\/#organization\"},\"potentialAction\":[{\"@type\":\"SearchAction\",\"target\":{\"@type\":\"EntryPoint\",\"urlTemplate\":\"https:\/\/www.lebenswelt-schule.de\/?s={search_term_string}\"},\"query-input\":{\"@type\":\"PropertyValueSpecification\",\"valueRequired\":true,\"valueName\":\"search_term_string\"}}],\"inLanguage\":\"de\"},{\"@type\":\"Organization\",\"@id\":\"https:\/\/www.lebenswelt-schule.de\/#organization\",\"name\":\"Lebenswelt Schule\",\"url\":\"https:\/\/www.lebenswelt-schule.de\/\",\"logo\":{\"@type\":\"ImageObject\",\"inLanguage\":\"de\",\"@id\":\"https:\/\/www.lebenswelt-schule.de\/#\/schema\/logo\/image\/\",\"url\":\"https:\/\/www.lebenswelt-schule.de\/wp-content\/uploads\/2021\/01\/logo-briefkopf.jpg\",\"contentUrl\":\"https:\/\/www.lebenswelt-schule.de\/wp-content\/uploads\/2021\/01\/logo-briefkopf.jpg\",\"width\":2442,\"height\":1638,\"caption\":\"Lebenswelt Schule\"},\"image\":{\"@id\":\"https:\/\/www.lebenswelt-schule.de\/#\/schema\/logo\/image\/\"},\"sameAs\":[\"https:\/\/www.facebook.com\/lebensweltschule\"]}]}<\/script>\n<!-- \/ Yoast SEO plugin. -->","yoast_head_json":{"title":"Stellenangebote - Lebenswelt Schule","description":"Zum 01.12.2025 ist im Lebenswelt Schulhort eine 15h Stelle als Erzieher\/Heilp\u00e4dagoge (m\/w\/d) frei. Bewerben Sie sich bis zum 15.11.2025!","robots":{"index":"index","follow":"follow","max-snippet":"max-snippet:-1","max-image-preview":"max-image-preview:large","max-video-preview":"max-video-preview:-1"},"canonical":"https:\/\/www.lebenswelt-schule.de\/index.php\/lebenswelt-team\/stellenangebot\/","og_locale":"de_DE","og_type":"article","og_title":"Stellenangebote - Lebenswelt Schule","og_description":"Zum 01.12.2025 ist im Lebenswelt Schulhort eine 15h Stelle als Erzieher\/Heilp\u00e4dagoge (m\/w\/d) frei. Bewerben Sie sich bis zum 15.11.2025!","og_url":"https:\/\/www.lebenswelt-schule.de\/index.php\/lebenswelt-team\/stellenangebot\/","og_site_name":"Lebenswelt Schule","article_publisher":"https:\/\/www.facebook.com\/lebensweltschule","article_modified_time":"2025-10-21T08:17:36+00:00","twitter_card":"summary_large_image","twitter_misc":{"Gesch\u00e4tzte Lesezeit":"1\u00a0Minute"},"schema":{"@context":"https:\/\/schema.org","@graph":[{"@type":"WebPage","@id":"https:\/\/www.lebenswelt-schule.de\/index.php\/lebenswelt-team\/stellenangebot\/","url":"https:\/\/www.lebenswelt-schule.de\/index.php\/lebenswelt-team\/stellenangebot\/","name":"Stellenangebote - Lebenswelt Schule","isPartOf":{"@id":"https:\/\/www.lebenswelt-schule.de\/#website"},"datePublished":"2020-05-14T08:47:00+00:00","dateModified":"2025-10-21T08:17:36+00:00","description":"Zum 01.12.2025 ist im Lebenswelt Schulhort eine 15h Stelle als Erzieher\/Heilp\u00e4dagoge (m\/w\/d) frei. Bewerben Sie sich bis zum 15.11.2025!","breadcrumb":{"@id":"https:\/\/www.lebenswelt-schule.de\/index.php\/lebenswelt-team\/stellenangebot\/#breadcrumb"},"inLanguage":"de","potentialAction":[{"@type":"ReadAction","target":["https:\/\/www.lebenswelt-schule.de\/index.php\/lebenswelt-team\/stellenangebot\/"]}]},{"@type":"BreadcrumbList","@id":"https:\/\/www.lebenswelt-schule.de\/index.php\/lebenswelt-team\/stellenangebot\/#breadcrumb","itemListElement":[{"@type":"ListItem","position":1,"name":"Home","item":"https:\/\/www.lebenswelt-schule.de\/"},{"@type":"ListItem","position":2,"name":"Team","item":"https:\/\/www.lebenswelt-schule.de\/index.php\/lebenswelt-team\/"},{"@type":"ListItem","position":3,"name":"Stellenangebote"}]},{"@type":"WebSite","@id":"https:\/\/www.lebenswelt-schule.de\/#website","url":"https:\/\/www.lebenswelt-schule.de\/","name":"Lebenswelt Schule","description":"Christliche Montessori-Ganztagsschule staatlich anerkannte Ersatzschule","publisher":{"@id":"https:\/\/www.lebenswelt-schule.de\/#organization"},"potentialAction":[{"@type":"SearchAction","target":{"@type":"EntryPoint","urlTemplate":"https:\/\/www.lebenswelt-schule.de\/?s={search_term_string}"},"query-input":{"@type":"PropertyValueSpecification","valueRequired":true,"valueName":"search_term_string"}}],"inLanguage":"de"},{"@type":"Organization","@id":"https:\/\/www.lebenswelt-schule.de\/#organization","name":"Lebenswelt Schule","url":"https:\/\/www.lebenswelt-schule.de\/","logo":{"@type":"ImageObject","inLanguage":"de","@id":"https:\/\/www.lebenswelt-schule.de\/#\/schema\/logo\/image\/","url":"https:\/\/www.lebenswelt-schule.de\/wp-content\/uploads\/2021\/01\/logo-briefkopf.jpg","contentUrl":"https:\/\/www.lebenswelt-schule.de\/wp-content\/uploads\/2021\/01\/logo-briefkopf.jpg","width":2442,"height":1638,"caption":"Lebenswelt Schule"},"image":{"@id":"https:\/\/www.lebenswelt-schule.de\/#\/schema\/logo\/image\/"},"sameAs":["https:\/\/www.facebook.com\/lebensweltschule"]}]}},"_links":{"self":[{"href":"https:\/\/www.lebenswelt-schule.de\/index.php\/wp-json\/wp\/v2\/pages\/88","targetHints":{"allow":["GET"]}}],"collection":[{"href":"https:\/\/www.lebenswelt-schule.de\/index.php\/wp-json\/wp\/v2\/pages"}],"about":[{"href":"https:\/\/www.lebenswelt-schule.de\/index.php\/wp-json\/wp\/v2\/types\/page"}],"author":[{"embeddable":true,"href":"https:\/\/www.lebenswelt-schule.de\/index.php\/wp-json\/wp\/v2\/users\/1"}],"replies":[{"embeddable":true,"href":"https:\/\/www.lebenswelt-schule.de\/index.php\/wp-json\/wp\/v2\/comments?post=88"}],"version-history":[{"count":26,"href":"https:\/\/www.lebenswelt-schule.de\/index.php\/wp-json\/wp\/v2\/pages\/88\/revisions"}],"predecessor-version":[{"id":1802,"href":"https:\/\/www.lebenswelt-schule.de\/index.php\/wp-json\/wp\/v2\/pages\/88\/revisions\/1802"}],"up":[{"embeddable":true,"href":"https:\/\/www.lebenswelt-schule.de\/index.php\/wp-json\/wp\/v2\/pages\/307"}],"wp:attachment":[{"href":"https:\/\/www.lebenswelt-schule.de\/index.php\/wp-json\/wp\/v2\/media?parent=88"}],"curies":[{"name":"wp","href":"https:\/\/api.w.org\/{rel}","templated":true}]}}